{"id":28071,"date":"2022-01-07T18:09:09","date_gmt":"2022-01-07T18:09:09","guid":{"rendered":"https:\/\/www.filex.nl\/product\/rol-cable-eater-30\/"},"modified":"2024-10-18T15:41:32","modified_gmt":"2024-10-18T15:41:32","slug":"rolle-kabelbuendelschlauch-30","status":"publish","type":"product","link":"https:\/\/www.filex.nl\/de\/produkt\/rolle-kabelbuendelschlauch-30\/","title":{"rendered":"Rolle Kabelb\u00fcndelschlauch 30"},"content":{"rendered":"<p>Der Kabelb\u00fcndelschlauch Filex Cable Eater (exklusive Einziehhilfe). Einfach zu installierender Spiralschlauch f\u00fcr ein B\u00fcndel Kabel. <\/p>\n<p>Wenn Sie diesen Kabelb\u00fcndelschlauch verwenden, machen Sie der Politik des aufger\u00e4umten Schreibtisches Ehre und haben keine Kabel mehr auf dem Fu\u00dfboden, \u00fcber die Sie stolpern k\u00f6nnen. Auch Ihre eigene Sicherheit und die Ihrer Mitarbeiter ist wichtig! <\/p>\n<p>Der Schlauch besteht aus robustem Polypropylen und eignet sich f\u00fcr alle Arten von Kabeln bis zu einem Kabelb\u00fcndel von 8 mm Durchschnitt. Gesamtdurchschnitt des Filex Cable Eater: 20 mm. <\/p>\n<p>Ihr gew\u00e4hlter Kabelb\u00fcndelschlauch ist 30 Meter lang. Sind Ihnen 30 Meter zu lang? Kein Problem. Der Spiralschlauch l\u00e4sst sich leicht in St\u00fccke schneiden, sodass Sie den Rest f\u00fcr den n\u00e4chsten Arbeitsplatz verwenden k\u00f6nnen! <\/p>\n<p>Bevorzugen Sie eine kurze Variante, weil Sie nicht so viel davon brauchen? Wir bieten auch Kabelb\u00fcndelschl\u00e4uche mit einer L\u00e4nge von 20 Metern an. <\/p>\n<p>Lieferbar in den Farben Schwarz, Wei\u00df und Silber. <\/p>\n<p>Tipp: Vergessen Sie nicht, die Einziehhilfe dazu zu bestellen, sodass Sie alle Kabel bequem in den Cable Eater einziehen k\u00f6nnen!<\/p>\n","protected":false},"excerpt":{"rendered":"<p>Der Kabelb\u00fcndelschlauch Filex Cable Eater! Wollen Sie auch einen sch\u00f6n aufger\u00e4umten Arbeitsplatz haben, wo keine Kabel mehr zu sehen sind? Das wirkt sonst nicht nur unordentlich, es birgt auch Gefahren f\u00fcr Sie selbst, Ihre Kunden oder Ihre Kollegen! Dieser Kabelb\u00fcndelschlauch sorgt daf\u00fcr, dass alle Kabel ordentlich zusammengefasst sind, und f\u00fcr ein aufger\u00e4umtes Arbeitsumfeld! Es stehen verschiedene L\u00e4ngen und Farben zur Verf\u00fcgung.<\/p>\n","protected":false},"featured_media":54748,"template":"","meta":{"_acf_changed":false},"product_brand":[],"product_cat":[592,2481],"product_tag":[],"class_list":{"0":"post-28071","1":"product","2":"type-product","3":"status-publish","4":"has-post-thumbnail","6":"product_cat-kabelfuhrung","7":"product_cat-kabelfresser","8":"pa_kleur-schwarz","9":"pa_kleur-silber","10":"pa_kleur-weiss","12":"first","13":"instock","14":"shipping-taxable","15":"purchasable","16":"product-type-variable","17":"has-default-attributes"},"acf":[],"_links":{"self":[{"href":"https:\/\/www.filex.nl\/de\/wp-json\/wp\/v2\/product\/28071","targetHints":{"allow":["GET"]}}],"collection":[{"href":"https:\/\/www.filex.nl\/de\/wp-json\/wp\/v2\/product"}],"about":[{"href":"https:\/\/www.filex.nl\/de\/wp-json\/wp\/v2\/types\/product"}],"wp:featuredmedia":[{"embeddable":true,"href":"https:\/\/www.filex.nl\/de\/wp-json\/wp\/v2\/media\/54748"}],"wp:attachment":[{"href":"https:\/\/www.filex.nl\/de\/wp-json\/wp\/v2\/media?parent=28071"}],"wp:term":[{"taxonomy":"product_brand","embeddable":true,"href":"https:\/\/www.filex.nl\/de\/wp-json\/wp\/v2\/product_brand?post=28071"},{"taxonomy":"product_cat","embeddable":true,"href":"https:\/\/www.filex.nl\/de\/wp-json\/wp\/v2\/product_cat?post=28071"},{"taxonomy":"product_tag","embeddable":true,"href":"https:\/\/www.filex.nl\/de\/wp-json\/wp\/v2\/product_tag?post=28071"}],"curies":[{"name":"wp","href":"https:\/\/api.w.org\/{rel}","templated":true}]}}