{"id":28110,"date":"2022-01-07T18:09:01","date_gmt":"2022-01-07T18:09:01","guid":{"rendered":"https:\/\/www.filex.nl\/product\/qi-power-spot-usb-extension-module\/"},"modified":"2024-10-18T15:41:35","modified_gmt":"2024-10-18T15:41:35","slug":"qi-power-spot-usb-erweiterungsmodul","status":"publish","type":"product","link":"https:\/\/www.filex.nl\/de\/produkt\/qi-power-spot-usb-erweiterungsmodul\/","title":{"rendered":"QI Power-Spot\u00ae USB-Erweiterungsmodul"},"content":{"rendered":"<p>Das Filex-USB-Erweiterungsmodul f\u00fcr den Filex QI Power-Spot\u00ae! Mit dieser Elektrifizierungseinheit haben Sie immer die passenden Anschl\u00fcsse zur Hand!<\/p>\n<p>Dieses USB-Erweiterungsmodul ist f\u00fcr Artikelnummer 681078 gedacht (Farbe: Wei\u00df). In diesem dazugeh\u00f6renden QI Power-Spot kann ein Keystone-Modul durch eines der einsetzbaren Filex-Module ersetzt werden. Achtung: Hier passen nur die Keystone-Module von Filex (siehe auch unsere anderen Filex-Module).<\/p>\n<p>Filex-Moduloptionen:<br \/>\n681083 &#8211; Filex-HDMI-Modul \u2013 Wei\u00df<br \/>\n681084 &#8211; Filex-HDMI-Modul \u2013 Schwarz<br \/>\n681081 &#8211; Filex-RJ45-Modul \u2013 Wei\u00df<br \/>\n681082 &#8211; Filex-RJ45-Modul \u2013 Schwarz<br \/>\n681085 &#8211; Filex-USB-Erweiterungsmodul \u2013 Wei\u00df<br \/>\n681086 &#8211; Filex-USB-Erweiterungsmodul \u2013 Schwarz.<\/p>\n<p>Nat\u00fcrlich ist diese Elektrifizierungseinheit CE-zertifiziert.<\/p>\n","protected":false},"excerpt":{"rendered":"<p>Die Filex-Module f\u00fcr den Filex QI Power-Spot\u00ae! Im eingebauten QI Power Spot\u00ae befindet sich ein Kabeldurchlass, den Sie problemlos durch eines unserer Filex-Module ersetzen k\u00f6nnen! Damit haben Sie die M\u00f6glichkeit, den Anschluss, der Ihnen noch fehlt, direkt zur Einheit hinzuzuf\u00fcgen! Sehen Sie sich unsere Optionen an!<\/p>\n","protected":false},"featured_media":15236,"template":"","meta":{"_acf_changed":false},"product_brand":[],"product_cat":[657,567],"product_tag":[],"class_list":{"0":"post-28110","1":"product","2":"type-product","3":"status-publish","4":"has-post-thumbnail","6":"product_cat-power-spot-elektrifizierung","7":"product_cat-elektrifizierung","8":"pa_kleur-schwarz","9":"pa_kleur-weiss","11":"first","12":"instock","13":"shipping-taxable","14":"purchasable","15":"product-type-variable","16":"has-default-attributes"},"acf":[],"_links":{"self":[{"href":"https:\/\/www.filex.nl\/de\/wp-json\/wp\/v2\/product\/28110","targetHints":{"allow":["GET"]}}],"collection":[{"href":"https:\/\/www.filex.nl\/de\/wp-json\/wp\/v2\/product"}],"about":[{"href":"https:\/\/www.filex.nl\/de\/wp-json\/wp\/v2\/types\/product"}],"wp:featuredmedia":[{"embeddable":true,"href":"https:\/\/www.filex.nl\/de\/wp-json\/wp\/v2\/media\/15236"}],"wp:attachment":[{"href":"https:\/\/www.filex.nl\/de\/wp-json\/wp\/v2\/media?parent=28110"}],"wp:term":[{"taxonomy":"product_brand","embeddable":true,"href":"https:\/\/www.filex.nl\/de\/wp-json\/wp\/v2\/product_brand?post=28110"},{"taxonomy":"product_cat","embeddable":true,"href":"https:\/\/www.filex.nl\/de\/wp-json\/wp\/v2\/product_cat?post=28110"},{"taxonomy":"product_tag","embeddable":true,"href":"https:\/\/www.filex.nl\/de\/wp-json\/wp\/v2\/product_tag?post=28110"}],"curies":[{"name":"wp","href":"https:\/\/api.w.org\/{rel}","templated":true}]}}