{"id":28119,"date":"2022-01-07T18:09:01","date_gmt":"2022-01-07T18:09:01","guid":{"rendered":"https:\/\/www.filex.nl\/product\/power-desk-insert-2x-230v-2x-usb-charger-1x-keystone\/"},"modified":"2025-04-30T09:37:25","modified_gmt":"2025-04-30T09:37:25","slug":"power-desk-insert-zwei-230v-steckdosen-2-usb-ladestellen-1-keystone-modul","status":"publish","type":"product","link":"https:\/\/www.filex.nl\/de\/produkt\/power-desk-insert-zwei-230v-steckdosen-2-usb-ladestellen-1-keystone-modul\/","title":{"rendered":"Power Desk Insert &#8211; zwei 230V-Steckdosen + 2 USB-Ladestellen + 1 Keystone-Modul"},"content":{"rendered":"<p>Der Power Desk Insert! Der Power Desk Insert ist das diskrete Einbaumodul mit schlanker und moderner Ausstrahlung! Das Ger\u00e4t f\u00fcgt sich schlank in den Schreibtisch, die Wand oder das M\u00f6belst\u00fcck ein. Unverzichtbar, wenn Sie sich f\u00fcr ein modernes Design mit entsprechenden modernen Anforderungen an die Elektrifizierung des Arbeitsplatzes entscheiden!<\/p>\n<p>Das Modul l\u00e4sst sich leicht montieren und kann dank seiner geringen Einbauh\u00f6he auch in den kleinsten R\u00e4umen eingebaut werden. Es ist standardm\u00e4\u00dfig mit einem festen Anschlusskabel mit einer L\u00e4nge von 50 cm und einem <span data-teams=\"true\">3-poliger Steckverbinder<\/span> am Ende ausgestattet. Wollen Sie das Modul an eine Steckdose anschlie\u00dfen? Sehen Sie sich f\u00fcr die passende L\u00e4nge an unser Sortiment von Anschlusskabeln!<\/p>\n<p>Die Einbaueinheit ist mit zwei 230V-Steckdosen, 2 USB-A-Ladestellen und 1 Keystone-Slot (2 freie Positionen) ausgestattet, die zum Beispiel f\u00fcr Datenkabel RJ 45, CAT 5 und CAT 6, USB 2.0\/3.0, USB-C, HDMI,oder VGA-Konnektoren verwendet oder als Kabeldurchf\u00fchrung genutzt werden k\u00f6nnen.<\/p>\n<p>Dank dieser Konfiguration steht Ihnen sowohl f\u00fcr Ihren Laptop als auch f\u00fcrs Telefon und andere Ger\u00e4te Strom zur Verf\u00fcgung! Nicht ganz unwichtig: Die Einbaueinheit Power Desk Insert ist selbstverst\u00e4ndlich CE-zertifiziert und jetzt au\u00dferdem T\u00dcV-zertifiziert! Bei uns stehen Sicherheit und Qualit\u00e4t an erster Stelle!<\/p>\n<p>Lieferbar in den Farben Schwarz mit Aluminium oder Wei\u00df mit Aluminium.<br \/>\nHinweis: Lieferung ohne Schrauben.<\/p>\n<p>Tipp: Sehen Sie sich auch unsere Keystone-Bl\u00f6cke f\u00fcr Ihren Keystone-Slot an! Wollen Sie diesen Slot lieber frei lassen? Das k\u00f6nnen Sie nat\u00fcrlich auch und stattdessen die serienm\u00e4\u00dfig mitgelieferte Blindplatte darin lassen.<\/p>\n","protected":false},"excerpt":{"rendered":"<p>Der Power Desk Insert! Die diskrete und moderne Elektrifizierungseinheit zum Einbauen, die Ihnen noch f\u00fcr Ihren Schreibtisch oder Konferenztisch fehlt! Dank seines schlankes Designs passt diese Einheit problemlos auch in Ihre Wand oder in jedes andere M\u00f6belst\u00fcck, und Sie haben immer die richtigen Anschl\u00fcsse parat!<\/p>\n","protected":false},"featured_media":53076,"template":"","meta":{"_acf_changed":false},"product_brand":[],"product_cat":[567,568],"product_tag":[],"class_list":{"0":"post-28119","1":"product","2":"type-product","3":"status-publish","4":"has-post-thumbnail","6":"product_cat-elektrifizierung","7":"product_cat-inbouw-de","8":"pa_kleur-schwarz-aluminium","9":"pa_kleur-weiss-aluminium","11":"first","12":"instock","13":"shipping-taxable","14":"purchasable","15":"product-type-variable","16":"has-default-attributes"},"acf":[],"_links":{"self":[{"href":"https:\/\/www.filex.nl\/de\/wp-json\/wp\/v2\/product\/28119","targetHints":{"allow":["GET"]}}],"collection":[{"href":"https:\/\/www.filex.nl\/de\/wp-json\/wp\/v2\/product"}],"about":[{"href":"https:\/\/www.filex.nl\/de\/wp-json\/wp\/v2\/types\/product"}],"wp:featuredmedia":[{"embeddable":true,"href":"https:\/\/www.filex.nl\/de\/wp-json\/wp\/v2\/media\/53076"}],"wp:attachment":[{"href":"https:\/\/www.filex.nl\/de\/wp-json\/wp\/v2\/media?parent=28119"}],"wp:term":[{"taxonomy":"product_brand","embeddable":true,"href":"https:\/\/www.filex.nl\/de\/wp-json\/wp\/v2\/product_brand?post=28119"},{"taxonomy":"product_cat","embeddable":true,"href":"https:\/\/www.filex.nl\/de\/wp-json\/wp\/v2\/product_cat?post=28119"},{"taxonomy":"product_tag","embeddable":true,"href":"https:\/\/www.filex.nl\/de\/wp-json\/wp\/v2\/product_tag?post=28119"}],"curies":[{"name":"wp","href":"https:\/\/api.w.org\/{rel}","templated":true}]}}