{"id":28132,"date":"2022-01-07T18:09:00","date_gmt":"2022-01-07T18:09:00","guid":{"rendered":"https:\/\/www.filex.nl\/product\/power-desk-in-2x-230v-1x-keystone\/"},"modified":"2025-04-30T09:38:49","modified_gmt":"2025-04-30T09:38:49","slug":"power-desk-in-zwei-230v-steckdosen-1-keystone-modul","status":"publish","type":"product","link":"https:\/\/www.filex.nl\/de\/produkt\/power-desk-in-zwei-230v-steckdosen-1-keystone-modul\/","title":{"rendered":"Power Desk In &#8211; zwei 230V-Steckdosen + 1 Keystone-Modul"},"content":{"rendered":"<p>Der Power Desk In! Die Elektrifizierungseinheit zum Einbauen mit moderner Ausstrahlung und einem benutzerfreundlichen Design! Sie haben sich f\u00fcr das Modul mit 2 Stromanschl\u00fcssen und 1 Keystone-Slot entschieden, worin Sie sogar 2 Keystone-Module einsetzen k\u00f6nnen!<\/p>\n<p>Das Desk-In-Einbaumodul kann problemlos in Ihren Schreibtisch eingelassen werden, sodass Sie eine geradlinige L\u00f6sung f\u00fcr die ben\u00f6tigten Anschl\u00fcsse haben. Der Desk-In hat eine Abdeckklappe, die sich mit einem einfachen Fingerdruck leicht und stufenlos \u00f6ffnen oder schlie\u00dfen l\u00e4sst.<\/p>\n<p>Das Modul l\u00e4sst sich leicht montieren und hat ein festes Anschlusskabel mit einer L\u00e4nge von 1 Meter und einem <span data-teams=\"true\">3-poliger Steckverbinder<\/span> am Ende. Die Einbaueinheit ist mit zwei 230V-Steckdosen und 1 Keystone-Slot (2 freie Positionen) ausgestattet, die zum Beispiel f\u00fcr Datenkabel RJ 45, CAT 5 und CAT 6, USB 2.0\/3.0, USB-C, HDMI oder VGA-Konnektoren verwendet oder als Kabeldurchf\u00fchrung genutzt werden k\u00f6nnen (Tischplattenst\u00e4rke: max. 58 mm).<\/p>\n<p>Dank dieser Konfiguration steht Ihnen sowohl f\u00fcr Ihren Laptop als auch f\u00fcrs Telefon und andere Ger\u00e4te Strom zur Verf\u00fcgung! Nicht ganz unwichtig: Die Einbaueinheit Power Desk In ist selbstverst\u00e4ndlich CE-zertifiziert und jetzt au\u00dferdem T\u00dcV-zertifiziert! Bei uns stehen Sicherheit und Qualit\u00e4t an erster Stelle!<\/p>\n<p>Lieferbar in den Farben Schwarz, Wei\u00df und Edelstahl.<br \/>\nTipp: Sehen Sie sich auch unsere Keystone-Bl\u00f6cke f\u00fcr Ihren Keystone-Slot an! Wollen Sie diesen Slot lieber frei lassen? Das k\u00f6nnen Sie nat\u00fcrlich auch und stattdessen die serienm\u00e4\u00dfig mitgelieferte Blindplatte darin lassen.<\/p>\n","protected":false},"excerpt":{"rendered":"<p>Der Power Desk In! Eine tolle L\u00f6sung f\u00fcr alle notwendigen Anschl\u00fcsse am Arbeitsplatz oder Konferenztisch, die gut versteckt sind, wenn Sie sie nicht benutzen! Mithilfe der Keystone-Module k\u00f6nnen Sie jeden weiteren Anschluss hinzuf\u00fcgen, der Ihnen noch fehlt!<\/p>\n","protected":false},"featured_media":35761,"template":"","meta":{"_acf_changed":false},"product_brand":[],"product_cat":[632,567],"product_tag":[],"class_list":{"0":"post-28132","1":"product","2":"type-product","3":"status-publish","4":"has-post-thumbnail","6":"product_cat-desk-in-elektrifizierung","7":"product_cat-elektrifizierung","8":"pa_kleur-inox-rvs-de","9":"pa_kleur-weiss","11":"first","12":"instock","13":"shipping-taxable","14":"purchasable","15":"product-type-variable","16":"has-default-attributes"},"acf":[],"_links":{"self":[{"href":"https:\/\/www.filex.nl\/de\/wp-json\/wp\/v2\/product\/28132","targetHints":{"allow":["GET"]}}],"collection":[{"href":"https:\/\/www.filex.nl\/de\/wp-json\/wp\/v2\/product"}],"about":[{"href":"https:\/\/www.filex.nl\/de\/wp-json\/wp\/v2\/types\/product"}],"wp:featuredmedia":[{"embeddable":true,"href":"https:\/\/www.filex.nl\/de\/wp-json\/wp\/v2\/media\/35761"}],"wp:attachment":[{"href":"https:\/\/www.filex.nl\/de\/wp-json\/wp\/v2\/media?parent=28132"}],"wp:term":[{"taxonomy":"product_brand","embeddable":true,"href":"https:\/\/www.filex.nl\/de\/wp-json\/wp\/v2\/product_brand?post=28132"},{"taxonomy":"product_cat","embeddable":true,"href":"https:\/\/www.filex.nl\/de\/wp-json\/wp\/v2\/product_cat?post=28132"},{"taxonomy":"product_tag","embeddable":true,"href":"https:\/\/www.filex.nl\/de\/wp-json\/wp\/v2\/product_tag?post=28132"}],"curies":[{"name":"wp","href":"https:\/\/api.w.org\/{rel}","templated":true}]}}