{"id":28158,"date":"2022-01-07T18:09:00","date_gmt":"2022-01-07T18:09:00","guid":{"rendered":"https:\/\/www.filex.nl\/product\/qi-power-spot\/"},"modified":"2025-04-30T09:42:00","modified_gmt":"2025-04-30T09:42:00","slug":"qi-power-spot","status":"publish","type":"product","link":"https:\/\/www.filex.nl\/de\/produkt\/qi-power-spot\/","title":{"rendered":"QI Power-Spot\u00ae"},"content":{"rendered":"<p>Der QI Power-Spot\u00ae jetzt mit kabelloser QI-Aufladem\u00f6glichkeit, USB-A- und USB-C-Ladestellen!<\/p>\n<p>Das runde \u201eAll-in One-Einbaumodul, auf das Sie am Arbeitsplatz nicht mehr verzichten wollen!<\/p>\n<p>Diese Elektrifizierungseinheit hat eine moderne Ausstrahlung und ein einzigartiges niederl\u00e4ndisches Design. Das Aggregat l\u00e4sst sich im Schreibtisch versenken, sodass es versteckt ist und Sie immer noch einen sch\u00f6n aufger\u00e4umten Schreibtisch haben.<\/p>\n<p>Das Modul ist standardm\u00e4\u00dfig mit einem 230V-Anschluss, einer USB-A+C-Ladestelle (2,5A-5V) und einem (austauschbaren) Passthrough ausgestattet, sodass Sie jederzeit zwischen HDMI, einem RJ45-Anschluss oder einem USB-Erweiterungsmodul wechseln k\u00f6nnen (siehe die untenstehenden Optionen). Wollen Sie lieber eine CEE 7\/5-Steckdose statt eines Erdungsstifts? Auch die f\u00fchren wir in unserem Sortiment (Artikelnummer 681097)!<\/p>\n<p>Dieses runde Einbaumodul hat sogar noch eine zus\u00e4tzliche Funktion!<\/p>\n<p>Dieses Aggregat hat nicht nur eine praktische Abdeckklappe, die daf\u00fcr sorgt, dass kein Staub und Schmutz ins Innere gelangt, dank der eingebauten QI-Technologie k\u00f6nnen Sie auf der Innenseite der Klappe auch Ihr Smartphone aufladen!<\/p>\n<p>Alle Einrichtungen in nur einem Modul, das ist doch genau das, was Sie wollen!<\/p>\n<p>Der QI Power-Spot\u00ae hat ein festes Anschlusskabel mit einer L\u00e4nge von 2 Meter und einem Schutzkontaktstecker und ist in den Farben Schwarz und Wei\u00df erh\u00e4ltlich. \u00d8 80 mm. Wollen Sie den Passthrough in Ihrer Einheit durch ein anderes Modul ersetzen? Erkundigen Sie sich direkt nach allen M\u00f6glichkeiten!<\/p>\n<p>Filex-Moduloptionen:<br \/>\n681083 &#8211; HDMI-Modul Wei\u00df<br \/>\n681084 &#8211; HDMI-Modul Schwarz<br \/>\n681081 &#8211; RJ45-Modul Wei\u00df<br \/>\n681082 &#8211; RJ45-Modul Schwarz<br \/>\n681085 &#8211; USB-Erweiterungsmodul Wei\u00df<br \/>\n681086 &#8211; USB-Erweiterungsmodul Schwarz.<\/p>\n<p>Nat\u00fcrlich ist diese Elektrifizierungseinheit CE-zertifiziert.<\/p>\n<p>Specs:<br \/>\nWireless charger: 1V, 5V, 5W<br \/>\nUSB A single: 5V, 2.4A, 12W<br \/>\nUSB C single: 5V, 2.4A, 12W<br \/>\nUSB A&amp; C: 5V, 2.4A, 12W<\/p>\n","protected":false},"excerpt":{"rendered":"<p>Der QI Power-Spot\u00ae! Ein rundes Einbauelektrifizierungsmodul, das Ihnen allen Komfort bietet! L\u00e4sst sich problemlos in Ihren Heimarbeitsplatz, im B\u00fcro oder in einen Konferenztisch einbauen, sodass Sie alle ben\u00f6tigten Anschl\u00fcsse direkt zur Hand haben! Selbst kabelloses Aufladen ist m\u00f6glich!<\/p>\n","protected":false},"featured_media":55165,"template":"","meta":{"_acf_changed":false},"product_brand":[],"product_cat":[657,567],"product_tag":[],"class_list":{"0":"post-28158","1":"product","2":"type-product","3":"status-publish","4":"has-post-thumbnail","6":"product_cat-power-spot-elektrifizierung","7":"product_cat-elektrifizierung","8":"pa_kleur-schwarz","9":"pa_kleur-weiss","11":"first","12":"instock","13":"shipping-taxable","14":"purchasable","15":"product-type-variable","16":"has-default-attributes"},"acf":[],"_links":{"self":[{"href":"https:\/\/www.filex.nl\/de\/wp-json\/wp\/v2\/product\/28158","targetHints":{"allow":["GET"]}}],"collection":[{"href":"https:\/\/www.filex.nl\/de\/wp-json\/wp\/v2\/product"}],"about":[{"href":"https:\/\/www.filex.nl\/de\/wp-json\/wp\/v2\/types\/product"}],"wp:featuredmedia":[{"embeddable":true,"href":"https:\/\/www.filex.nl\/de\/wp-json\/wp\/v2\/media\/55165"}],"wp:attachment":[{"href":"https:\/\/www.filex.nl\/de\/wp-json\/wp\/v2\/media?parent=28158"}],"wp:term":[{"taxonomy":"product_brand","embeddable":true,"href":"https:\/\/www.filex.nl\/de\/wp-json\/wp\/v2\/product_brand?post=28158"},{"taxonomy":"product_cat","embeddable":true,"href":"https:\/\/www.filex.nl\/de\/wp-json\/wp\/v2\/product_cat?post=28158"},{"taxonomy":"product_tag","embeddable":true,"href":"https:\/\/www.filex.nl\/de\/wp-json\/wp\/v2\/product_tag?post=28158"}],"curies":[{"name":"wp","href":"https:\/\/api.w.org\/{rel}","templated":true}]}}