{"id":28206,"date":"2022-01-07T18:08:51","date_gmt":"2022-01-07T18:08:51","guid":{"rendered":"https:\/\/www.filex.nl\/product\/keystone-usb-2-0\/"},"modified":"2023-11-24T17:07:41","modified_gmt":"2023-11-24T17:07:41","slug":"keystone-modul-usb-2-0","status":"publish","type":"product","link":"https:\/\/www.filex.nl\/de\/produkt\/keystone-modul-usb-2-0\/","title":{"rendered":"Keystone-Modul USB 2.0"},"content":{"rendered":"<p>Filex-Keystone-Module: unverzichtbar! <\/p>\n<p>Keystone-Module k\u00f6nnen beispielsweise bei der Serie Filex Desk Up\u00ae 1.0 oder 2.0 in leere Slots eingesetzt werden. <\/p>\n<p>Aus Sicherheitsgr\u00fcnden sind alle Stromanschl\u00fcsse und USB-Aufladestellen immer fest installiert, aber wenn Sie gerne auch eine USB-2.0-Erweiterung haben wollen, k\u00f6nnen Sie in einen der leeren Keystone-Slots ein Keystone-Modul einsetzen. <\/p>\n<p>In jeden Keystone-Slot k\u00f6nnen Sie jederzeit 2 Keystone-Module einsetzen. Dieses Modul kann unter anderem zum Verl\u00e4ngern eines USB-Kabels verwendet werden. <\/p>\n<p>Dank der Standardma\u00dfe l\u00e4sst es sich bei der Montage einfach einstecken. <\/p>\n<p>Spezifizierungen: Anschluss USB-2.0-Buchse Typ A > USB-2.0-Buchse Typ A, F\u00fcr Keystone-Ports von 19,2 x 14,9 mm. Ma\u00dfe (L x B x H): 34,4 x 22,3 x 16,8 mm. <\/p>\n<p>Lieferbar in den Farben Schwarz oder Wei\u00df.<\/p>\n","protected":false},"excerpt":{"rendered":"<p>Die Keystone-Module von Filex! Unverzichtbar an jedem Arbeitsplatz mit Elektrifizierungseinheit. Wenn Sie dieses Keystone-Modul in den freien Keystone-Slot in Ihrer Elektrifizierungseinheit einsetzen, bleiben Sie in Ihren M\u00f6glichkeiten flexibel!<\/p>\n","protected":false},"featured_media":15170,"template":"","meta":{"_acf_changed":false},"product_brand":[],"product_cat":[567],"product_tag":[],"class_list":{"0":"post-28206","1":"product","2":"type-product","3":"status-publish","4":"has-post-thumbnail","6":"product_cat-elektrifizierung","7":"pa_kleur-schwarz","8":"pa_kleur-weiss","10":"first","11":"instock","12":"shipping-taxable","13":"purchasable","14":"product-type-variable","15":"has-default-attributes"},"acf":[],"_links":{"self":[{"href":"https:\/\/www.filex.nl\/de\/wp-json\/wp\/v2\/product\/28206","targetHints":{"allow":["GET"]}}],"collection":[{"href":"https:\/\/www.filex.nl\/de\/wp-json\/wp\/v2\/product"}],"about":[{"href":"https:\/\/www.filex.nl\/de\/wp-json\/wp\/v2\/types\/product"}],"wp:featuredmedia":[{"embeddable":true,"href":"https:\/\/www.filex.nl\/de\/wp-json\/wp\/v2\/media\/15170"}],"wp:attachment":[{"href":"https:\/\/www.filex.nl\/de\/wp-json\/wp\/v2\/media?parent=28206"}],"wp:term":[{"taxonomy":"product_brand","embeddable":true,"href":"https:\/\/www.filex.nl\/de\/wp-json\/wp\/v2\/product_brand?post=28206"},{"taxonomy":"product_cat","embeddable":true,"href":"https:\/\/www.filex.nl\/de\/wp-json\/wp\/v2\/product_cat?post=28206"},{"taxonomy":"product_tag","embeddable":true,"href":"https:\/\/www.filex.nl\/de\/wp-json\/wp\/v2\/product_tag?post=28206"}],"curies":[{"name":"wp","href":"https:\/\/api.w.org\/{rel}","templated":true}]}}