{"id":28260,"date":"2022-01-07T18:08:50","date_gmt":"2022-01-07T18:08:50","guid":{"rendered":"https:\/\/www.filex.nl\/product\/power-desk-up-2-0-2x-230v-2x-usb-charge-1x-keystone-fr\/"},"modified":"2024-10-18T15:41:40","modified_gmt":"2024-10-18T15:41:40","slug":"power-desk-up-2-0-zwei-230v-steckdosen-2-usb-ladestellen-1-keystone-modul-fr","status":"publish","type":"product","link":"https:\/\/www.filex.nl\/de\/produkt\/power-desk-up-2-0-zwei-230v-steckdosen-2-usb-ladestellen-1-keystone-modul-fr\/","title":{"rendered":"Power Desk Up\u00ae 2.0 &#8211; zwei 230V-Steckdosen, 2 USB-Ladestellen, 1 Keystone-Modul FR"},"content":{"rendered":"<p>Die Serie Filex Desk Up\u00ae 2.0. Ein neues Aufbaumodul mit schlankem und modernem Design, das mit Blick auf den Benutzer entwickelt wurde, um Ihnen allen Komfort zu bieten.<\/p>\n<p>Dieses geradlinige Modul ist standardm\u00e4\u00dfig mit 2 Klemmen f\u00fcr Plattenst\u00e4rken von 0-50 mm ausgestattet. Das Modul l\u00e4sst sich einfach von oben anklemmen und ist auf der R\u00fcckseite mit einem festen Anschlusskabel mit einer L\u00e4nge von 2 Meter und einem Schuko-Stecker ausgestattet.<\/p>\n<p>Haben Sie eine Arbeitsplatte mit abgeschr\u00e4gter Kante? Auch das ist mit der Serie Filex Desk Up\u00ae 2.0. \u00fcberhaupt kein Problem!<\/p>\n<p>Diese Aufbaueinheit ist mit zwei 230V-Steckdosen f\u00fcr Stecker-Typ E, zwei USB-A-Ladestellen und einem leeren Keystone-Slot ausgestattet. Den leeren Keystone-Slot k\u00f6nnen Sie mit 2 Keystone-Modulen nach Wahl f\u00fcllen (zum Beispiel f\u00fcr Data RJ45 CAT. 6 und 6A, USB 2.0\/3.0, HDMI, VGA, oder Sie k\u00f6nnen ihn als Kabelkanal verwenden).<\/p>\n<p>Nicht ganz unwichtig: Die Aufbaueinheit Filex Power Desk Up\u00ae ist selbstverst\u00e4ndlich CE-zertifiziert! Bei uns stehen Sicherheit und Qualit\u00e4t an erster Stelle!<\/p>\n<p>Lieferbare Farben: Schwarz und Wei\u00df.<\/p>\n","protected":false},"excerpt":{"rendered":"<p>Die Serie Filex Desk Up\u00ae 2.0! Die multifunktionale Elektrifizierungseinheit, die Sie sowohl an Ihrer Schreibtischplatte festklemmen k\u00f6nnen als auch an einer Platte mit abgeschr\u00e4gter Kante! Sehen Sie sich all unsere M\u00f6glichkeiten und zahlreichen Optionen an, um die Einheit zu finden, die zu Ihren spezifischen W\u00fcnschen passt!<\/p>\n","protected":false},"featured_media":55119,"template":"","meta":{"_acf_changed":false},"product_brand":[],"product_cat":[639,640,567],"product_tag":[],"class_list":{"0":"post-28260","1":"product","2":"type-product","3":"status-publish","4":"has-post-thumbnail","6":"product_cat-desk-up-2-0-elektrifizierung","7":"product_cat-desk-up-elektrifizierung","8":"product_cat-elektrifizierung","9":"pa_kleur-schwarz","10":"pa_kleur-weiss","12":"first","13":"instock","14":"shipping-taxable","15":"purchasable","16":"product-type-variable","17":"has-default-attributes"},"acf":[],"_links":{"self":[{"href":"https:\/\/www.filex.nl\/de\/wp-json\/wp\/v2\/product\/28260","targetHints":{"allow":["GET"]}}],"collection":[{"href":"https:\/\/www.filex.nl\/de\/wp-json\/wp\/v2\/product"}],"about":[{"href":"https:\/\/www.filex.nl\/de\/wp-json\/wp\/v2\/types\/product"}],"wp:featuredmedia":[{"embeddable":true,"href":"https:\/\/www.filex.nl\/de\/wp-json\/wp\/v2\/media\/55119"}],"wp:attachment":[{"href":"https:\/\/www.filex.nl\/de\/wp-json\/wp\/v2\/media?parent=28260"}],"wp:term":[{"taxonomy":"product_brand","embeddable":true,"href":"https:\/\/www.filex.nl\/de\/wp-json\/wp\/v2\/product_brand?post=28260"},{"taxonomy":"product_cat","embeddable":true,"href":"https:\/\/www.filex.nl\/de\/wp-json\/wp\/v2\/product_cat?post=28260"},{"taxonomy":"product_tag","embeddable":true,"href":"https:\/\/www.filex.nl\/de\/wp-json\/wp\/v2\/product_tag?post=28260"}],"curies":[{"name":"wp","href":"https:\/\/api.w.org\/{rel}","templated":true}]}}