{"id":28344,"date":"2022-01-07T18:08:39","date_gmt":"2022-01-07T18:08:39","guid":{"rendered":"https:\/\/www.filex.nl\/product\/universele-qi-charger\/"},"modified":"2024-10-18T15:41:43","modified_gmt":"2024-10-18T15:41:43","slug":"universelles-qi-ladegeraet","status":"publish","type":"product","link":"https:\/\/www.filex.nl\/de\/produkt\/universelles-qi-ladegeraet\/","title":{"rendered":"Universelles QI-Ladeger\u00e4t"},"content":{"rendered":"<p>Das universelle Filex-QI-Ladeger\u00e4t ist die Elektrifizierungseinheit zum Einbauen, auf die Sie f\u00fcr Ihren Schreibtisch oder Konferenzort nicht verzichten k\u00f6nnen! <\/p>\n<p>Dieses Modul hat einen Schiebemechanismus, womit Sie es nach der Verwendung einfach wieder zuschieben k\u00f6nnen und einen aufger\u00e4umten Arbeitsplatz erhalten. <\/p>\n<p>Auf der Innenseite befinden sich eine 230V-Steckdose, 1 universelle USB-Ladestelle f\u00fcr all Ihre Ger\u00e4te und ein 1,5 Meter langes Datenkabel Cat. 6. Dieses Kabel k\u00f6nnen Sie zu sich ziehen, um einen Laptop oder ein anderes Ger\u00e4t direkt mit dem Netzwerk zu verbinden. <\/p>\n<p>Die Einbaugr\u00f6\u00dfe dieser Elektrifizierungseinheit betr\u00e4gt \u00d880 mm. <\/p>\n<p>Das Besondere an diesem Modul ist das in die Schutzabdeckung integrierte QI-Ladesystem! Wenn die Einheit ge\u00f6ffnet oder geschlossen ist, k\u00f6nnen Sie Ihre Mobilger\u00e4te mithilfe der QI-Technik schnell und kabellos aufladen. <\/p>\n<p>Kurzum, das universelle QI-Ladeger\u00e4t von Filex erf\u00fcllt alle Ihre Anforderungen an die Konnektivit\u00e4t jedes Arbeitsplatzes! <\/p>\n<p>Das Modul ist standardm\u00e4\u00dfig mit einem 1,5 Meter langen 230V-Anschlusskabel mit einem Schutzkontaktstecker ausgestattet. <\/p>\n<p>Lieferbar in den Farben Schwarz und Wei\u00df.<\/p>\n","protected":false},"excerpt":{"rendered":"<p>Das universelle QI-Ladeger\u00e4t von Filex f\u00fcr jedes B\u00fcro! Dieses QI-Ladeger\u00e4t bietet Ihnen die passenden elektrischen Anschl\u00fcsse am Arbeitsplatz oder an einen Konferenztisch! Mit dem QI-Ladeger\u00e4t k\u00f6nnen Sie Ihre Ger\u00e4te kabellos aufladen, aber auch innen in der Einheit per Kabel! \u00dcbrigens k\u00f6nnen Sie problemlos auch gleichzeitig beispielsweise Ihren Laptop aufladen!<\/p>\n","protected":false},"featured_media":15047,"template":"","meta":{"_acf_changed":false},"product_brand":[],"product_cat":[567],"product_tag":[],"class_list":{"0":"post-28344","1":"product","2":"type-product","3":"status-publish","4":"has-post-thumbnail","6":"product_cat-elektrifizierung","7":"pa_kleur-schwarz","8":"pa_kleur-weiss","10":"first","11":"instock","12":"shipping-taxable","13":"purchasable","14":"product-type-variable","15":"has-default-attributes"},"acf":[],"_links":{"self":[{"href":"https:\/\/www.filex.nl\/de\/wp-json\/wp\/v2\/product\/28344","targetHints":{"allow":["GET"]}}],"collection":[{"href":"https:\/\/www.filex.nl\/de\/wp-json\/wp\/v2\/product"}],"about":[{"href":"https:\/\/www.filex.nl\/de\/wp-json\/wp\/v2\/types\/product"}],"wp:featuredmedia":[{"embeddable":true,"href":"https:\/\/www.filex.nl\/de\/wp-json\/wp\/v2\/media\/15047"}],"wp:attachment":[{"href":"https:\/\/www.filex.nl\/de\/wp-json\/wp\/v2\/media?parent=28344"}],"wp:term":[{"taxonomy":"product_brand","embeddable":true,"href":"https:\/\/www.filex.nl\/de\/wp-json\/wp\/v2\/product_brand?post=28344"},{"taxonomy":"product_cat","embeddable":true,"href":"https:\/\/www.filex.nl\/de\/wp-json\/wp\/v2\/product_cat?post=28344"},{"taxonomy":"product_tag","embeddable":true,"href":"https:\/\/www.filex.nl\/de\/wp-json\/wp\/v2\/product_tag?post=28344"}],"curies":[{"name":"wp","href":"https:\/\/api.w.org\/{rel}","templated":true}]}}