{"id":28384,"date":"2022-01-07T14:42:35","date_gmt":"2022-01-07T14:42:35","guid":{"rendered":"https:\/\/www.filex.nl\/product\/block\/"},"modified":"2025-04-30T10:07:10","modified_gmt":"2025-04-30T10:07:10","slug":"block","status":"publish","type":"product","link":"https:\/\/www.filex.nl\/de\/produkt\/block\/","title":{"rendered":"Block"},"content":{"rendered":"<p>Der moderne Arbeitsplatz kommt nicht mehr ohne Stromanschl\u00fcsse aus. Ob es sich jetzt um einen Steh-Sitz-Arbeitsplatz, einen normalen Schreibtisch oder die IT-Ausstattung handelt, ohne geht es nicht mehr. Jetzt fragen Sie sich wahrscheinlich, wie viele Stromquellen Sie dann ben\u00f6tigen. Sowohl f\u00fcr heute als auch f\u00fcr die Zukunft. Aus diesem Grund ist neben der Qualit\u00e4t auch die Flexibilit\u00e4t sehr wichtig. Unsere PDUs werden mit der gr\u00f6\u00dftm\u00f6glichen Sorgfalt hergestellt und ausgiebig getestet, bevor sie die Fabrik verlassen. Nat\u00fcrlich tragen Sie immer das CE-G\u00fctesiegel und entsprechen den aktuellen Anforderungen und Zertifikaten.<\/p>\n<p>All unsere PDUs verf\u00fcgen \u00fcber einen <span data-teams=\"true\">3-poliger Steckverbinder<\/span>-Eingang und -Ausgang. Dadurch k\u00f6nnen Sie Stromanschluss- oder Verbindungskabel in jeder gew\u00fcnschten L\u00e4nge direkt anschlie\u00dfen (eventuell mit einem <span data-teams=\"true\">3-poliger Steckverbinder<\/span>-Signalverteiler) und bleiben v\u00f6llig flexibel. Die PDUs lassen sich mithilfe des beiliegenden Montagesets direkt unter der Arbeitsplatte installieren, k\u00f6nnen aber nat\u00fcrlich auch in die Kabelrinne eingesetzt werden.<\/p>\n<p>Die aus Aluminium gefertigten Block-PDUs sind mit folgenden Anschl\u00fcssen lieferbar:<br \/>\n&#8211; drei 230V-Anschl\u00fcsse;<br \/>\n&#8211; vier 230V-Anschl\u00fcsse;<br \/>\n&#8211; f\u00fcnf 230V-Anschl\u00fcsse;<br \/>\n&#8211; sechs 230V-Anschl\u00fcsse;<\/p>\n<p>Beim heutigen Kauf dieses Produkts haben Sie drei 230V-Anschl\u00fcsse gew\u00e4hlt.<br \/>\nVergessen Sie nicht, auch ein Anschluss- oder Verbindungskabel in der gew\u00fcnschten L\u00e4nge zu kaufen.<\/p>\n","protected":false},"excerpt":{"rendered":"<p>Die Block-PDUs von Filex! Unverzichtbar an jedem Arbeitsplatz. Sie lassen sich problemlos als Unterbaustromversorgung in jeder Situation einsetzen oder in der Kabelrinne Ihres Arbeitsplatzes. Lieferbar in Varianten von 3- bis 6-Wege.<\/p>\n","protected":false},"featured_media":53284,"template":"","meta":{"_acf_changed":false},"product_brand":[],"product_cat":[567,574,584],"product_tag":[],"class_list":{"0":"post-28384","1":"product","2":"type-product","3":"status-publish","4":"has-post-thumbnail","6":"product_cat-elektrifizierung","7":"product_cat-onderbouw-de","8":"product_cat-stekkerblokken-de","10":"first","11":"instock","12":"shipping-taxable","13":"purchasable","14":"product-type-variable","15":"has-default-attributes"},"acf":[],"_links":{"self":[{"href":"https:\/\/www.filex.nl\/de\/wp-json\/wp\/v2\/product\/28384","targetHints":{"allow":["GET"]}}],"collection":[{"href":"https:\/\/www.filex.nl\/de\/wp-json\/wp\/v2\/product"}],"about":[{"href":"https:\/\/www.filex.nl\/de\/wp-json\/wp\/v2\/types\/product"}],"wp:featuredmedia":[{"embeddable":true,"href":"https:\/\/www.filex.nl\/de\/wp-json\/wp\/v2\/media\/53284"}],"wp:attachment":[{"href":"https:\/\/www.filex.nl\/de\/wp-json\/wp\/v2\/media?parent=28384"}],"wp:term":[{"taxonomy":"product_brand","embeddable":true,"href":"https:\/\/www.filex.nl\/de\/wp-json\/wp\/v2\/product_brand?post=28384"},{"taxonomy":"product_cat","embeddable":true,"href":"https:\/\/www.filex.nl\/de\/wp-json\/wp\/v2\/product_cat?post=28384"},{"taxonomy":"product_tag","embeddable":true,"href":"https:\/\/www.filex.nl\/de\/wp-json\/wp\/v2\/product_tag?post=28384"}],"curies":[{"name":"wp","href":"https:\/\/api.w.org\/{rel}","templated":true}]}}