{"id":28395,"date":"2022-01-07T14:37:17","date_gmt":"2022-01-07T14:37:17","guid":{"rendered":"https:\/\/www.filex.nl\/product\/qi-power-pop-up-meeting-4x-230v-2x-usb-ac\/"},"modified":"2025-04-30T10:08:10","modified_gmt":"2025-04-30T10:08:10","slug":"qi-power-pop-up-meeting-vier-230v-steckdosen-2-ladestellen-usb-ac","status":"publish","type":"product","link":"https:\/\/www.filex.nl\/de\/produkt\/qi-power-pop-up-meeting-vier-230v-steckdosen-2-ladestellen-usb-ac\/","title":{"rendered":"QI Power Pop Up Meeting &#8211; vier 230V-Steckdosen + 2 Ladestellen USB-A+C"},"content":{"rendered":"<p>Der Power Pop Up Meeting! Die sch\u00f6nste L\u00f6sung f\u00fcr alle Stromanschl\u00fcsse in Besprechungs- und Konferenzr\u00e4umen!<\/p>\n<p>Der Power Pop Up Meeting hat einen Pop-up-Mechanismus. Dadurch gen\u00fcgt ein sanfter Druck auf die Oberseite, und Sie bekommen von jeder Position aus Zugriff auf die gew\u00fcnschte Stromquelle.<\/p>\n<p>Der Power Pop Up Meeting bietet sage und schreibe vier 230V-Steckdosen, 2 USB-A- und 2 USB-C-Anschl\u00fcsse \u00e1 15W sowie eine eingebaute kabellose QI-Ladestelle.<\/p>\n<p>Dank der runden Form sind die verschiedenen Stromanschl\u00fcsse von allen Seiten aus zug\u00e4nglich. Ideal f\u00fcr Konferenztische, zentrale Arbeitspl\u00e4tze, usw.<\/p>\n<p>Sie wollen Ihre Ger\u00e4te kabellos aufladen? Auch das geht mit dem QI Power Pop-Up Meeting. Oben auf dem QI Power Pop-Up Meeting befindet sich n\u00e4mlich noch eine QI-Ladestelle, sodass Sie auch Ihre kabellosen Ger\u00e4te schnell und einfach aufladen k\u00f6nnen.<\/p>\n<p>Ist das Meeting beendet? Dr\u00fccken Sie das Modul dann einfach wieder in den Tisch, und die Arbeitsplatte oder der Konferenztisch ist wieder voll einsatzf\u00e4hig! Nat\u00fcrlich k\u00f6nnen Sie die kabellose QI-Ladestelle dann immer noch benutzen.<\/p>\n<p>Der Power Pop Up Meeting kann au\u00dferdem schnell und leicht in einem runden Loch von 120 mm Durchmesser in der Arbeitsplatte montiert werden.<\/p>\n<p>Lieferbar in den Farben Schwarz und Wei\u00df.<\/p>\n","protected":false},"excerpt":{"rendered":"<p>Der Power Pop Up Meeting! Eine einzige Elektrifizierungseinheit zum Einbauen mit ausreichenden Aufladem\u00f6glichkeiten, sowohl mit als auch ohne Kabel, und Stromanschl\u00fcssen! Diese Einheit ist unverzichtbar an jedem Konferenztisch und l\u00e4sst sich ganz leicht installieren!<\/p>\n","protected":false},"featured_media":55157,"template":"","meta":{"_acf_changed":false},"product_brand":[],"product_cat":[567],"product_tag":[],"class_list":{"0":"post-28395","1":"product","2":"type-product","3":"status-publish","4":"has-post-thumbnail","6":"product_cat-elektrifizierung","7":"pa_kleur-schwarz","8":"pa_kleur-weiss","10":"first","11":"instock","12":"shipping-taxable","13":"purchasable","14":"product-type-variable","15":"has-default-attributes"},"acf":[],"_links":{"self":[{"href":"https:\/\/www.filex.nl\/de\/wp-json\/wp\/v2\/product\/28395","targetHints":{"allow":["GET"]}}],"collection":[{"href":"https:\/\/www.filex.nl\/de\/wp-json\/wp\/v2\/product"}],"about":[{"href":"https:\/\/www.filex.nl\/de\/wp-json\/wp\/v2\/types\/product"}],"wp:featuredmedia":[{"embeddable":true,"href":"https:\/\/www.filex.nl\/de\/wp-json\/wp\/v2\/media\/55157"}],"wp:attachment":[{"href":"https:\/\/www.filex.nl\/de\/wp-json\/wp\/v2\/media?parent=28395"}],"wp:term":[{"taxonomy":"product_brand","embeddable":true,"href":"https:\/\/www.filex.nl\/de\/wp-json\/wp\/v2\/product_brand?post=28395"},{"taxonomy":"product_cat","embeddable":true,"href":"https:\/\/www.filex.nl\/de\/wp-json\/wp\/v2\/product_cat?post=28395"},{"taxonomy":"product_tag","embeddable":true,"href":"https:\/\/www.filex.nl\/de\/wp-json\/wp\/v2\/product_tag?post=28395"}],"curies":[{"name":"wp","href":"https:\/\/api.w.org\/{rel}","templated":true}]}}