{"id":28407,"date":"2022-01-07T14:33:53","date_gmt":"2022-01-07T14:33:53","guid":{"rendered":"https:\/\/www.filex.nl\/product\/ac-qi-power-spot\/"},"modified":"2024-10-18T15:42:11","modified_gmt":"2024-10-18T15:42:11","slug":"ac-qi-power-spot","status":"publish","type":"product","link":"https:\/\/www.filex.nl\/de\/produkt\/ac-qi-power-spot\/","title":{"rendered":"AC QI Power-Spot\u00ae"},"content":{"rendered":"<p>Das Aufladen von diversen Mobilger\u00e4ten ist oft eine Herausforderung. Mobiltelefone, ein Tablet, drahtlose Ohrh\u00f6rer; sie alle haben unterschiedliche Anschl\u00fcsse zum Aufladen. Sie werden zum Beispiel mit einem USB-A-Kabel, einem USB-C-Kabel oder kabellos aufgeladen. Mit diesem Filex AC QI Powerspot geht das alles!<\/p>\n<p>Das runde Aggregat (60 mm Einbaugr\u00f6\u00dfe) ist mit einer QI-Ladestelle zum kabellosen Aufladen sowie einer USB-C- und einer USB-A-Ladebuchse ausgestattet. Der Filex AC QI Spot hat ein festes Anschlusskabel von 1 Meter L\u00e4nge mit einen 220-V-Adapter. Plug and Play also!<\/p>\n<p>Er kann \u00fcberall schnell und einfach montiert werden. Ideal f\u00fcr den Arbeitsplatz, f\u00fcr Konferenztische, Loungem\u00f6bel oder Steh-Sitz-Tische.<\/p>\n<p>Technische Daten:<br \/>\nUSB-A: Max. 10W Leistung<br \/>\nUSB-C: Max. 10W Leistung<br \/>\nUSB-C: Max. 5W Leistung<br \/>\nKabellose Ladestelle: Max. 15W<\/p>\n","protected":false},"excerpt":{"rendered":"<p>Der Filex AC QI Power Spot\u00ae ist multifunktional und f\u00fcr jeden Arbeitsplatz oder Konferenztisch! Damit haben Sie alle n\u00f6tigen Stromanschl\u00fcsse in Reichweite und k\u00f6nnen jetzt obendrein auch Smartphone, Airpods, usw. kabellos aufladen! Wenn Sie an diesen Einbaustromverteiler gew\u00f6hnt sind, wollen Sie keinen anderen mehr haben!<\/p>\n","protected":false},"featured_media":15242,"template":"","meta":{"_acf_changed":false},"product_brand":[],"product_cat":[657,567],"product_tag":[],"class_list":{"0":"post-28407","1":"product","2":"type-product","3":"status-publish","4":"has-post-thumbnail","6":"product_cat-power-spot-elektrifizierung","7":"product_cat-elektrifizierung","8":"pa_kleur-schwarz","9":"pa_kleur-weiss","11":"first","12":"instock","13":"shipping-taxable","14":"purchasable","15":"product-type-variable","16":"has-default-attributes"},"acf":[],"_links":{"self":[{"href":"https:\/\/www.filex.nl\/de\/wp-json\/wp\/v2\/product\/28407","targetHints":{"allow":["GET"]}}],"collection":[{"href":"https:\/\/www.filex.nl\/de\/wp-json\/wp\/v2\/product"}],"about":[{"href":"https:\/\/www.filex.nl\/de\/wp-json\/wp\/v2\/types\/product"}],"wp:featuredmedia":[{"embeddable":true,"href":"https:\/\/www.filex.nl\/de\/wp-json\/wp\/v2\/media\/15242"}],"wp:attachment":[{"href":"https:\/\/www.filex.nl\/de\/wp-json\/wp\/v2\/media?parent=28407"}],"wp:term":[{"taxonomy":"product_brand","embeddable":true,"href":"https:\/\/www.filex.nl\/de\/wp-json\/wp\/v2\/product_brand?post=28407"},{"taxonomy":"product_cat","embeddable":true,"href":"https:\/\/www.filex.nl\/de\/wp-json\/wp\/v2\/product_cat?post=28407"},{"taxonomy":"product_tag","embeddable":true,"href":"https:\/\/www.filex.nl\/de\/wp-json\/wp\/v2\/product_tag?post=28407"}],"curies":[{"name":"wp","href":"https:\/\/api.w.org\/{rel}","templated":true}]}}