{"id":28424,"date":"2021-12-31T15:19:15","date_gmt":"2021-12-31T15:19:15","guid":{"rendered":"https:\/\/www.filex.nl\/product\/aansluitsnoer-egst-stekker\/"},"modified":"2025-04-30T10:10:51","modified_gmt":"2025-04-30T10:10:51","slug":"3-poliger-steckverbinder-verbindungskabel","status":"publish","type":"product","link":"https:\/\/www.filex.nl\/de\/produkt\/3-poliger-steckverbinder-verbindungskabel\/","title":{"rendered":"3-poliger Steckverbinder -Verbindungskabel"},"content":{"rendered":"<p><span data-teams=\"true\">3-poliger Steckverbinder<\/span>-Anschlusskabel! Ein Netzkabel, mit dem Sie problemlos zum Beispiel unsere Desk-Up\u00ae-Serie an die n\u00e4chste Stromquelle anschlie\u00dfen k\u00f6nnen.<\/p>\n<p>Unsere Verbindungskabel sind mit einem Schutzkontaktwinkelstecker und <span data-teams=\"true\">3-poliger Steckverbinder<\/span>-Buchse ausgestattet, die an ein 3-poliges Kabel 3G1,5mm2 flexible Klasse 5 PVC H05VV-F angeschlossen sind, mit CPR-Klasse Eca und Eignung f\u00fcr steckbare Geb\u00e4udeinstallationen.<\/p>\n<p>Alle Stecker sind auf 20A getestet und gem\u00e4\u00df NEN-IEC-EN61535 zugelassen.<br \/>\nDiese Kabel sind in Standardl\u00e4ngen von 0,5 m bis 10 m erh\u00e4ltlich.<\/p>\n<p>Filex f\u00fchrt in seinem <span data-teams=\"true\">3-poliger Steckverbinder<\/span>-Sortiment nur steckbare Produkte mit CE-Kennzeichnung und KEMA-G\u00fctezeichen. Nat\u00fcrlich erf\u00fcllen die <span data-teams=\"true\">3-poliger Steckverbinder<\/span>-Produkte die Anforderungen, die unter anderem von der Norm NEN 1010:2015 gestellt werden. Gleichzeitig sind all unsere Kabel vollkommen mit allen <span data-teams=\"true\">3-poliger Steckverbinder<\/span>-Produkten kompatibel.<\/p>\n","protected":false},"excerpt":{"rendered":"<p><span data-teams=\"true\">3-poliger Steckverbinder<\/span>-Anschlusskabel! Der richtige Anschluss Ihres <span data-teams=\"true\">3-poliger Steckverbinder<\/span>s an eine Schutzkontaktsteckdose! In vielen verschiedenen L\u00e4ngen erh\u00e4ltlich.<\/p>\n","protected":false},"featured_media":19323,"template":"","meta":{"_acf_changed":false},"product_brand":[],"product_cat":[592,2484],"product_tag":[],"class_list":{"0":"post-28424","1":"product","2":"type-product","3":"status-publish","4":"has-post-thumbnail","6":"product_cat-kabelfuhrung","7":"product_cat-verbindungs-kupplungskabel","9":"first","10":"instock","11":"shipping-taxable","12":"purchasable","13":"product-type-variable","14":"has-default-attributes"},"acf":[],"_links":{"self":[{"href":"https:\/\/www.filex.nl\/de\/wp-json\/wp\/v2\/product\/28424","targetHints":{"allow":["GET"]}}],"collection":[{"href":"https:\/\/www.filex.nl\/de\/wp-json\/wp\/v2\/product"}],"about":[{"href":"https:\/\/www.filex.nl\/de\/wp-json\/wp\/v2\/types\/product"}],"wp:featuredmedia":[{"embeddable":true,"href":"https:\/\/www.filex.nl\/de\/wp-json\/wp\/v2\/media\/19323"}],"wp:attachment":[{"href":"https:\/\/www.filex.nl\/de\/wp-json\/wp\/v2\/media?parent=28424"}],"wp:term":[{"taxonomy":"product_brand","embeddable":true,"href":"https:\/\/www.filex.nl\/de\/wp-json\/wp\/v2\/product_brand?post=28424"},{"taxonomy":"product_cat","embeddable":true,"href":"https:\/\/www.filex.nl\/de\/wp-json\/wp\/v2\/product_cat?post=28424"},{"taxonomy":"product_tag","embeddable":true,"href":"https:\/\/www.filex.nl\/de\/wp-json\/wp\/v2\/product_tag?post=28424"}],"curies":[{"name":"wp","href":"https:\/\/api.w.org\/{rel}","templated":true}]}}