{"id":28442,"date":"2021-12-24T14:32:47","date_gmt":"2021-12-24T14:32:47","guid":{"rendered":"https:\/\/www.filex.nl\/product\/verstelbare-crossbar-premium-zwart\/"},"modified":"2023-11-24T17:12:14","modified_gmt":"2023-11-24T17:12:14","slug":"verstellbarer-quertraeger-premium-schwarz","status":"publish","type":"product","link":"https:\/\/www.filex.nl\/de\/produkt\/verstellbarer-quertraeger-premium-schwarz\/","title":{"rendered":"Verstellbarer Quertr\u00e4ger Premium \u2013 Schwarz"},"content":{"rendered":"<p>Der flexible und verstellbare universelle Filex-Basic-Quertr\u00e4ger ist die ideale L\u00f6sung f\u00fcr jeden Monitorarm, um unkompliziert 2 Monitore installieren zu k\u00f6nnen, ohne dabei auf Einstellm\u00f6glichkeiten zu verzichten!<\/p>\n<p>Weil der flexible und verstellbare Filex-Quertr\u00e4ger 2 Gelenke hat, k\u00f6nnen Sie den Monitor auf jeden gew\u00fcnschten Winkel einstellen (maximal 10 Grad Verstellbarkeit pro Monitor), sodass Sie f\u00fcr jeden Monitor einzeln den perfekten Blickwinkel einstellen k\u00f6nnen.<\/p>\n<p>Weil VESA-Anschl\u00fcsse mit einem Einstellbereich von 19 cm in der Breite pro VESA-Anschluss auf den Quertr\u00e4ger geschoben werden k\u00f6nnen, l\u00e4sst sich der flexible und verstellbare Filex-Quertr\u00e4ger in der Breite anpassen, <\/p>\n<p>Dadurch k\u00f6nnen Sie Monitore in diversen Gr\u00f6\u00dfen mit einer maximalen Breite von 70 cm pro Bildschirm einsetzen. <\/p>\n<p>Der flexible und verstellbare Filex-Quertr\u00e4ger wiegt 1500 Gramm, und der VESA-Anschluss ist mit zwei universellen VESA-Schnellverschl\u00fcssen versehen (VESA 75 x 75 und 100 x 100).<\/p>\n","protected":false},"excerpt":{"rendered":"<p>Der flexible und verstellbare universelle Filex-Basic-Quertr\u00e4ger! Wollen Sie bequem einen zweiten Monitor hinzuf\u00fcgen? Mithilfe dieses Quertr\u00e4gers ist das gar kein Problem! Dank seiner Flexibilit\u00e4t k\u00f6nnen Sie mit diesem Produkt gleichzeitig den perfekten Blickwinkel f\u00fcr Ihre Monitore einstellen!<\/p>\n","protected":false},"featured_media":15005,"template":"","meta":{"_acf_changed":false},"product_brand":[],"product_cat":[532,539],"product_tag":[],"class_list":{"0":"post-28442","1":"product","2":"type-product","3":"status-publish","4":"has-post-thumbnail","6":"product_cat-bestatigungen-optionen","7":"product_cat-quertrager","8":"pa_ean-code-8719747102961-de","9":"pa_kleur-schwarz","11":"first","12":"instock","13":"purchasable","14":"product-type-simple"},"acf":[],"_links":{"self":[{"href":"https:\/\/www.filex.nl\/de\/wp-json\/wp\/v2\/product\/28442","targetHints":{"allow":["GET"]}}],"collection":[{"href":"https:\/\/www.filex.nl\/de\/wp-json\/wp\/v2\/product"}],"about":[{"href":"https:\/\/www.filex.nl\/de\/wp-json\/wp\/v2\/types\/product"}],"wp:featuredmedia":[{"embeddable":true,"href":"https:\/\/www.filex.nl\/de\/wp-json\/wp\/v2\/media\/15005"}],"wp:attachment":[{"href":"https:\/\/www.filex.nl\/de\/wp-json\/wp\/v2\/media?parent=28442"}],"wp:term":[{"taxonomy":"product_brand","embeddable":true,"href":"https:\/\/www.filex.nl\/de\/wp-json\/wp\/v2\/product_brand?post=28442"},{"taxonomy":"product_cat","embeddable":true,"href":"https:\/\/www.filex.nl\/de\/wp-json\/wp\/v2\/product_cat?post=28442"},{"taxonomy":"product_tag","embeddable":true,"href":"https:\/\/www.filex.nl\/de\/wp-json\/wp\/v2\/product_tag?post=28442"}],"curies":[{"name":"wp","href":"https:\/\/api.w.org\/{rel}","templated":true}]}}