{"id":28445,"date":"2021-12-24T14:32:47","date_gmt":"2021-12-24T14:32:47","guid":{"rendered":"https:\/\/www.filex.nl\/product\/universele-vesa-slider-zwart\/"},"modified":"2024-03-08T15:27:45","modified_gmt":"2024-03-08T15:27:45","slug":"universal-vesa-schieberegler-schwarz","status":"publish","type":"product","link":"https:\/\/www.filex.nl\/de\/produkt\/universal-vesa-schieberegler-schwarz\/","title":{"rendered":"Universal VESA-Schieberegler &#8211; Schwarz"},"content":{"rendered":"<p>Der universelle Filex VESA-Schieberegler!<\/p>\n<p>Mit dem universellen VESA-Schieberegler k\u00f6nnen Sie Ihren Bildschirm einfach in der H\u00f6he verstellen. Die perfekte L\u00f6sung, um einen festen Monitorarm in einen verstellbaren Monitorarm zu verwandeln. Stufenlos h\u00f6henverstellbar und an die pers\u00f6nlichen Vorlieben anpassbar.<\/p>\n<p>Sind Sie gr\u00f6\u00dfer als Ihre Kollegen? Dann ist dies auch die richtige Erfindung f\u00fcr Sie!<\/p>\n<p>Einfach an jedem VESA-Anschluss oder an jeder Wand zu montieren.<\/p>\n<p>Schiebebereich: 20 cm.<br \/>\nH\u00f6chstgewicht: 8 kg.<br \/>\nVESA: 75 x 75 und 100 x 100.<\/p>\n<p>Dieser VESA-Slider wird standardm\u00e4\u00dfig mit Befestigungsschrauben und einer Diebstahlsicherung geliefert.<\/p>\n","protected":false},"excerpt":{"rendered":"<p>Der universelle VESA-Schieberegler von Filex! W\u00fcrden Sie Ihre Bildschirme gerne leicht nach links, rechts, oben oder unten verstellen, k\u00f6nnen dies aber mit Ihrem aktuellen Monitorarm nicht tun? Keine Panik! Mit diesem VESA-Schieberegler k\u00f6nnen Sie Ihren Bildschirm ganz einfach nach Wunsch einstellen, ohne einen neuen Monitorarm kaufen zu m\u00fcssen!<\/p>\n","protected":false},"featured_media":33055,"template":"","meta":{"_acf_changed":false},"product_brand":[],"product_cat":[532,548],"product_tag":[],"class_list":{"0":"post-28445","1":"product","2":"type-product","3":"status-publish","4":"has-post-thumbnail","6":"product_cat-bestatigungen-optionen","7":"product_cat-vesa-gleitschienen","8":"pa_kleur-schwarz","10":"first","11":"instock","12":"purchasable","13":"product-type-simple"},"acf":[],"_links":{"self":[{"href":"https:\/\/www.filex.nl\/de\/wp-json\/wp\/v2\/product\/28445","targetHints":{"allow":["GET"]}}],"collection":[{"href":"https:\/\/www.filex.nl\/de\/wp-json\/wp\/v2\/product"}],"about":[{"href":"https:\/\/www.filex.nl\/de\/wp-json\/wp\/v2\/types\/product"}],"wp:featuredmedia":[{"embeddable":true,"href":"https:\/\/www.filex.nl\/de\/wp-json\/wp\/v2\/media\/33055"}],"wp:attachment":[{"href":"https:\/\/www.filex.nl\/de\/wp-json\/wp\/v2\/media?parent=28445"}],"wp:term":[{"taxonomy":"product_brand","embeddable":true,"href":"https:\/\/www.filex.nl\/de\/wp-json\/wp\/v2\/product_brand?post=28445"},{"taxonomy":"product_cat","embeddable":true,"href":"https:\/\/www.filex.nl\/de\/wp-json\/wp\/v2\/product_cat?post=28445"},{"taxonomy":"product_tag","embeddable":true,"href":"https:\/\/www.filex.nl\/de\/wp-json\/wp\/v2\/product_tag?post=28445"}],"curies":[{"name":"wp","href":"https:\/\/api.w.org\/{rel}","templated":true}]}}