{"id":28446,"date":"2021-12-24T14:32:47","date_gmt":"2021-12-24T14:32:47","guid":{"rendered":"https:\/\/www.filex.nl\/product\/flex-crossbar-professional-zwart\/"},"modified":"2023-11-24T17:12:22","modified_gmt":"2023-11-24T17:12:22","slug":"flex-quertrager-professional-schwarz","status":"publish","type":"product","link":"https:\/\/www.filex.nl\/de\/produkt\/flex-quertrager-professional-schwarz\/","title":{"rendered":"Flex-Quertr\u00e4ger Professional \u2013 Schwarz"},"content":{"rendered":"<p>Der Filex-Flex-Quertr\u00e4ger (inklusive Griff) ist f\u00fcr zwei Bildschirme geeignet und kann an 1 Monitorarm montiert werden. <\/p>\n<p>Der Filex-Flex-Quertr\u00e4ger ist mit 2 verstellbaren universellen VESA-Schnellverschl\u00fcssen (75 x 75 und 100 x 100) mit Kugelgelenken ausgestattet, sodass beide Monitore unabh\u00e4ngig voneinander am Quertr\u00e4ger eingestellt werden k\u00f6nnen. <\/p>\n<p>Mit diesem Quertr\u00e4ger ist praktisch jede Position m\u00fchelos realisierbar; Hochformat, Querformat, Neigung und Blickwinkel k\u00f6nnen Sie jetzt unabh\u00e4ngig voneinander f\u00fcr jeden Monitor einzeln einstellen. <\/p>\n<p>Der Filex-Flex-Quertr\u00e4ger hat unten einen Griff, mit dem Sie Ihre Bildschirme ganz leicht in H\u00f6he und Tiefe verstellen k\u00f6nnen. Nat\u00fcrlich steht es Ihnen frei, ob Sie ihn dranmontieren wollen oder nicht. <\/p>\n<p>Au\u00dferdem eignet sich der Quertr\u00e4ger f\u00fcr Monitore von 17-32 Zoll und kann an jedem Filex-Monitorarm installiert werden.  So werden Sie nie wieder in Ihren M\u00f6glichkeiten eingeschr\u00e4nkt sein!<\/p>\n","protected":false},"excerpt":{"rendered":"<p>Der Filex-Flex-Quertr\u00e4ger! Eine sch\u00f6ne und schnelle Erg\u00e4nzung zu Ihrem Monitorarm, um einen zweiten Bildschirm hinzuzuf\u00fcgen! Dieser Flex-Quertr\u00e4ger hat ein schlankes Design, und dank der Kugelgelenke in den VESA-Kugelk\u00f6pfen k\u00f6nnen Sie den ergonomischsten Blickwinkel einstellen!<\/p>\n","protected":false},"featured_media":15044,"template":"","meta":{"_acf_changed":false},"product_brand":[],"product_cat":[532,539],"product_tag":[],"class_list":{"0":"post-28446","1":"product","2":"type-product","3":"status-publish","4":"has-post-thumbnail","6":"product_cat-bestatigungen-optionen","7":"product_cat-quertrager","8":"pa_ean-code-8719747100516-de","9":"pa_kleur-schwarz","11":"first","12":"instock","13":"purchasable","14":"product-type-simple"},"acf":[],"_links":{"self":[{"href":"https:\/\/www.filex.nl\/de\/wp-json\/wp\/v2\/product\/28446","targetHints":{"allow":["GET"]}}],"collection":[{"href":"https:\/\/www.filex.nl\/de\/wp-json\/wp\/v2\/product"}],"about":[{"href":"https:\/\/www.filex.nl\/de\/wp-json\/wp\/v2\/types\/product"}],"wp:featuredmedia":[{"embeddable":true,"href":"https:\/\/www.filex.nl\/de\/wp-json\/wp\/v2\/media\/15044"}],"wp:attachment":[{"href":"https:\/\/www.filex.nl\/de\/wp-json\/wp\/v2\/media?parent=28446"}],"wp:term":[{"taxonomy":"product_brand","embeddable":true,"href":"https:\/\/www.filex.nl\/de\/wp-json\/wp\/v2\/product_brand?post=28446"},{"taxonomy":"product_cat","embeddable":true,"href":"https:\/\/www.filex.nl\/de\/wp-json\/wp\/v2\/product_cat?post=28446"},{"taxonomy":"product_tag","embeddable":true,"href":"https:\/\/www.filex.nl\/de\/wp-json\/wp\/v2\/product_tag?post=28446"}],"curies":[{"name":"wp","href":"https:\/\/api.w.org\/{rel}","templated":true}]}}