{"id":28449,"date":"2021-12-24T14:32:27","date_gmt":"2021-12-24T14:32:27","guid":{"rendered":"https:\/\/www.filex.nl\/product\/galaxy-vesa-slider-zwart\/"},"modified":"2025-01-24T22:20:03","modified_gmt":"2025-01-24T22:20:03","slug":"galaxy-vesa-gleitschiene-schwarz","status":"publish","type":"product","link":"https:\/\/www.filex.nl\/de\/produkt\/galaxy-vesa-gleitschiene-schwarz\/","title":{"rendered":"Galaxy VESA-Gleitschiene \u2013 Schwarz"},"content":{"rendered":"<p>Die Filex-Galaxy-VESA-Gleitschiene! F\u00fcr den optimalen Einstellkomfort bei Monitoren in diversen Formaten hat Filex die VESA-Gleitschiene entwickelt. Die Filex-Galaxy-VESA-Gleitschiene kann universell eingesetzt werden und passt auf jede erh\u00e4ltliche VESA-Befestigung (75 x 75 und 100 x 100).<\/p>\n<p>Mit der VESA-Gleitschiene k\u00f6nnen Sie den Bildschirm f\u00fcr die richtige ergonomische und\/oder die optimale Position f\u00fcr Ihren Kunden oder Sie selbst stufenlos von links nach rechts verschieben. Gleichzeitig k\u00f6nnen Sie sich ohne Probleme einen gr\u00f6\u00dferen Monitor zulegen oder mit 2 unterschiedlichen Bildschirmen arbeiten und sie trotzdem nebeneinander platzieren.<\/p>\n<p>Die Filex-VESA-Gleitschiene hat einen Verstellbereich von 36 cm. Au\u00dferdem kann diese Filex-VESA-Gleitschiene (vertikal angebracht) auch noch in Kombination mit beispielsweise dem universellen Filex-Galaxy-Laptophalter (Artikelnummer 809498) verwendet werden, wodurch sich auch die Position des Laptops stufenlos in der H\u00f6he verstellen l\u00e4sst. Kurzum: Auf die Filex-VESA-Gleitschiene kann man an keinem Arbeitsplatz mehr verzichten!<\/p>\n","protected":false},"excerpt":{"rendered":"<p>Die Filex-Galaxy-VESA-Gleitschiene! Vielleicht haben Sie zwei verschiedene Bildschirme, oder die Bildschirme lassen sich nicht richtig nebeneinander anordnen. Dann ist diese Galaxy-VESA-Gleitschiene die L\u00f6sung f\u00fcr Sie! Nichts h\u00e4lt Sie mehr davon ab, damit eine ordentliche Arbeitsumgebung zu schaffen!<\/p>\n","protected":false},"featured_media":15434,"template":"","meta":{"_acf_changed":false},"product_brand":[],"product_cat":[622,532,548,649],"product_tag":[],"class_list":{"0":"post-28449","1":"product","2":"type-product","3":"status-publish","4":"has-post-thumbnail","6":"product_cat-galaxy-komponenten","7":"product_cat-bestatigungen-optionen","8":"product_cat-vesa-gleitschienen","9":"product_cat-galaxy-serie-de","10":"pa_ean-code-8719747103425-de","11":"pa_kleur-schwarz","13":"first","14":"instock","15":"purchasable","16":"product-type-simple"},"acf":[],"_links":{"self":[{"href":"https:\/\/www.filex.nl\/de\/wp-json\/wp\/v2\/product\/28449","targetHints":{"allow":["GET"]}}],"collection":[{"href":"https:\/\/www.filex.nl\/de\/wp-json\/wp\/v2\/product"}],"about":[{"href":"https:\/\/www.filex.nl\/de\/wp-json\/wp\/v2\/types\/product"}],"wp:featuredmedia":[{"embeddable":true,"href":"https:\/\/www.filex.nl\/de\/wp-json\/wp\/v2\/media\/15434"}],"wp:attachment":[{"href":"https:\/\/www.filex.nl\/de\/wp-json\/wp\/v2\/media?parent=28449"}],"wp:term":[{"taxonomy":"product_brand","embeddable":true,"href":"https:\/\/www.filex.nl\/de\/wp-json\/wp\/v2\/product_brand?post=28449"},{"taxonomy":"product_cat","embeddable":true,"href":"https:\/\/www.filex.nl\/de\/wp-json\/wp\/v2\/product_cat?post=28449"},{"taxonomy":"product_tag","embeddable":true,"href":"https:\/\/www.filex.nl\/de\/wp-json\/wp\/v2\/product_tag?post=28449"}],"curies":[{"name":"wp","href":"https:\/\/api.w.org\/{rel}","templated":true}]}}