{"id":28453,"date":"2021-12-24T14:32:27","date_gmt":"2021-12-24T14:32:27","guid":{"rendered":"https:\/\/www.filex.nl\/product\/galaxy-laptop-houder-zwart\/"},"modified":"2025-01-24T22:20:09","modified_gmt":"2025-01-24T22:20:09","slug":"galaxy-laptophalter-schwarz","status":"publish","type":"product","link":"https:\/\/www.filex.nl\/de\/produkt\/galaxy-laptophalter-schwarz\/","title":{"rendered":"Galaxy Laptophalter \u2013 Schwarz"},"content":{"rendered":"<p>Der (universelle) Filex-Galaxy-Laptop- und Tablethalter! Sind Sie daran gew\u00f6hnt, zuhause zu arbeiten, und wollen Sie dort gerne eine ergonomische H\u00f6he f\u00fcr den Laptop oder das Tablet einstellen? Oder kehren Sie ins B\u00fcro zur\u00fcck und arbeiten dort an flexiblen Arbeitspl\u00e4tzen, wo jeder am eigenen Laptop arbeitet? Dann ist dieser Laptophalter die L\u00f6sung f\u00fcr Sie!<br \/>\nMithilfe dieses Laptophalters k\u00f6nnen Sie schnell und einfach jeden Laptop und jedes Tablet an der VESA-Halterung (75 x 75 oder 100 x 100) Ihres Monitorarms montieren und sofort ergonomisch vertretbar arbeiten. Sie k\u00f6nnen bei Ihrem Laptop oder Ihrem Tablet H\u00f6he und Blickwinkel flexibel einstellen, wodurch Sie eine gute, ergonomische Haltung einnehmen!<\/p>\n<p>Sie wollen gerne einen passenden Monitorarm zu diesem Produkt dazuhaben und finden nicht ganz das Richtige? Sie k\u00f6nnen sich die gew\u00fcnschte Konfiguration auch komplett selbst zusammenstellen. M\u00f6chten Sie gerne Hilfe haben? Kontaktieren Sie uns! Wir helfen Ihnen gerne dabei, die richtigen ergonomischen Entscheidungen zu treffen!<\/p>\n","protected":false},"excerpt":{"rendered":"<p>Der universelle Filex-Galaxy-Laptophalter! Sind Sie im Au\u00dfendienst t\u00e4tig und arbeiten \u00f6fter mit dem Laptop an Flexiarbeitspl\u00e4tzen? Oder arbeiten Sie abwechselnd im B\u00fcro und zuhause? Es ist sehr angenehm, wenn man den Laptop auf die richtige ergonomische Arbeitsh\u00f6he einstellen kann. Daf\u00fcr ben\u00f6tigen Sie nur diesen Laptophalter f\u00fcr Ihren Monitorarm!<\/p>\n","protected":false},"featured_media":39417,"template":"","meta":{"_acf_changed":false},"product_brand":[],"product_cat":[622,532,546,649],"product_tag":[],"class_list":{"0":"post-28453","1":"product","2":"type-product","3":"status-publish","4":"has-post-thumbnail","6":"product_cat-galaxy-komponenten","7":"product_cat-bestatigungen-optionen","8":"product_cat-laptopstander","9":"product_cat-galaxy-serie-de","10":"pa_ean-code-8719747102275-de","11":"pa_kleur-schwarz","13":"first","14":"instock","15":"purchasable","16":"product-type-simple"},"acf":[],"_links":{"self":[{"href":"https:\/\/www.filex.nl\/de\/wp-json\/wp\/v2\/product\/28453","targetHints":{"allow":["GET"]}}],"collection":[{"href":"https:\/\/www.filex.nl\/de\/wp-json\/wp\/v2\/product"}],"about":[{"href":"https:\/\/www.filex.nl\/de\/wp-json\/wp\/v2\/types\/product"}],"wp:featuredmedia":[{"embeddable":true,"href":"https:\/\/www.filex.nl\/de\/wp-json\/wp\/v2\/media\/39417"}],"wp:attachment":[{"href":"https:\/\/www.filex.nl\/de\/wp-json\/wp\/v2\/media?parent=28453"}],"wp:term":[{"taxonomy":"product_brand","embeddable":true,"href":"https:\/\/www.filex.nl\/de\/wp-json\/wp\/v2\/product_brand?post=28453"},{"taxonomy":"product_cat","embeddable":true,"href":"https:\/\/www.filex.nl\/de\/wp-json\/wp\/v2\/product_cat?post=28453"},{"taxonomy":"product_tag","embeddable":true,"href":"https:\/\/www.filex.nl\/de\/wp-json\/wp\/v2\/product_tag?post=28453"}],"curies":[{"name":"wp","href":"https:\/\/api.w.org\/{rel}","templated":true}]}}