{"id":28457,"date":"2021-12-24T14:32:17","date_gmt":"2021-12-24T14:32:17","guid":{"rendered":"https:\/\/www.filex.nl\/product\/galaxy-direct-connect-crossbar-zwart\/"},"modified":"2025-01-24T22:20:13","modified_gmt":"2025-01-24T22:20:13","slug":"quertrager-galaxy-direct-connect-schwarz","status":"publish","type":"product","link":"https:\/\/www.filex.nl\/de\/produkt\/quertrager-galaxy-direct-connect-schwarz\/","title":{"rendered":"Quertr\u00e4ger Galaxy Direct-Connect \u2013 Schwarz"},"content":{"rendered":"<p>Der Filex-Galaxy-Direct-Connect-Quertr\u00e4ger!<\/p>\n<p>Mit diesem flexiblen Galaxy-Direct-Connect-Quertr\u00e4ger k\u00f6nnen Sie auf die wirtschaftlichste Art einen einzelnen Monitorarm f\u00fcr einen Bildschirm in eine optimale, ergonomisch vertretbare L\u00f6sung f\u00fcr zwei Bildschirme verwandeln.<\/p>\n<p>Sie bringen diesen Quertr\u00e4ger einfach an einem Monitorarm f\u00fcr 1 Bildschirm an, ohne Anschaffung eines Galaxy-VESA-Kugelkopfs f\u00fcr Quertr\u00e4ger! Der Name sagt es bereits: \u201eDirect-Connect! Der entsprechende VESA-Kugelkopf, den Sie am Monitorarm installieren, wird hier standardm\u00e4\u00dfig mitgeliefert.<\/p>\n<p>Der Quertr\u00e4ger geh\u00f6rt zur Galaxy-Familie, Sie k\u00f6nnen ihn also f\u00fcr jede Konfiguration des modularen Galaxy-Monitorarms verwenden!<\/p>\n<p>Die Bildschirme (bis 27 Zoll, wenn Sie diesen Quertr\u00e4ger verwenden) k\u00f6nnen nach der Montage mit den standardm\u00e4\u00dfig mitgelieferten VESA-Schnellverschl\u00fcssen vom Benutzer in jede gew\u00fcnschte Position gebracht werden.<\/p>\n<p>Mithilfe des beiliegenden verstellbaren Griffs am Quertr\u00e4ger k\u00f6nnen Sie ihn problemlos in eine andere Position bringen, ohne Fingerabdr\u00fccke auf den Monitoren zu hinterlassen.<\/p>\n","protected":false},"excerpt":{"rendered":"<p>Der Filex-Galaxy-Direct-Connect-Quertr\u00e4ger! Eine komfortable Erweiterungsm\u00f6glichkeit, wenn Sie einen zweiten Monitor einsetzen wollen! Sie brauchen nur diesen Quertr\u00e4ger zu Ihrem modularen Galaxy-Monitorarm hinzuf\u00fcgen, ohne Anschaffung eines VESA-Kugelkopfes f\u00fcr Quertr\u00e4ger, und schon haben Sie alles, was Sie ben\u00f6tigen!<\/p>\n","protected":false},"featured_media":53051,"template":"","meta":{"_acf_changed":false},"product_brand":[],"product_cat":[622,532,539,649],"product_tag":[],"class_list":{"0":"post-28457","1":"product","2":"type-product","3":"status-publish","4":"has-post-thumbnail","6":"product_cat-galaxy-komponenten","7":"product_cat-bestatigungen-optionen","8":"product_cat-quertrager","9":"product_cat-galaxy-serie-de","10":"pa_ean-code-8719747106549-de","11":"pa_kleur-schwarz","13":"first","14":"instock","15":"purchasable","16":"product-type-simple"},"acf":[],"_links":{"self":[{"href":"https:\/\/www.filex.nl\/de\/wp-json\/wp\/v2\/product\/28457","targetHints":{"allow":["GET"]}}],"collection":[{"href":"https:\/\/www.filex.nl\/de\/wp-json\/wp\/v2\/product"}],"about":[{"href":"https:\/\/www.filex.nl\/de\/wp-json\/wp\/v2\/types\/product"}],"wp:featuredmedia":[{"embeddable":true,"href":"https:\/\/www.filex.nl\/de\/wp-json\/wp\/v2\/media\/53051"}],"wp:attachment":[{"href":"https:\/\/www.filex.nl\/de\/wp-json\/wp\/v2\/media?parent=28457"}],"wp:term":[{"taxonomy":"product_brand","embeddable":true,"href":"https:\/\/www.filex.nl\/de\/wp-json\/wp\/v2\/product_brand?post=28457"},{"taxonomy":"product_cat","embeddable":true,"href":"https:\/\/www.filex.nl\/de\/wp-json\/wp\/v2\/product_cat?post=28457"},{"taxonomy":"product_tag","embeddable":true,"href":"https:\/\/www.filex.nl\/de\/wp-json\/wp\/v2\/product_tag?post=28457"}],"curies":[{"name":"wp","href":"https:\/\/api.w.org\/{rel}","templated":true}]}}