{"id":28460,"date":"2021-12-24T14:31:47","date_gmt":"2021-12-24T14:31:47","guid":{"rendered":"https:\/\/www.filex.nl\/product\/swing-dubbel-monitorarm-space-grey\/"},"modified":"2024-10-18T15:42:01","modified_gmt":"2024-10-18T15:42:01","slug":"doppelter-monitorarm-modell-swing-schwarz","status":"publish","type":"product","link":"https:\/\/www.filex.nl\/de\/produkt\/doppelter-monitorarm-modell-swing-schwarz\/","title":{"rendered":"Doppelter Monitorarm Modell Swing &#8211; Schwarz"},"content":{"rendered":"<p>Der Filex-Swing-Duo-Monitorarm! Dieser innovative Filex-Monitorarm, Modell Swing-Duo, ist der Monitorarm schlechthin f\u00fcr zwei Bildschirme bis sage und schreibe 32 Zoll und obendrein \u00e4u\u00dferst preisg\u00fcnstig!<\/p>\n<p>Die ideale L\u00f6sung f\u00fcr jeden Heimarbeitsplatz oder Arbeitsplatz, wo wirtschaftliche Vorteile den Ausschlag geben! Dieser ideale und bezahlbare dynamisch verstellbare Monitorarm bietet denn auch allen Benutzerkomfort.<\/p>\n<p>Mithilfe einer praktischen Topdown-Tischblattklemme k\u00f6nnen Sie den Arm schnell und einfach von oben an Ihrer Tischplatte befestigen. Die einzigartige Klemme verf\u00fcgt obendrein \u00fcber einen einstellbaren 180-Grad-Rotationsstopp. Die Klemme l\u00e4sst sich auch als Kabeldurchf\u00fchrung montieren, diese befindet sich n\u00e4mlich standardm\u00e4\u00dfig in der Verpackung. So stehen Ihnen alle Montagem\u00f6glichkeiten offen!<\/p>\n<p>Setzen Sie zuerst das schr\u00e4ge passive (statische) Armelement auf die Tischblattklemme\/Durchf\u00fchrung und darauf dann das aktive (gasgefederte) Armelement. Mit dem mitgelieferten Inbus k\u00f6nnen Sie einstellen, wie leicht sich der Bildschirm drehen l\u00e4sst.<br \/>\nBefestigen Sie die Monitore mit der VESA-Schnellverschlussbefestigung auf Basis von VESA 75 x 75 oder 100 x 100 und stellen Sie mit dem beiliegenden Inbus die Federkraft des dynamischen Arms auf das Gewicht Ihrer Monitore in horizontalem oder vertikalem Stand ein.<br \/>\nDanach verstecken Sie die Anschlusskabel der Monitore in der integrierten Kabelf\u00fchrung, und schon haben Sie wieder einen sch\u00f6n aufger\u00e4umten Arbeitsplatz.<\/p>\n<p>Der Arm ist jetzt einsatzbereit, und der Monitor kann geschmeidig von links nach rechts und oben nach unten bewegt werden! Kurzum: Er kann f\u00fcrs Einstellen des perfekten Blickwinkels und die beste ergonomische Arbeitshaltung auf jede Position eingestellt werden!<\/p>\n<p>Dieser Arm garantiert Ihnen nicht nur eine fantastische L\u00f6sung f\u00fcr die richtige und ergonomische Arbeitshaltung, er bietet Ihnen (abgesehen vom g\u00fcnstigen Preis) auch noch eine vollst\u00e4ndige Garantie \u00fcber zwei Jahre!<\/p>\n<p>Economy Heavy-Duty Dual-Monitor Gasfeder Monitorarm mit Griff<br \/>\nDie Gasfeder kompensiert perfekt das Gewicht Ihres Bildschirms, sodass Sie ihn f\u00fcr den Sehkomfort m\u00fchelos einstellen k\u00f6nnen<br \/>\nMit dem Easy-Grip-Griff ist das Herausziehen und Einrichten ganz einfach!<br \/>\nVerschiebbare horizontale Monitorleiste f\u00fcr ein einfaches und stufenloses Einstellen des Monitors<br \/>\nGebogene horizontale Schiene f\u00fcr eine bessere Blickposition<br \/>\nDer integrierte 180-Grad-Rotationsstopp verhindert, dass der Monitorarm gegen den Bildschirm oder die Wand schwingt<br \/>\nUm 360 Grad rotierende VESA-Platte f\u00fcr ein besseres Seherlebnis<br \/>\nFree-Tilting-Design: Damit l\u00e4sst sich der Monitor f\u00fcr eine bessere Sicht und weniger Blendung leicht vorw\u00e4rts oder r\u00fcckw\u00e4rts bewegen<br \/>\nEntfernbare VESA-Platte f\u00fcr eine leichte Installation<br \/>\nKabelmanagement: alles organisieren<\/p>\n","protected":false},"excerpt":{"rendered":"<p>Der Monitorarm Filex Swing f\u00fcr 2 Monitore und mit Gasfedern! Der wirtschaftlichste und gasgefederte Monitorarm von Filex! Ein geradliniges und modernes Design, bei dem auf die Ergonomie des Arbeitsplatzes geachtet wurde und auch darauf, dass die Kabel versteckt werden k\u00f6nnen!<\/p>\n","protected":false},"featured_media":54648,"template":"","meta":{"_acf_changed":false},"product_brand":[],"product_cat":[604,610,658],"product_tag":[],"class_list":{"0":"post-28460","1":"product","2":"type-product","3":"status-publish","4":"has-post-thumbnail","6":"product_cat-monitorarme","7":"product_cat-2-schermen-de","8":"product_cat-swing-monitorarme","9":"pa_kleur-schwarz","11":"first","12":"instock","13":"product-type-simple"},"acf":[],"_links":{"self":[{"href":"https:\/\/www.filex.nl\/de\/wp-json\/wp\/v2\/product\/28460","targetHints":{"allow":["GET"]}}],"collection":[{"href":"https:\/\/www.filex.nl\/de\/wp-json\/wp\/v2\/product"}],"about":[{"href":"https:\/\/www.filex.nl\/de\/wp-json\/wp\/v2\/types\/product"}],"wp:featuredmedia":[{"embeddable":true,"href":"https:\/\/www.filex.nl\/de\/wp-json\/wp\/v2\/media\/54648"}],"wp:attachment":[{"href":"https:\/\/www.filex.nl\/de\/wp-json\/wp\/v2\/media?parent=28460"}],"wp:term":[{"taxonomy":"product_brand","embeddable":true,"href":"https:\/\/www.filex.nl\/de\/wp-json\/wp\/v2\/product_brand?post=28460"},{"taxonomy":"product_cat","embeddable":true,"href":"https:\/\/www.filex.nl\/de\/wp-json\/wp\/v2\/product_cat?post=28460"},{"taxonomy":"product_tag","embeddable":true,"href":"https:\/\/www.filex.nl\/de\/wp-json\/wp\/v2\/product_tag?post=28460"}],"curies":[{"name":"wp","href":"https:\/\/api.w.org\/{rel}","templated":true}]}}