{"id":28461,"date":"2021-12-24T14:31:47","date_gmt":"2021-12-24T14:31:47","guid":{"rendered":"https:\/\/www.filex.nl\/product\/swing-enkel-monitorarm-zwart\/"},"modified":"2025-03-31T07:31:36","modified_gmt":"2025-03-31T07:31:36","slug":"single-monitorarm-modell-swing-schwarz","status":"publish","type":"product","link":"https:\/\/www.filex.nl\/de\/produkt\/single-monitorarm-modell-swing-schwarz\/","title":{"rendered":"Single Monitorarm Modell Swing \u2013 Schwarz"},"content":{"rendered":"<p>\u2022 Der Swing Einzel Monitorarm wird von einer starken Gasfeder betrieben<br \/>\n\u2022 Geeignet f\u00fcr Bildschirme bis zu 18 kg und 49\u201d-Curved-Monitore<br \/>\n\u2022 Einfach zu installieren mit Top-Down oder Kabeldurchf\u00fchrung<br \/>\n\u2022 Monitor kann auf einer 180\u00ba-Achse schwenken<br \/>\n\u2022 Bildschirm wird an einer VESA-Platte befestigt, mit Semi-Quick-Release<br \/>\n\u2022 Integriertes Kabelmanagement f\u00fcr effektive Kabelorganisation<br \/>\n\u2022 Optional kann die Swing-Basis mit USB-A- und -C-Ports\/Kabeln ausgestattet werden (Set separat erh\u00e4ltlich: 100136994)<br \/>\n\u2022 Langlebig mit voller 5-Jahres-Garantie<\/p>\n","protected":false},"excerpt":{"rendered":"<p>Der Swing Einzel Monitorarm ist robust und ideal f\u00fcr Einzel-Monitor-Arbeitspl\u00e4tze geeignet. Einfach zu installieren und anzupassen, Kabelmanagement ist standardm\u00e4\u00dfig enthalten.<\/p>\n","protected":false},"featured_media":54644,"template":"","meta":{"_acf_changed":false},"product_brand":[],"product_cat":[604,607,658],"product_tag":[],"class_list":{"0":"post-28461","1":"product","2":"type-product","3":"status-publish","4":"has-post-thumbnail","6":"product_cat-monitorarme","7":"product_cat-1-scherm-de","8":"product_cat-swing-monitorarme","9":"pa_ean-code-8719747103784-de","10":"pa_kleur-schwarz","12":"first","13":"instock","14":"product-type-simple"},"acf":[],"_links":{"self":[{"href":"https:\/\/www.filex.nl\/de\/wp-json\/wp\/v2\/product\/28461","targetHints":{"allow":["GET"]}}],"collection":[{"href":"https:\/\/www.filex.nl\/de\/wp-json\/wp\/v2\/product"}],"about":[{"href":"https:\/\/www.filex.nl\/de\/wp-json\/wp\/v2\/types\/product"}],"wp:featuredmedia":[{"embeddable":true,"href":"https:\/\/www.filex.nl\/de\/wp-json\/wp\/v2\/media\/54644"}],"wp:attachment":[{"href":"https:\/\/www.filex.nl\/de\/wp-json\/wp\/v2\/media?parent=28461"}],"wp:term":[{"taxonomy":"product_brand","embeddable":true,"href":"https:\/\/www.filex.nl\/de\/wp-json\/wp\/v2\/product_brand?post=28461"},{"taxonomy":"product_cat","embeddable":true,"href":"https:\/\/www.filex.nl\/de\/wp-json\/wp\/v2\/product_cat?post=28461"},{"taxonomy":"product_tag","embeddable":true,"href":"https:\/\/www.filex.nl\/de\/wp-json\/wp\/v2\/product_tag?post=28461"}],"curies":[{"name":"wp","href":"https:\/\/api.w.org\/{rel}","templated":true}]}}