{"id":28464,"date":"2021-12-24T14:31:47","date_gmt":"2021-12-24T14:31:47","guid":{"rendered":"https:\/\/www.filex.nl\/product\/splitter-egst-3-zwart\/"},"modified":"2025-04-30T10:12:36","modified_gmt":"2025-04-30T10:12:36","slug":"signalverteiler-3-poliger-steckverbinder-3","status":"publish","type":"product","link":"https:\/\/www.filex.nl\/de\/produkt\/signalverteiler-3-poliger-steckverbinder-3\/","title":{"rendered":"Signalverteiler 3-poliger Steckverbinder &#8211; 3"},"content":{"rendered":"<p>Der <span data-teams=\"true\">3-poliger Steckverbinder<\/span>-T-Splitter mit 3 Konnektoren! Mit diesem Signalverteiler kann eine <span data-teams=\"true\">3-poliger Steckverbinder<\/span>-3-Verbindung auf zwei Kabel aufgeteilt werden, wie es z.B. mit einem Y-Verteiler der Fall ist. So k\u00f6nnen Sie ein Verbindungskabel mit einem Anschlusskabel verbinden. Nat\u00fcrlich kann dieser T-Splitter auch sehr praktisch sein, wenn Sie Ihre Elektrifizierung erweitern wollen!<\/p>\n<p>Stecker Seite 1: 3-poliger Steckverbinder &#8211; 3polig &#8211; Buchse.<br \/>\nStecker Seite 2 und 3: 3-poliger Steckverbinder &#8211; 3polig &#8211; Stecker.<\/p>\n","protected":false},"excerpt":{"rendered":"<p>Der 3-poliger Steckverbinder-T-Splitter mit 3 Konnektoren! Ideal f\u00fcrs Aufteilen von 2 Kabeln! Wollen Sie mehr Anschl\u00fcsse haben oder den Beleuchtungsplan \u00fcberarbeiten? Dann ist dieses Produkt dabei unverzichtbar!<\/p>\n","protected":false},"featured_media":35966,"template":"","meta":{"_acf_changed":false},"product_brand":[],"product_cat":[592,597],"product_tag":[],"class_list":{"0":"post-28464","1":"product","2":"type-product","3":"status-publish","4":"has-post-thumbnail","6":"product_cat-kabelfuhrung","7":"product_cat-sonstiges","8":"pa_ean-code-8719747106464-de","9":"pa_kleur-schwarz","11":"first","12":"instock","13":"purchasable","14":"product-type-simple"},"acf":[],"_links":{"self":[{"href":"https:\/\/www.filex.nl\/de\/wp-json\/wp\/v2\/product\/28464","targetHints":{"allow":["GET"]}}],"collection":[{"href":"https:\/\/www.filex.nl\/de\/wp-json\/wp\/v2\/product"}],"about":[{"href":"https:\/\/www.filex.nl\/de\/wp-json\/wp\/v2\/types\/product"}],"wp:featuredmedia":[{"embeddable":true,"href":"https:\/\/www.filex.nl\/de\/wp-json\/wp\/v2\/media\/35966"}],"wp:attachment":[{"href":"https:\/\/www.filex.nl\/de\/wp-json\/wp\/v2\/media?parent=28464"}],"wp:term":[{"taxonomy":"product_brand","embeddable":true,"href":"https:\/\/www.filex.nl\/de\/wp-json\/wp\/v2\/product_brand?post=28464"},{"taxonomy":"product_cat","embeddable":true,"href":"https:\/\/www.filex.nl\/de\/wp-json\/wp\/v2\/product_cat?post=28464"},{"taxonomy":"product_tag","embeddable":true,"href":"https:\/\/www.filex.nl\/de\/wp-json\/wp\/v2\/product_tag?post=28464"}],"curies":[{"name":"wp","href":"https:\/\/api.w.org\/{rel}","templated":true}]}}