{"id":28472,"date":"2021-12-24T14:31:36","date_gmt":"2021-12-24T14:31:36","guid":{"rendered":"https:\/\/www.filex.nl\/product\/power-desk-up-1-0-1x-230v-1x-usb-ac-charge-zwart\/"},"modified":"2025-04-30T10:14:04","modified_gmt":"2025-04-30T10:14:04","slug":"power-desk-up-1-0-eine-230v-steckdosen-1-ladestelle-usb-ac","status":"publish","type":"product","link":"https:\/\/www.filex.nl\/de\/produkt\/power-desk-up-1-0-eine-230v-steckdosen-1-ladestelle-usb-ac\/","title":{"rendered":"Power Desk Up\u00ae 1.0 &#8211; eine 230V-Steckdosen, 1 Ladestelle USB-A+C"},"content":{"rendered":"<p>Die Serie Desk Up\u00ae 1.0. Ein schlankes und modern gestaltetes Erweiterungsmodul!<\/p>\n<p>Dieses geradlinige mattschwarze Modul ist standardm\u00e4\u00dfig mit zwei Montageplatten f\u00fcr die Montage auf oder unter dem Schreibtisch und auf der R\u00fcckseite mit einem festen, 1 Meter langen Anschlusskabel mit 3-poliger Steckverbinder ausgestattet.<\/p>\n<p>Sie k\u00f6nnen diese multifunktionale Elektrifizierungseinheit nicht nur auf oder unter der Arbeitsplatte einsetzen, sondern sie auch mithilfe der Galaxy-Kabelhalterung an jedem Galaxy-Monitorarm befestigen. So haben Sie all Ihre Stromanschl\u00fcsse direkt zur Hand!<\/p>\n<p>Die Aufbaueinheit ist kompakt und mit einer 230V-Steckdose sowie einem USB-A+C-Anschluss ausgestattet (5,0V &#8211; 3,1A &#8211; 15,5W).<\/p>\n<p>Nicht ganz unwichtig: Die Aufbaueinheit Power Desk Up\u00ae ist selbstverst\u00e4ndlich CE-zertifiziert! Bei uns stehen Sicherheit und Qualit\u00e4t an erster Stelle!<\/p>\n<p>Vergessen Sie nicht, ein Anschlusskabel in der gew\u00fcnschten L\u00e4nge dazu zu bestellen, damit Sie das Modul an eine Steckdose anschlie\u00dfen k\u00f6nnen.<\/p>\n<p>Lieferbare Farben: Mattschwarz and wei\u00df.<\/p>\n","protected":false},"excerpt":{"rendered":"<p>Die Serie Desk Up\u00ae 1.0! Die multifunktionale Elektrifizierungseinheit, die Sie sowohl an Ihren Schreibtisch klemmen als auch mithilfe einer Kabelspange am Galaxy-Monitorarm befestigen k\u00f6nnen! Sehen Sie sich all unsere M\u00f6glichkeiten und zahlreichen Optionen an, um die Einheit zu finden, die zu Ihren spezifischen W\u00fcnschen passt!<\/p>\n","protected":false},"featured_media":15245,"template":"","meta":{"_acf_changed":false},"product_brand":[],"product_cat":[635,640,567],"product_tag":[],"class_list":{"0":"post-28472","1":"product","2":"type-product","3":"status-publish","4":"has-post-thumbnail","6":"product_cat-desk-up-1-0-elektrifizierung","7":"product_cat-desk-up-elektrifizierung","8":"product_cat-elektrifizierung","9":"pa_ean-code-8719747105177-de","10":"pa_kleur-schwarz","11":"pa_kleur-weiss","13":"first","14":"instock","15":"purchasable","16":"product-type-variable","17":"has-default-attributes"},"acf":[],"_links":{"self":[{"href":"https:\/\/www.filex.nl\/de\/wp-json\/wp\/v2\/product\/28472","targetHints":{"allow":["GET"]}}],"collection":[{"href":"https:\/\/www.filex.nl\/de\/wp-json\/wp\/v2\/product"}],"about":[{"href":"https:\/\/www.filex.nl\/de\/wp-json\/wp\/v2\/types\/product"}],"wp:featuredmedia":[{"embeddable":true,"href":"https:\/\/www.filex.nl\/de\/wp-json\/wp\/v2\/media\/15245"}],"wp:attachment":[{"href":"https:\/\/www.filex.nl\/de\/wp-json\/wp\/v2\/media?parent=28472"}],"wp:term":[{"taxonomy":"product_brand","embeddable":true,"href":"https:\/\/www.filex.nl\/de\/wp-json\/wp\/v2\/product_brand?post=28472"},{"taxonomy":"product_cat","embeddable":true,"href":"https:\/\/www.filex.nl\/de\/wp-json\/wp\/v2\/product_cat?post=28472"},{"taxonomy":"product_tag","embeddable":true,"href":"https:\/\/www.filex.nl\/de\/wp-json\/wp\/v2\/product_tag?post=28472"}],"curies":[{"name":"wp","href":"https:\/\/api.w.org\/{rel}","templated":true}]}}