{"id":28475,"date":"2021-12-24T14:31:36","date_gmt":"2021-12-24T14:31:36","guid":{"rendered":"https:\/\/www.filex.nl\/product\/qi-power-spot-fr-zwart\/"},"modified":"2024-10-18T15:42:43","modified_gmt":"2024-10-18T15:42:43","slug":"qi-power-spot-fr","status":"publish","type":"product","link":"https:\/\/www.filex.nl\/de\/produkt\/qi-power-spot-fr\/","title":{"rendered":"QI Power-Spot\u00ae FR"},"content":{"rendered":"<p>Der Filex QI Power-Spot\u00ae jetzt mit kabellosem QI-Laden, USB-A und USB-C Charge!<\/p>\n<p>Das runde All-in-One-Einbauger\u00e4t, das Sie an Ihrem Arbeitsplatz nicht mehr missen m\u00f6chten!<\/p>\n<p>Diese Elektrifizierungseinheit von Filex ist in einem modernen Look gestaltet und hat ein einzigartiges niederl\u00e4ndisches Design. Die Stromversorgungseinheit kann in Ihrem Schreibtisch versenkt werden, wodurch das Ger\u00e4t sch\u00f6n verschwindet und Sie trotzdem einen sauberen Schreibtisch haben.<\/p>\n<p>Das Ger\u00e4t wird standardm\u00e4\u00dfig mit 1 x 230 V French Socket, 1 x USB A+C Charge (2,5A-5V) und 1 x einem (austauschbaren) Filex-Durchsatzmodul geliefert, so dass Sie jederzeit zwischen HDMI, einem RJ45-Anschluss oder einem USB-Erweiterungsmodul wechseln k\u00f6nnen (siehe Optionen unten). Bevorzugen Sie immer noch Pin-Earth anstelle von French Socket? Auch diese Ger\u00e4te haben wir in unserem Sortiment (Artikelnummern 681077 und 681078)!<\/p>\n<p>Dieses runde Einbaumodul hat sogar eine zus\u00e4tzliche Funktion!<\/p>\n<p>Nicht nur, dass die Power-Unit \u00fcber eine praktische Abdeckklappe verf\u00fcgt, die verhindert, dass Staub und Schmutz in Ihre Power-Unit eindringen, Sie k\u00f6nnen auf der Innenseite dieser Klappe dank der eingebauten QI-Technologie auch Ihr Smartphone aufladen!<\/p>\n<p>Alle Annehmlichkeiten in nur einem Ger\u00e4t &#8211; das wollen Sie doch auch, oder?<\/p>\n<p>Der Filex QI Power-Spot\u00ae verf\u00fcgt \u00fcber ein 2 Meter langes festes Anschlusskabel mit Schuko-Stecker und ist in der Farbe Schwarz erh\u00e4ltlich. \u00d8 80 mm. Ein anderes Modul in Ihrem Ger\u00e4t als das Kabelrohr? Fragen Sie uns direkt nach allen Optionen!<\/p>\n<p>Optionen f\u00fcr Filex-Module:<br \/>\n681083 &#8211; Filex HDMI-Modul Wei\u00df<br \/>\n681084 &#8211; Filex HDMI-Modul Schwarz<br \/>\n681081 &#8211; Filex RJ45-Modul Wei\u00df<br \/>\n681082 &#8211; Filex RJ45-Modul Schwarz<br \/>\n681085 &#8211; Filex USB-Erweiterungsmodul Wei\u00df<br \/>\n681086 &#8211; Filex USB Erweiterungsmodul Schwarz.<\/p>\n<p>Selbstverst\u00e4ndlich ist diese Elektrifizierungseinheit CE-zertifiziert.<\/p>\n","protected":false},"excerpt":{"rendered":"<p>Der Filex QI Power-Spot\u00ae! Ein rundes Einbauelektrifizierungsmodul, das Ihnen allen Komfort bietet! L\u00e4sst sich problemlos in Ihren Heimarbeitsplatz, im B\u00fcro oder in einen Konferenztisch einbauen, sodass Sie alle ben\u00f6tigten Anschl\u00fcsse direkt zur Hand haben! Selbst kabelloses Aufladen ist m\u00f6glich!<\/p>\n","protected":false},"featured_media":55169,"template":"","meta":{"_acf_changed":false},"product_brand":[],"product_cat":[657,567],"product_tag":[],"class_list":{"0":"post-28475","1":"product","2":"type-product","3":"status-publish","4":"has-post-thumbnail","6":"product_cat-power-spot-elektrifizierung","7":"product_cat-elektrifizierung","8":"pa_kleur-schwarz","9":"pa_kleur-weiss","11":"first","12":"instock","13":"purchasable","14":"product-type-variable","15":"has-default-attributes"},"acf":[],"_links":{"self":[{"href":"https:\/\/www.filex.nl\/de\/wp-json\/wp\/v2\/product\/28475","targetHints":{"allow":["GET"]}}],"collection":[{"href":"https:\/\/www.filex.nl\/de\/wp-json\/wp\/v2\/product"}],"about":[{"href":"https:\/\/www.filex.nl\/de\/wp-json\/wp\/v2\/types\/product"}],"wp:featuredmedia":[{"embeddable":true,"href":"https:\/\/www.filex.nl\/de\/wp-json\/wp\/v2\/media\/55169"}],"wp:attachment":[{"href":"https:\/\/www.filex.nl\/de\/wp-json\/wp\/v2\/media?parent=28475"}],"wp:term":[{"taxonomy":"product_brand","embeddable":true,"href":"https:\/\/www.filex.nl\/de\/wp-json\/wp\/v2\/product_brand?post=28475"},{"taxonomy":"product_cat","embeddable":true,"href":"https:\/\/www.filex.nl\/de\/wp-json\/wp\/v2\/product_cat?post=28475"},{"taxonomy":"product_tag","embeddable":true,"href":"https:\/\/www.filex.nl\/de\/wp-json\/wp\/v2\/product_tag?post=28475"}],"curies":[{"name":"wp","href":"https:\/\/api.w.org\/{rel}","templated":true}]}}