{"id":28476,"date":"2021-12-24T14:31:36","date_gmt":"2021-12-24T14:31:36","guid":{"rendered":"https:\/\/www.filex.nl\/product\/universele-smartphone-qi-charger\/"},"modified":"2024-10-18T15:42:25","modified_gmt":"2024-10-18T15:42:25","slug":"universelles-qi-ladegeraet-fuer-smartphones","status":"publish","type":"product","link":"https:\/\/www.filex.nl\/de\/produkt\/universelles-qi-ladegeraet-fuer-smartphones\/","title":{"rendered":"Universelles QI-Ladeger\u00e4t f\u00fcr Smartphones"},"content":{"rendered":"<p>Die Filex-QI-Halterung f\u00fcr jeden Arbeitsplatz und auch f\u00fcr unterwegs!<\/p>\n<p>Das universelle Filex-QI-Ladeger\u00e4t ist eine praktische, universelle Telefonhalterung, die Sie am Arbeitsplatz (beispielsweise in einem Filex Power Desk Up\u00ae mit einem leeren Keystone-Slot: Hierin k\u00f6nnen Sie ihn befestigen), aber auch im Auto verwenden k\u00f6nnen, wenn Sie unterwegs sind.<\/p>\n<p>Mithilfe des Kugelgelenks k\u00f6nnen Sie die Filex-Telefonhalterung f\u00fcr die optimale Nutzung am Arbeitsplatz oder unterwegs auf den bestm\u00f6glichen Blickwinkel einstellen.<\/p>\n<p>Da ein kabelloses QI-Schnellladeger\u00e4t der letzten Generation in die Halterung integriert ist, ist Ihr Telefon in kurzer Zeit kabellos wieder aufgeladen und das ohne l\u00e4stige Kabel.<\/p>\n<p>Das Filex-QI-Ladeger\u00e4t wird denn auch standardm\u00e4\u00dfig mit einem Saugnapf-Klemmmechanismus und einem L\u00fcftungsklemmmechanismus f\u00fcrs Auto geliefert. Nat\u00fcrlich liefern wir diese Modell standardm\u00e4\u00dfig auch komplett mit USB-Anschlusskabel.<\/p>\n<p>Kurzum, dieses universelle Filex-QI-Telefonladeger\u00e4t gew\u00e4hrleistet die beste Sichtposition am Arbeitsplatz oder im Auto, und auch der Akku ist immer voll.<\/p>\n<p>Spezifizierungen: USB 3.0 auf USB-C. Eingang: 5V\/2A, 9V\/1,67A, 12V\/1,67A. Leistung: 15W.<\/p>\n","protected":false},"excerpt":{"rendered":"<p>Das universelle QI-Ladeger\u00e4t von Filex f\u00fcr Ihr Telefon! Diese Telefonhalterung l\u00e4dt Ihr Smartphone im Handumdrehen kabellos auf und sorgt daf\u00fcr, dass Sie bequem zum Beispiel Ihr Navi einschalten k\u00f6nnen und einen guten Blick darauf haben. Unverzichtbar unterwegs, aber ebenso in einem Keystone-Modul-Slot im Filex Desk Up\u00ae an Ihrem Arbeitsplatz!<\/p>\n","protected":false},"featured_media":15248,"template":"","meta":{"_acf_changed":false},"product_brand":[],"product_cat":[567],"product_tag":[],"class_list":{"0":"post-28476","1":"product","2":"type-product","3":"status-publish","4":"has-post-thumbnail","6":"product_cat-elektrifizierung","7":"pa_ean-code-8719747103302-de","8":"pa_kleur-schwarz","10":"first","11":"instock","12":"purchasable","13":"product-type-simple"},"acf":[],"_links":{"self":[{"href":"https:\/\/www.filex.nl\/de\/wp-json\/wp\/v2\/product\/28476","targetHints":{"allow":["GET"]}}],"collection":[{"href":"https:\/\/www.filex.nl\/de\/wp-json\/wp\/v2\/product"}],"about":[{"href":"https:\/\/www.filex.nl\/de\/wp-json\/wp\/v2\/types\/product"}],"wp:featuredmedia":[{"embeddable":true,"href":"https:\/\/www.filex.nl\/de\/wp-json\/wp\/v2\/media\/15248"}],"wp:attachment":[{"href":"https:\/\/www.filex.nl\/de\/wp-json\/wp\/v2\/media?parent=28476"}],"wp:term":[{"taxonomy":"product_brand","embeddable":true,"href":"https:\/\/www.filex.nl\/de\/wp-json\/wp\/v2\/product_brand?post=28476"},{"taxonomy":"product_cat","embeddable":true,"href":"https:\/\/www.filex.nl\/de\/wp-json\/wp\/v2\/product_cat?post=28476"},{"taxonomy":"product_tag","embeddable":true,"href":"https:\/\/www.filex.nl\/de\/wp-json\/wp\/v2\/product_tag?post=28476"}],"curies":[{"name":"wp","href":"https:\/\/api.w.org\/{rel}","templated":true}]}}