{"id":28479,"date":"2021-12-24T14:31:36","date_gmt":"2021-12-24T14:31:36","guid":{"rendered":"https:\/\/www.filex.nl\/product\/desk-in-slide\/"},"modified":"2025-04-30T10:15:28","modified_gmt":"2025-04-30T10:15:28","slug":"desk-in-slide","status":"publish","type":"product","link":"https:\/\/www.filex.nl\/de\/produkt\/desk-in-slide\/","title":{"rendered":"Desk-In Slide"},"content":{"rendered":"<p>Das Desk-In-Slide-Aggregat ist die Elektrifizierungseinheit zum Einbauen, die Sie unter anderem unter Ihrem Konferenztisch nicht mehr missen wollen!<\/p>\n<p>Dieses Einbauaggregat besteht aus geb\u00fcrstetem Aluminium und verleiht jedem Schreibtisch, jedem Konferenztisch und jeder Wand eine moderne Ausstrahlung.<\/p>\n<p>Dank der beiden luxuri\u00f6sen Aluminiumteile, die Ihnen Zugriff auf zwei 230V-Steckdosen, 1 USB-A+C-Ladestellen, 1 Anschluss f\u00fcr Kabel Cat. 6 (Daten) und 1 HDMI-Anschluss (beides Keystone-Buchsen) bieten, kann der Desk-In Slide einfach als Ganzes oder in zwei separaten Teilen ge\u00f6ffnet werden.<\/p>\n<p>Die eingebaute intelligente USB-A+C-Ladestelle kann Ihr Telefon, Tablet oder Ihre anderen Ger\u00e4te schnell und sicher aufladen.<\/p>\n<p>Das Modul l\u00e4sst sich einfach montieren und wird mit einem Kabel mit 3-poliger Steckverbinder und einer L\u00e4nge von 1,8 Metern geliefert. Der Desk-In Slide hat einen Spannbereich von 40 mm.<\/p>\n","protected":false},"excerpt":{"rendered":"<p>Der Desk-In Slide! Die moderne Elektrifizierungseinheit zum Einbauen, die Ihnen einen klaren Blick auf Ihren Arbeitsplatz oder Konferenztisch erm\u00f6glicht! Alle notwendigen Anschl\u00fcsse zur Hand und eine luxuri\u00f6se Ausstrahlung, das ist doch ganz in Ihrem Sinn!<\/p>\n","protected":false},"featured_media":55125,"template":"","meta":{"_acf_changed":false},"product_brand":[],"product_cat":[567],"product_tag":[],"class_list":{"0":"post-28479","1":"product","2":"type-product","3":"status-publish","4":"has-post-thumbnail","6":"product_cat-elektrifizierung","7":"pa_ean-code-8719747103760-de","8":"pa_kleur-schwarz","9":"pa_kleur-zilver-zwart-de","11":"first","12":"instock","13":"purchasable","14":"product-type-variable","15":"has-default-attributes"},"acf":[],"_links":{"self":[{"href":"https:\/\/www.filex.nl\/de\/wp-json\/wp\/v2\/product\/28479","targetHints":{"allow":["GET"]}}],"collection":[{"href":"https:\/\/www.filex.nl\/de\/wp-json\/wp\/v2\/product"}],"about":[{"href":"https:\/\/www.filex.nl\/de\/wp-json\/wp\/v2\/types\/product"}],"wp:featuredmedia":[{"embeddable":true,"href":"https:\/\/www.filex.nl\/de\/wp-json\/wp\/v2\/media\/55125"}],"wp:attachment":[{"href":"https:\/\/www.filex.nl\/de\/wp-json\/wp\/v2\/media?parent=28479"}],"wp:term":[{"taxonomy":"product_brand","embeddable":true,"href":"https:\/\/www.filex.nl\/de\/wp-json\/wp\/v2\/product_brand?post=28479"},{"taxonomy":"product_cat","embeddable":true,"href":"https:\/\/www.filex.nl\/de\/wp-json\/wp\/v2\/product_cat?post=28479"},{"taxonomy":"product_tag","embeddable":true,"href":"https:\/\/www.filex.nl\/de\/wp-json\/wp\/v2\/product_tag?post=28479"}],"curies":[{"name":"wp","href":"https:\/\/api.w.org\/{rel}","templated":true}]}}