{"id":28483,"date":"2021-12-24T14:31:36","date_gmt":"2021-12-24T14:31:36","guid":{"rendered":"https:\/\/www.filex.nl\/product\/cablegrip-6-zwart\/"},"modified":"2024-10-18T15:42:28","modified_gmt":"2024-10-18T15:42:28","slug":"kabelklemme-6-schwarz","status":"publish","type":"product","link":"https:\/\/www.filex.nl\/de\/produkt\/kabelklemme-6-schwarz\/","title":{"rendered":"Kabelklemme 6 \u2013 Schwarz"},"content":{"rendered":"<p>Kabel immer schnell und einfach unter der Arbeitsplatte verstecken. Ob zuhause oder im B\u00fcro. F\u00fcr die Sicherheit ist es wichtig, dass man keine Stolperfallen durch Kabel auf dem Boden hat! <\/p>\n<p>Mithilfe dieser Kabelklemmen auf der Unterseite des Schreibtisches k\u00f6nnen Sie das Problem ganz einfach l\u00f6sen. Diese Kabelklemme hat 6 versenkte Schraubenl\u00f6cher. <\/p>\n<p>Auf Wunsch kann die Kabelklemme auch mit stark klebendem Schaumstoffklebeband befestigt werden.<\/p>\n<p>Ma\u00dfe 6 Schlaufen: 115 x 65 mm.<br \/>\nMaterial: Kunststoff.<\/p>\n","protected":false},"excerpt":{"rendered":"<p>Kabelklemmen von Filex! Wollen Sie schnell und unkompliziert daf\u00fcr sorgen, dass es an Ihrem Arbeitsplatz unterm Schreibtisch aufger\u00e4umt ist? Mit diesen Kabelklemmen machen Sie Schluss mit dem Kabelsalat und verstauen alle Kabel sicher und ordentlich.<\/p>\n","protected":false},"featured_media":54752,"template":"","meta":{"_acf_changed":false},"product_brand":[],"product_cat":[592,597],"product_tag":[],"class_list":{"0":"post-28483","1":"product","2":"type-product","3":"status-publish","4":"has-post-thumbnail","6":"product_cat-kabelfuhrung","7":"product_cat-sonstiges","8":"pa_kleur-schwarz","10":"first","11":"instock","12":"purchasable","13":"product-type-simple"},"acf":[],"_links":{"self":[{"href":"https:\/\/www.filex.nl\/de\/wp-json\/wp\/v2\/product\/28483","targetHints":{"allow":["GET"]}}],"collection":[{"href":"https:\/\/www.filex.nl\/de\/wp-json\/wp\/v2\/product"}],"about":[{"href":"https:\/\/www.filex.nl\/de\/wp-json\/wp\/v2\/types\/product"}],"wp:featuredmedia":[{"embeddable":true,"href":"https:\/\/www.filex.nl\/de\/wp-json\/wp\/v2\/media\/54752"}],"wp:attachment":[{"href":"https:\/\/www.filex.nl\/de\/wp-json\/wp\/v2\/media?parent=28483"}],"wp:term":[{"taxonomy":"product_brand","embeddable":true,"href":"https:\/\/www.filex.nl\/de\/wp-json\/wp\/v2\/product_brand?post=28483"},{"taxonomy":"product_cat","embeddable":true,"href":"https:\/\/www.filex.nl\/de\/wp-json\/wp\/v2\/product_cat?post=28483"},{"taxonomy":"product_tag","embeddable":true,"href":"https:\/\/www.filex.nl\/de\/wp-json\/wp\/v2\/product_tag?post=28483"}],"curies":[{"name":"wp","href":"https:\/\/api.w.org\/{rel}","templated":true}]}}