{"id":28487,"date":"2021-12-24T14:31:16","date_gmt":"2021-12-24T14:31:16","guid":{"rendered":"https:\/\/www.filex.nl\/product\/keystone-cat-6-alu\/"},"modified":"2023-11-24T17:12:57","modified_gmt":"2023-11-24T17:12:57","slug":"keystone-modul-cat-6-alu","status":"publish","type":"product","link":"https:\/\/www.filex.nl\/de\/produkt\/keystone-modul-cat-6-alu\/","title":{"rendered":"Keystone-Modul Cat. 6 \u2013 Alu"},"content":{"rendered":"<p>Filex-Keystone-Module: unverzichtbar! <\/p>\n<p>Keystone-Module k\u00f6nnen beispielsweise bei der Serie Filex Desk Up\u00ae 1.0 oder 2.0 in leere Slots eingesetzt werden. <\/p>\n<p>Aus Sicherheitsgr\u00fcnden sind alle Stromanschl\u00fcsse und USB-Aufladestellen immer fest installiert, aber wenn Sie gerne auch einen Anschluss f\u00fcr Netzwerkkabel RJ45 CAT. 6 haben wollen, k\u00f6nnen Sie in einen der leeren Keystone-Slots ein Keystone-Modul einsetzen. <\/p>\n<p>In jeden Keystone-Slot k\u00f6nnen Sie jederzeit 2 Keystone-Module einsetzen. Dieses Modul kann unter anderem f\u00fcr die Verkn\u00fcpfung von Daten verwendet werden. <\/p>\n<p>Dank der Standardma\u00dfe l\u00e4sst es sich bei der Montage einfach einstecken. <\/p>\n<p>Spezifizierungen: Anschluss RJ45 female > RJ45 female. F\u00fcr Keystone-Ports von 19,2 x 14,9 mm. Ma\u00dfe (L x B x H): 32,7 x 16 x 22 mm. <\/p>\n<p>Lieferbar in der Farbe Aluminium.<\/p>\n","protected":false},"excerpt":{"rendered":"<p>Die Keystone-Module von Filex! Unverzichtbar an jedem Arbeitsplatz mit Elektrifizierungseinheit. Wenn Sie dieses Keystone-Modul in den freien Keystone-Slot in Ihrer Elektrifizierungseinheit einsetzen, bleiben Sie in Ihren M\u00f6glichkeiten flexibel!<\/p>\n","protected":false},"featured_media":42866,"template":"","meta":{"_acf_changed":false},"product_brand":[],"product_cat":[567],"product_tag":[],"class_list":{"0":"post-28487","1":"product","2":"type-product","3":"status-publish","4":"has-post-thumbnail","6":"product_cat-elektrifizierung","7":"pa_kleur-aluminium-de","9":"first","10":"instock","11":"purchasable","12":"product-type-simple"},"acf":[],"_links":{"self":[{"href":"https:\/\/www.filex.nl\/de\/wp-json\/wp\/v2\/product\/28487","targetHints":{"allow":["GET"]}}],"collection":[{"href":"https:\/\/www.filex.nl\/de\/wp-json\/wp\/v2\/product"}],"about":[{"href":"https:\/\/www.filex.nl\/de\/wp-json\/wp\/v2\/types\/product"}],"wp:featuredmedia":[{"embeddable":true,"href":"https:\/\/www.filex.nl\/de\/wp-json\/wp\/v2\/media\/42866"}],"wp:attachment":[{"href":"https:\/\/www.filex.nl\/de\/wp-json\/wp\/v2\/media?parent=28487"}],"wp:term":[{"taxonomy":"product_brand","embeddable":true,"href":"https:\/\/www.filex.nl\/de\/wp-json\/wp\/v2\/product_brand?post=28487"},{"taxonomy":"product_cat","embeddable":true,"href":"https:\/\/www.filex.nl\/de\/wp-json\/wp\/v2\/product_cat?post=28487"},{"taxonomy":"product_tag","embeddable":true,"href":"https:\/\/www.filex.nl\/de\/wp-json\/wp\/v2\/product_tag?post=28487"}],"curies":[{"name":"wp","href":"https:\/\/api.w.org\/{rel}","templated":true}]}}