{"id":28490,"date":"2021-12-24T14:31:16","date_gmt":"2021-12-24T14:31:16","guid":{"rendered":"https:\/\/www.filex.nl\/product\/keystone-cat-6-a-alu\/"},"modified":"2024-10-18T15:42:42","modified_gmt":"2024-10-18T15:42:42","slug":"keystone-modul-cat-6-a-alu","status":"publish","type":"product","link":"https:\/\/www.filex.nl\/de\/produkt\/keystone-modul-cat-6-a-alu\/","title":{"rendered":"Keystone-Modul Cat. 6 A \u2013 Alu"},"content":{"rendered":"<p>Filex-Keystone-Module: unverzichtbar!<\/p>\n<p>Keystone-Module k\u00f6nnen beispielsweise bei der Serie Filex Desk Up\u00ae 1.0 oder 2.0 in leere Slots eingesetzt werden.<\/p>\n<p>Aus Sicherheitsgr\u00fcnden sind alle Stromanschl\u00fcsse und USB-Aufladestellen immer fest installiert, aber wenn Sie gerne auch einen Anschluss f\u00fcr Netzwerkkabel RJ45 CAT. 6A haben wollen, k\u00f6nnen Sie in einen der leeren Keystone-Slots ein Keystone-Modul einsetzen.<\/p>\n<p>In jeden Keystone-Slot k\u00f6nnen Sie jederzeit 2 Keystone-Module einsetzen. Dieses Modul kann unter anderem f\u00fcr die Verkn\u00fcpfung von Daten verwendet werden.<\/p>\n<p>Dank der Standardma\u00dfe l\u00e4sst es sich bei der Montage einfach einstecken.<\/p>\n<p>Spezifizierungen: Anschluss RJ45 female > RJ45 female, 1:1 verbunden, CAT. 6A F\u00fcr Keystone-Ports von 19,2 x 14,9 mm. Ma\u00dfe (L x B x H): 35,2 x 17,1 x 21,2 mm.<\/p>\n<p>Lieferbar in den Farben Aluminium, Schwarz und Wei\u00df.<\/p>\n","protected":false},"excerpt":{"rendered":"<p>Die Keystone-Module von Filex! Unverzichtbar an jedem Arbeitsplatz mit Elektrifizierungseinheit. Wenn Sie dieses Keystone-Modul in den freien Keystone-Slot in Ihrer Elektrifizierungseinheit einsetzen, bleiben Sie in Ihren M\u00f6glichkeiten flexibel!<\/p>\n","protected":false},"featured_media":42870,"template":"","meta":{"_acf_changed":false},"product_brand":[],"product_cat":[567],"product_tag":[],"class_list":{"0":"post-28490","1":"product","2":"type-product","3":"status-publish","4":"has-post-thumbnail","6":"product_cat-elektrifizierung","7":"pa_kleur-aluminium-de","8":"pa_kleur-schwarz","9":"pa_kleur-weiss","11":"first","12":"instock","13":"purchasable","14":"product-type-variable","15":"has-default-attributes"},"acf":[],"_links":{"self":[{"href":"https:\/\/www.filex.nl\/de\/wp-json\/wp\/v2\/product\/28490","targetHints":{"allow":["GET"]}}],"collection":[{"href":"https:\/\/www.filex.nl\/de\/wp-json\/wp\/v2\/product"}],"about":[{"href":"https:\/\/www.filex.nl\/de\/wp-json\/wp\/v2\/types\/product"}],"wp:featuredmedia":[{"embeddable":true,"href":"https:\/\/www.filex.nl\/de\/wp-json\/wp\/v2\/media\/42870"}],"wp:attachment":[{"href":"https:\/\/www.filex.nl\/de\/wp-json\/wp\/v2\/media?parent=28490"}],"wp:term":[{"taxonomy":"product_brand","embeddable":true,"href":"https:\/\/www.filex.nl\/de\/wp-json\/wp\/v2\/product_brand?post=28490"},{"taxonomy":"product_cat","embeddable":true,"href":"https:\/\/www.filex.nl\/de\/wp-json\/wp\/v2\/product_cat?post=28490"},{"taxonomy":"product_tag","embeddable":true,"href":"https:\/\/www.filex.nl\/de\/wp-json\/wp\/v2\/product_tag?post=28490"}],"curies":[{"name":"wp","href":"https:\/\/api.w.org\/{rel}","templated":true}]}}