{"id":28494,"date":"2021-12-24T14:30:55","date_gmt":"2021-12-24T14:30:55","guid":{"rendered":"https:\/\/www.filex.nl\/product\/power-desk-up-1-0-2x-230v-2x-keystone-wit\/"},"modified":"2025-04-30T10:18:49","modified_gmt":"2025-04-30T10:18:49","slug":"power-desk-up-1-0-zwei-230v-steckdosen-2-keystone-module","status":"publish","type":"product","link":"https:\/\/www.filex.nl\/de\/produkt\/power-desk-up-1-0-zwei-230v-steckdosen-2-keystone-module\/","title":{"rendered":"Power Desk Up\u00ae 1.0 &#8211; zwei 230V-Steckdosen, 2 Keystone-Module"},"content":{"rendered":"<p>Die Serie Desk Up\u00ae 1.0. Ein schlankes und modern gestaltetes Erweiterungsmodul!<\/p>\n<p>Dieses zweifarbige Erweiterungsmodul ist standardm\u00e4\u00dfig mit einer Tischplattenklemme f\u00fcr Plattenst\u00e4rken von 0-50 mm und einem festen 20 cm langen Anschlusskabel mit einem 3-poliger Steckverbinder auf der R\u00fcckseite ausgestattet.<\/p>\n<p>Sie k\u00f6nnen diese multifunktionale Elektrifizierungseinheit nicht nur auf den Schreibtisch stellen, sondern sie auch mithilfe der Galaxy-Kabelhalterung an jedem Galaxy-Monitorarm befestigen. So haben Sie all Ihre Stromanschl\u00fcsse direkt zur Hand!<\/p>\n<p>Dieses Modul ist mit zwei 230V-Steckdosen und 2 Keystone-Slots ausgestattet (eine freie Stelle, an der Sie per Keystone-Modul 2 Bl\u00f6cke nach Wahl einsetzen k\u00f6nnen), wo Sie beispielsweise Module f\u00fcr Data RJ 45 CAT. 6 und 6A, USB 2.0\/3.0, HDMI oder VGA-Keystone-Module einsetzen, den Sie aber auch als Kabelkanal nutzen k\u00f6nnen.<\/p>\n<p>Nicht ganz unwichtig: Die Aufbaueinheit Power Desk Up\u00ae ist selbstverst\u00e4ndlich CE-zertifiziert! Bei uns stehen Sicherheit und Qualit\u00e4t an erster Stelle!<\/p>\n<p>Vergessen Sie nicht, ein Anschlusskabel in der gew\u00fcnschten L\u00e4nge dazu zu bestellen, damit Sie das Modul an eine Steckdose anschlie\u00dfen k\u00f6nnen.<\/p>\n<p>Dieses Modul ist in der Farbe Wei\u00df mit Aluminium lieferbar.<\/p>\n","protected":false},"excerpt":{"rendered":"<p>Die Serie Desk Up\u00ae 1.0! Die multifunktionale Elektrifizierungseinheit, die Sie sowohl an Ihren Schreibtisch klemmen als auch mithilfe einer Kabelspange am Galaxy-Monitorarm befestigen k\u00f6nnen! Sehen Sie sich all unsere M\u00f6glichkeiten und zahlreichen Optionen an, um die Einheit zu finden, die zu Ihren spezifischen W\u00fcnschen passt!<\/p>\n","protected":false},"featured_media":15068,"template":"","meta":{"_acf_changed":false},"product_brand":[],"product_cat":[635,640,567],"product_tag":[],"class_list":{"0":"post-28494","1":"product","2":"type-product","3":"status-publish","4":"has-post-thumbnail","6":"product_cat-desk-up-1-0-elektrifizierung","7":"product_cat-desk-up-elektrifizierung","8":"product_cat-elektrifizierung","9":"pa_ean-code-8719747101896-de","10":"pa_kleur-weiss-aluminium","12":"first","13":"instock","14":"purchasable","15":"product-type-simple"},"acf":[],"_links":{"self":[{"href":"https:\/\/www.filex.nl\/de\/wp-json\/wp\/v2\/product\/28494","targetHints":{"allow":["GET"]}}],"collection":[{"href":"https:\/\/www.filex.nl\/de\/wp-json\/wp\/v2\/product"}],"about":[{"href":"https:\/\/www.filex.nl\/de\/wp-json\/wp\/v2\/types\/product"}],"wp:featuredmedia":[{"embeddable":true,"href":"https:\/\/www.filex.nl\/de\/wp-json\/wp\/v2\/media\/15068"}],"wp:attachment":[{"href":"https:\/\/www.filex.nl\/de\/wp-json\/wp\/v2\/media?parent=28494"}],"wp:term":[{"taxonomy":"product_brand","embeddable":true,"href":"https:\/\/www.filex.nl\/de\/wp-json\/wp\/v2\/product_brand?post=28494"},{"taxonomy":"product_cat","embeddable":true,"href":"https:\/\/www.filex.nl\/de\/wp-json\/wp\/v2\/product_cat?post=28494"},{"taxonomy":"product_tag","embeddable":true,"href":"https:\/\/www.filex.nl\/de\/wp-json\/wp\/v2\/product_tag?post=28494"}],"curies":[{"name":"wp","href":"https:\/\/api.w.org\/{rel}","templated":true}]}}