{"id":28498,"date":"2021-12-24T14:30:55","date_gmt":"2021-12-24T14:30:55","guid":{"rendered":"https:\/\/www.filex.nl\/product\/power-spot-zwart\/"},"modified":"2025-04-30T10:20:59","modified_gmt":"2025-04-30T10:20:59","slug":"power-spot","status":"publish","type":"product","link":"https:\/\/www.filex.nl\/de\/produkt\/power-spot\/","title":{"rendered":"Power-Spot\u00ae"},"content":{"rendered":"<p>Der Power-Spot\u00ae. Sch\u00f6n und ordentlich in jedem Schreibtisch versteckt, ob zuhause oder im B\u00fcro.<\/p>\n<p>Weil diese Elektrifizierungseinheit ein modernes und schlankes Design hat, l\u00e4sst sie sich sch\u00f6n in jeden Schreibtisch versenken. Gleichzeitig haben Sie alle gebr\u00e4uchlichen Anschl\u00fcsse zur Hand!<\/p>\n<p>Beim Power-Spot\u00ae handelt es sich um eine runde Einbaueinheit mit einer 230V-Steckdose und einem Kabelkanal.<\/p>\n<p>Dank der Kabeldurchf\u00fchrung haben Sie jederzeit einen sauberen, aufger\u00e4umten Schreibtisch und reduzieren das Risiko, an Kabeln h\u00e4ngen zu bleiben oder dar\u00fcber zu stolpern!<\/p>\n<p>Der Power-Spot\u00ae hat eine Einbaugr\u00f6\u00dfe von \u00d860 mm und ist standardm\u00e4\u00dfig mit einem 1,7 Meter langen Anschlusskabel mit Schutzkontaktstecker ausgestattet. Wie praktisch, denn so brauchen Sie nicht auch noch ein Anschlusskabel zu bestellen und k\u00f6nnen das Modul direkt an die Steckdose anschlie\u00dfen!<\/p>\n<p>Lieferbar in der Farbe Schwarz.<\/p>\n","protected":false},"excerpt":{"rendered":"<p>Der Power-Spot\u00ae mit Kabeldurchf\u00fchrung! Mit dieser eingebauten Elektrifizierungseinheit k\u00f6nnen Sie kaum noch etwas falsch machen! Diese Einbaueinheit ist in Ihre Arbeitsplatte oder den Konferenztisch eingelassen, sorgt mit der Kabeldurchf\u00fchrung f\u00fcr einen aufger\u00e4umten Platz und erf\u00fcllt all Ihre Bed\u00fcrfnisse!<\/p>\n","protected":false},"featured_media":15056,"template":"","meta":{"_acf_changed":false},"product_brand":[],"product_cat":[657,567],"product_tag":[],"class_list":{"0":"post-28498","1":"product","2":"type-product","3":"status-publish","4":"has-post-thumbnail","6":"product_cat-power-spot-elektrifizierung","7":"product_cat-elektrifizierung","8":"pa_ean-code-8719747101810-de","9":"pa_kleur-schwarz","11":"first","12":"instock","13":"purchasable","14":"product-type-simple"},"acf":[],"_links":{"self":[{"href":"https:\/\/www.filex.nl\/de\/wp-json\/wp\/v2\/product\/28498","targetHints":{"allow":["GET"]}}],"collection":[{"href":"https:\/\/www.filex.nl\/de\/wp-json\/wp\/v2\/product"}],"about":[{"href":"https:\/\/www.filex.nl\/de\/wp-json\/wp\/v2\/types\/product"}],"wp:featuredmedia":[{"embeddable":true,"href":"https:\/\/www.filex.nl\/de\/wp-json\/wp\/v2\/media\/15056"}],"wp:attachment":[{"href":"https:\/\/www.filex.nl\/de\/wp-json\/wp\/v2\/media?parent=28498"}],"wp:term":[{"taxonomy":"product_brand","embeddable":true,"href":"https:\/\/www.filex.nl\/de\/wp-json\/wp\/v2\/product_brand?post=28498"},{"taxonomy":"product_cat","embeddable":true,"href":"https:\/\/www.filex.nl\/de\/wp-json\/wp\/v2\/product_cat?post=28498"},{"taxonomy":"product_tag","embeddable":true,"href":"https:\/\/www.filex.nl\/de\/wp-json\/wp\/v2\/product_tag?post=28498"}],"curies":[{"name":"wp","href":"https:\/\/api.w.org\/{rel}","templated":true}]}}