{"id":30918,"date":"2022-07-29T14:15:59","date_gmt":"2022-07-29T14:15:59","guid":{"rendered":"https:\/\/www.filex.nl\/product\/3-in-1-wireless-quick-charger-zwart\/"},"modified":"2024-10-18T15:42:37","modified_gmt":"2024-10-18T15:42:37","slug":"3-in-1-kabelloses-schnellladegerat-schwarz","status":"publish","type":"product","link":"https:\/\/www.filex.nl\/de\/produkt\/3-in-1-kabelloses-schnellladegerat-schwarz\/","title":{"rendered":"3 in 1 Kabelloses Schnellladeger\u00e4t &#8211; Schwarz"},"content":{"rendered":"<p>Das Filex QI 3-in-1-Ladeger\u00e4t f\u00fcr alle Ihre am h\u00e4ufigsten verwendeten Ger\u00e4te. Dieses Filex-Ladeger\u00e4t ist mit einer kabellosen Telefonhalterung ausgestattet, auf der Ihr Telefon in kurzer Zeit vollst\u00e4ndig aufgeladen wird. Dieses Ladeger\u00e4t dient auch als Telefonhalterung.<br \/>\nSie k\u00f6nnen nicht nur Ihr Smartphone, sondern auch Ihre Iwatch (Apple) und Ihre Kopfh\u00f6rer kabellos aufladen! Dieses Produkt zeichnet sich durch hohen Nutzungskomfort und Funktionalit\u00e4t aus!<\/p>\n<p>Eingang: 12V.2A, 9V.2A, 5V.2A<br \/>\nMobiltelefon-Ausgang: 15W, 10W, 7,5W, 5W<br \/>\nKopfh\u00f6rerausgang: 3 W,<br \/>\nLeistung der Uhr: 2,5 W<br \/>\nAufladeabstand: 2-8mm<br \/>\nEingangsanschluss: TYPE-C<br \/>\nWirkungsgrad der Aufladung: 78 %.<\/p>\n<p>Dieses Produkt enth\u00e4lt ein 1 Meter langes Kabel mit einem USB-A-Anschluss.<br \/>\nBitte beachten Sie, dass f\u00fcr Iphone Apple 13 pro, 14 pro und &#8216;max&#8217; Varianten, m\u00fcssen Sie Ihr Telefon horizontal zu laden.<\/p>\n","protected":false},"excerpt":{"rendered":"<p>Das Filex 3 in 1 QI-Ladeger\u00e4t f\u00fcr Ihr Handy, Ihre Iwatch (Apple) und Ihre wiederaufladbaren Kopfh\u00f6rer! Sie m\u00fcssen sich nicht mehr aussuchen, in welcher Reihenfolge Sie Ihre Produkte aufladen wollen, und auch nicht mehr all die verschiedenen Ladem\u00f6glichkeiten auf Ihrem Schreibtisch. Dieses Ladeger\u00e4t schafft wirklich eine Clean Desk-Politik!<\/p>\n","protected":false},"featured_media":30677,"template":"","meta":{"_acf_changed":false},"product_brand":[],"product_cat":[567],"product_tag":[],"class_list":{"0":"post-30918","1":"product","2":"type-product","3":"status-publish","4":"has-post-thumbnail","6":"product_cat-elektrifizierung","7":"pa_ean-code-8719747106587-de","8":"pa_kleur-schwarz","10":"first","11":"instock","12":"shipping-taxable","13":"purchasable","14":"product-type-simple"},"acf":[],"_links":{"self":[{"href":"https:\/\/www.filex.nl\/de\/wp-json\/wp\/v2\/product\/30918","targetHints":{"allow":["GET"]}}],"collection":[{"href":"https:\/\/www.filex.nl\/de\/wp-json\/wp\/v2\/product"}],"about":[{"href":"https:\/\/www.filex.nl\/de\/wp-json\/wp\/v2\/types\/product"}],"wp:featuredmedia":[{"embeddable":true,"href":"https:\/\/www.filex.nl\/de\/wp-json\/wp\/v2\/media\/30677"}],"wp:attachment":[{"href":"https:\/\/www.filex.nl\/de\/wp-json\/wp\/v2\/media?parent=30918"}],"wp:term":[{"taxonomy":"product_brand","embeddable":true,"href":"https:\/\/www.filex.nl\/de\/wp-json\/wp\/v2\/product_brand?post=30918"},{"taxonomy":"product_cat","embeddable":true,"href":"https:\/\/www.filex.nl\/de\/wp-json\/wp\/v2\/product_cat?post=30918"},{"taxonomy":"product_tag","embeddable":true,"href":"https:\/\/www.filex.nl\/de\/wp-json\/wp\/v2\/product_tag?post=30918"}],"curies":[{"name":"wp","href":"https:\/\/api.w.org\/{rel}","templated":true}]}}