{"id":30921,"date":"2022-07-29T14:49:44","date_gmt":"2022-07-29T14:49:44","guid":{"rendered":"https:\/\/www.filex.nl\/product\/universele-qi-smartphone-houder\/"},"modified":"2024-10-18T15:42:38","modified_gmt":"2024-10-18T15:42:38","slug":"universal-qi-smartphone-halter","status":"publish","type":"product","link":"https:\/\/www.filex.nl\/de\/produkt\/universal-qi-smartphone-halter\/","title":{"rendered":"Universal QI Smartphone-Halter"},"content":{"rendered":"<p>Der Filex Universal QI Smartphone-Halter f\u00fcr jeden Arbeitsplatz!<\/p>\n<p>Das Filex Universal QI-Ladeger\u00e4t ist ein praktischer Universal-Telefonhalter, den Sie an Ihrem Arbeitsplatz, aber auch zum Beispiel auf Ihrem Nachttisch verwenden k\u00f6nnen!<\/p>\n<p>Durch den festen Fu\u00df des QI-Halters k\u00f6nnen Sie ihn einfach \u00fcberall platzieren, er ist stabil und in einem kleinen Blickwinkel, so dass Sie sofort sehen k\u00f6nnen, wie sp\u00e4t es ist oder welche Nachrichten Sie in der Zwischenzeit erhalten haben.<\/p>\n<p>Da die Halterung mit dem kabellosen QI-Schnellladeger\u00e4t der neuesten Generation ausgestattet ist, wird Ihr Telefon immer in kurzer Zeit kabellos aufgeladen, und Sie m\u00fcssen sich nicht mehr mit l\u00e4stigen Kabeln herum\u00e4rgern.<\/p>\n<p>Auf dem Ladeger\u00e4t befindet sich ein gr\u00fcnes Licht, das anzeigt, dass die Elektrifizierungseinheit angeschlossen ist, und ein blaues Licht, damit Sie leicht erkennen k\u00f6nnen, dass Ihr Smartphone geladen wird.<br \/>\nDas Filex QI-Ladeger\u00e4t wird mit einem 75 cm langen USB-A-Anschlusskabel geliefert.<\/p>\n<p>Kurz gesagt, mit diesem Filex Universal QI Smartphone-Halter haben Sie eine optimale Sichtposition an Ihrem Arbeitsplatz oder an jedem anderen denkbaren Ort und Sie haben immer einen vollen Akku.<\/p>\n<p>Spezifikationen:<\/p>\n<p>Eingang: 5V\/2A, 9V\/1,67A. Ausgangsleistung: 10W\/15W\/20W\/30W<\/p>\n","protected":false},"excerpt":{"rendered":"<p>Das universelle Filex QI-Ladeger\u00e4t f\u00fcr Ihr Handy! Dieser Handyhalter l\u00e4dt Ihr Smartphone im Handumdrehen kabellos auf. Unverzichtbar am Arbeitsplatz oder sogar auf dem Nachttisch!<\/p>\n","protected":false},"featured_media":30706,"template":"","meta":{"_acf_changed":false},"product_brand":[],"product_cat":[567],"product_tag":[],"class_list":{"0":"post-30921","1":"product","2":"type-product","3":"status-publish","4":"has-post-thumbnail","6":"product_cat-elektrifizierung","7":"pa_ean-code-8719747107010-de","8":"pa_kleur-schwarz","10":"first","11":"instock","12":"shipping-taxable","13":"purchasable","14":"product-type-simple"},"acf":[],"_links":{"self":[{"href":"https:\/\/www.filex.nl\/de\/wp-json\/wp\/v2\/product\/30921","targetHints":{"allow":["GET"]}}],"collection":[{"href":"https:\/\/www.filex.nl\/de\/wp-json\/wp\/v2\/product"}],"about":[{"href":"https:\/\/www.filex.nl\/de\/wp-json\/wp\/v2\/types\/product"}],"wp:featuredmedia":[{"embeddable":true,"href":"https:\/\/www.filex.nl\/de\/wp-json\/wp\/v2\/media\/30706"}],"wp:attachment":[{"href":"https:\/\/www.filex.nl\/de\/wp-json\/wp\/v2\/media?parent=30921"}],"wp:term":[{"taxonomy":"product_brand","embeddable":true,"href":"https:\/\/www.filex.nl\/de\/wp-json\/wp\/v2\/product_brand?post=30921"},{"taxonomy":"product_cat","embeddable":true,"href":"https:\/\/www.filex.nl\/de\/wp-json\/wp\/v2\/product_cat?post=30921"},{"taxonomy":"product_tag","embeddable":true,"href":"https:\/\/www.filex.nl\/de\/wp-json\/wp\/v2\/product_tag?post=30921"}],"curies":[{"name":"wp","href":"https:\/\/api.w.org\/{rel}","templated":true}]}}