{"id":30928,"date":"2022-08-02T08:26:44","date_gmt":"2022-08-02T08:26:44","guid":{"rendered":"https:\/\/www.filex.nl\/product\/power-spot-usb-charge-egst\/"},"modified":"2025-04-30T09:26:41","modified_gmt":"2025-04-30T09:26:41","slug":"power-spot-usb-ladestelle-3-poliger-steckverbinder","status":"publish","type":"product","link":"https:\/\/www.filex.nl\/de\/produkt\/power-spot-usb-ladestelle-3-poliger-steckverbinder\/","title":{"rendered":"Power-Spot\u00ae \u2013 USB-Ladestelle 3-poliger Steckverbinder"},"content":{"rendered":"<p>Der\u00a0 Power-Spot\u00ae. Sch\u00f6n und ordentlich in jedem Schreibtisch versteckt, ob zuhause oder im B\u00fcro.<\/p>\n<p>Weil diese Elektrifizierungseinheit ein modernes und schlankes Design hat, l\u00e4sst sie sich sch\u00f6n in jeden Schreibtisch versenken. Gleichzeitig haben Sie alle gebr\u00e4uchlichen Anschl\u00fcsse zur Hand!<\/p>\n<p>Beim Power-Spot\u00ae handelt es sich um eine runde Einbaueinheit mit einer 230V-Steckdose und einer USB-Ladestelle.<\/p>\n<p>Der Power-Spot\u00ae hat eine Einbaugr\u00f6\u00dfe von \u00d860 mm und ist standardm\u00e4\u00dfig mit einem 1,7 Meter langen Anschlusskabel mit <span data-teams=\"true\">3-poliger Steckverbinder<\/span> ausgestattet. Praktisch, denn so k\u00f6nnen Sie ihn zum Beispiel direkt an Ihre Mehrfachsteckdose anschlie\u00dfen!<\/p>\n<p>Lieferbar in den Farben Schwarz und Wei\u00df.<\/p>\n","protected":false},"excerpt":{"rendered":"<p>Der Power-Spot\u00ae mit USB-A-Ladestelle! Mit dieser eingebauten Elektrifizierungseinheit k\u00f6nnen Sie kaum noch etwas falsch machen! Diese Einbaueinheit ist in Ihre Arbeitsplatte oder den Konferenztisch eingelassen und erf\u00fcllt all Ihre Bed\u00fcrfnisse!<\/p>\n","protected":false},"featured_media":54804,"template":"","meta":{"_acf_changed":false},"product_brand":[],"product_cat":[657,567],"product_tag":[],"class_list":{"0":"post-30928","1":"product","2":"type-product","3":"status-publish","4":"has-post-thumbnail","6":"product_cat-power-spot-elektrifizierung","7":"product_cat-elektrifizierung","8":"pa_kleur-schwarz","9":"pa_kleur-weiss","11":"first","12":"instock","13":"shipping-taxable","14":"purchasable","15":"product-type-variable","16":"has-default-attributes"},"acf":[],"_links":{"self":[{"href":"https:\/\/www.filex.nl\/de\/wp-json\/wp\/v2\/product\/30928","targetHints":{"allow":["GET"]}}],"collection":[{"href":"https:\/\/www.filex.nl\/de\/wp-json\/wp\/v2\/product"}],"about":[{"href":"https:\/\/www.filex.nl\/de\/wp-json\/wp\/v2\/types\/product"}],"wp:featuredmedia":[{"embeddable":true,"href":"https:\/\/www.filex.nl\/de\/wp-json\/wp\/v2\/media\/54804"}],"wp:attachment":[{"href":"https:\/\/www.filex.nl\/de\/wp-json\/wp\/v2\/media?parent=30928"}],"wp:term":[{"taxonomy":"product_brand","embeddable":true,"href":"https:\/\/www.filex.nl\/de\/wp-json\/wp\/v2\/product_brand?post=30928"},{"taxonomy":"product_cat","embeddable":true,"href":"https:\/\/www.filex.nl\/de\/wp-json\/wp\/v2\/product_cat?post=30928"},{"taxonomy":"product_tag","embeddable":true,"href":"https:\/\/www.filex.nl\/de\/wp-json\/wp\/v2\/product_tag?post=30928"}],"curies":[{"name":"wp","href":"https:\/\/api.w.org\/{rel}","templated":true}]}}