{"id":30937,"date":"2022-08-02T12:40:04","date_gmt":"2022-08-02T12:40:04","guid":{"rendered":"https:\/\/www.filex.nl\/product\/power-spot-fr-usb-charge\/"},"modified":"2025-04-30T09:25:14","modified_gmt":"2025-04-30T09:25:14","slug":"power-spot-fr-usb-ladestelle","status":"publish","type":"product","link":"https:\/\/www.filex.nl\/de\/produkt\/power-spot-fr-usb-ladestelle\/","title":{"rendered":"Power-Spot\u00ae FR \u2013 USB-Ladestelle"},"content":{"rendered":"<p>Der Power-Spot\u00ae FR. Sch\u00f6n und ordentlich in jedem Schreibtisch versteckt, ob zuhause oder im B\u00fcro.<\/p>\n<p>Weil diese Elektrifizierungseinheit ein modernes und schlankes Design hat, l\u00e4sst sie sich sch\u00f6n in jeden Schreibtisch versenken. Gleichzeitig haben Sie alle gebr\u00e4uchlichen Anschl\u00fcsse zur Hand!<\/p>\n<p>Beim Power-Spot\u00ae FR handelt es sich um eine runde Einbaueinheit mit einer 230V-Steckdose (mit Pinerdung) und einer USB-Ladestelle.<\/p>\n<p>Der Power-Spot\u00ae FR hat eine Einbaugr\u00f6\u00dfe von \u00d860 mm und ist standardm\u00e4\u00dfig mit einem 1,7 Meter langen Anschlusskabel mit Schutzkontaktstecker ausgestattet. Wie praktisch, denn so brauchen Sie nicht auch noch ein Anschlusskabel zu bestellen und k\u00f6nnen das Modul direkt an die Steckdose anschlie\u00dfen!<\/p>\n<p>Lieferbar in den Farben Schwarz und Wei\u00df.<\/p>\n","protected":false},"excerpt":{"rendered":"<p>Der Power-Spot\u00ae FR mit USB-A-Ladestelle! Mit dieser eingebauten Elektrifizierungseinheit k\u00f6nnen Sie kaum noch etwas falsch machen! Diese Einbaueinheit ist in Ihre Arbeitsplatte oder den Konferenztisch eingelassen und erf\u00fcllt all Ihre Bed\u00fcrfnisse!<\/p>\n","protected":false},"featured_media":64005,"template":"","meta":{"_acf_changed":false},"product_brand":[],"product_cat":[657,567],"product_tag":[],"class_list":{"0":"post-30937","1":"product","2":"type-product","3":"status-publish","4":"has-post-thumbnail","6":"product_cat-power-spot-elektrifizierung","7":"product_cat-elektrifizierung","8":"pa_kleur-schwarz","9":"pa_kleur-weiss","11":"first","12":"instock","13":"shipping-taxable","14":"purchasable","15":"product-type-variable","16":"has-default-attributes"},"acf":[],"_links":{"self":[{"href":"https:\/\/www.filex.nl\/de\/wp-json\/wp\/v2\/product\/30937","targetHints":{"allow":["GET"]}}],"collection":[{"href":"https:\/\/www.filex.nl\/de\/wp-json\/wp\/v2\/product"}],"about":[{"href":"https:\/\/www.filex.nl\/de\/wp-json\/wp\/v2\/types\/product"}],"wp:featuredmedia":[{"embeddable":true,"href":"https:\/\/www.filex.nl\/de\/wp-json\/wp\/v2\/media\/64005"}],"wp:attachment":[{"href":"https:\/\/www.filex.nl\/de\/wp-json\/wp\/v2\/media?parent=30937"}],"wp:term":[{"taxonomy":"product_brand","embeddable":true,"href":"https:\/\/www.filex.nl\/de\/wp-json\/wp\/v2\/product_brand?post=30937"},{"taxonomy":"product_cat","embeddable":true,"href":"https:\/\/www.filex.nl\/de\/wp-json\/wp\/v2\/product_cat?post=30937"},{"taxonomy":"product_tag","embeddable":true,"href":"https:\/\/www.filex.nl\/de\/wp-json\/wp\/v2\/product_tag?post=30937"}],"curies":[{"name":"wp","href":"https:\/\/api.w.org\/{rel}","templated":true}]}}