{"id":32582,"date":"2022-10-20T12:59:30","date_gmt":"2022-10-20T12:59:30","guid":{"rendered":"https:\/\/www.filex.nl\/product\/power-spot-french-socket-incl-usb-a-c-charge-en-usb-c-data-extension\/"},"modified":"2025-04-30T09:15:21","modified_gmt":"2025-04-30T09:15:21","slug":"power-spot-franzoesische-steckdose-inkl-usb-a-c-charge-und-usb-c-verlaengerung","status":"publish","type":"product","link":"https:\/\/www.filex.nl\/de\/produkt\/power-spot-franzoesische-steckdose-inkl-usb-a-c-charge-und-usb-c-verlaengerung\/","title":{"rendered":"Power-Spot\u00ae (franz\u00f6sische Steckdose) &#8211; Inkl. USB A + C Charge und USB C Verl\u00e4ngerung"},"content":{"rendered":"<p>Der Power-Spot\u00ae. Sch\u00f6n und sauber versteckt in jedem Schreibtisch, zu Hause oder im B\u00fcro.<br \/>\nDa diese Elektrifizierungseinheit ein modernes und schlankes Design hat, l\u00e4sst sie sich sch\u00f6n in jeden Schreibtisch einbauen und bietet Ihnen gleichzeitig alle Ihre am h\u00e4ufigsten ben\u00f6tigten Anschl\u00fcsse!<br \/>\nDieser Power-Spot\u00ae ist ein rundes Einbauger\u00e4t, ausgestattet mit 1 x 230V Anschluss (franz\u00f6sische Steckdose), 1 x USB A+C Ladeger\u00e4t und USB C Verl\u00e4ngerung. Mit der USB-C-Verl\u00e4ngerung k\u00f6nnen Sie unter Ihrem Schreibtisch USB-Strom f\u00fcr ein anderes Ger\u00e4t bereitstellen. Zum Beispiel Ihr externes Netzteil f\u00fcr Ihren Laptop oder den USB-Anschluss Ihres PCs.<br \/>\nDer Power-Spot\u00ae hat eine Einbaugr\u00f6\u00dfe von \u00d860 mm und wird standardm\u00e4\u00dfig mit einem 2 m langen Kabel mit Schutzkontaktstecker geliefert. Praktisch, denn das bedeutet, dass Sie kein Verbindungskabel bestellen m\u00fcssen, bevor Sie ihn benutzen k\u00f6nnen, und dass Sie das Ger\u00e4t direkt an die Steckdose anschlie\u00dfen k\u00f6nnen!<\/p>\n","protected":false},"excerpt":{"rendered":"<p>Der Filex Power-Spot\u00ae nicht nur mit USB A und C Charge, sondern auch mit USB C Verl\u00e4ngerung! Mit dem Kauf dieses Einbauger\u00e4ts k\u00f6nnen Sie kaum noch etwas falsch machen! Dieses Einbauger\u00e4t ist sch\u00f6n in Ihren Arbeitsplatz oder Konferenztisch eingelassen und versorgt Sie mit allem, was Sie brauchen!<\/p>\n","protected":false},"featured_media":54789,"template":"","meta":{"_acf_changed":false},"product_brand":[],"product_cat":[657,567],"product_tag":[],"class_list":{"0":"post-32582","1":"product","2":"type-product","3":"status-publish","4":"has-post-thumbnail","6":"product_cat-power-spot-elektrifizierung","7":"product_cat-elektrifizierung","8":"pa_kleur-schwarz","9":"pa_kleur-weiss","11":"first","12":"instock","13":"shipping-taxable","14":"purchasable","15":"product-type-variable","16":"has-default-attributes"},"acf":[],"_links":{"self":[{"href":"https:\/\/www.filex.nl\/de\/wp-json\/wp\/v2\/product\/32582","targetHints":{"allow":["GET"]}}],"collection":[{"href":"https:\/\/www.filex.nl\/de\/wp-json\/wp\/v2\/product"}],"about":[{"href":"https:\/\/www.filex.nl\/de\/wp-json\/wp\/v2\/types\/product"}],"wp:featuredmedia":[{"embeddable":true,"href":"https:\/\/www.filex.nl\/de\/wp-json\/wp\/v2\/media\/54789"}],"wp:attachment":[{"href":"https:\/\/www.filex.nl\/de\/wp-json\/wp\/v2\/media?parent=32582"}],"wp:term":[{"taxonomy":"product_brand","embeddable":true,"href":"https:\/\/www.filex.nl\/de\/wp-json\/wp\/v2\/product_brand?post=32582"},{"taxonomy":"product_cat","embeddable":true,"href":"https:\/\/www.filex.nl\/de\/wp-json\/wp\/v2\/product_cat?post=32582"},{"taxonomy":"product_tag","embeddable":true,"href":"https:\/\/www.filex.nl\/de\/wp-json\/wp\/v2\/product_tag?post=32582"}],"curies":[{"name":"wp","href":"https:\/\/api.w.org\/{rel}","templated":true}]}}