{"id":32594,"date":"2022-10-20T12:57:06","date_gmt":"2022-10-20T12:57:06","guid":{"rendered":"https:\/\/www.filex.nl\/product\/power-spot-incl-usb-a-c-charge-5-0v-3-1a-25w-en-usb-c-data-extension\/"},"modified":"2025-04-30T09:16:30","modified_gmt":"2025-04-30T09:16:30","slug":"power-spot-inkl-usb-a-c-ladung-5-0v-3-1a-25w-in-usb-c-verlaengerung","status":"publish","type":"product","link":"https:\/\/www.filex.nl\/de\/produkt\/power-spot-inkl-usb-a-c-ladung-5-0v-3-1a-25w-in-usb-c-verlaengerung\/","title":{"rendered":"Power-Spot\u00ae &#8211; Inkl. USB A + C Ladung (5.0V &#8211; 3.1A &#8211; 25W) in USB C Verl\u00e4ngerung"},"content":{"rendered":"<p>Der Power-Spot\u00ae. Sch\u00f6n und sauber versteckt in jedem Schreibtisch, zu Hause oder im B\u00fcro.<br \/>\nDurch das moderne und schlanke Design dieser Elektrifizierungseinheit ist das Ger\u00e4t in jedem Schreibtisch sch\u00f6n fl\u00e4chenb\u00fcndig eingebaut und Sie haben gleichzeitig alle h\u00e4ufig genutzten Anschl\u00fcsse zur Hand!<br \/>\nDieser Power-Spot\u00ae ist ein rundes Einbauger\u00e4t, ausgestattet mit 1 x 230V Anschluss, 1 x USB A+C Ladeger\u00e4t und USB C Charge Verl\u00e4ngerung. Mit der USB C Charge-Verl\u00e4ngerung k\u00f6nnen Sie ein weiteres Ger\u00e4t unter Ihrem Schreibtisch mit USB-Strom versorgen.<br \/>\nDer Power-Spot\u00ae hat eine Einbaugr\u00f6\u00dfe von \u00d860 mm und wird standardm\u00e4\u00dfig mit einem 1,7 Meter langen Kabel mit Schutzkontaktstecker geliefert. Praktisch, denn das bedeutet, dass Sie kein Verbindungskabel bestellen m\u00fcssen, bevor Sie ihn benutzen k\u00f6nnen, und dass Sie das Ger\u00e4t direkt an die Steckdose anschlie\u00dfen k\u00f6nnen! Dieses Ger\u00e4t kann auch mit einem <span data-teams=\"true\">3-poliger Steckverbinder<\/span>-Stecker bestellt werden.<br \/>\nErh\u00e4ltlich in den Farben: schwarz und wei\u00df.<\/p>\n","protected":false},"excerpt":{"rendered":"<p>Der Power-Spot\u00ae mit nicht nur USB A und C Charge, sondern auch USB C Extension! Mit dem Kauf dieser eingebauten Elektrifizierungseinheit k\u00f6nnen Sie kaum noch etwas falsch machen! Sch\u00f6n in Ihren Arbeits- oder Konferenztisch eingelassen, bietet Ihnen dieses Einbauger\u00e4t alles, was Sie brauchen!<\/p>\n","protected":false},"featured_media":53524,"template":"","meta":{"_acf_changed":false},"product_brand":[],"product_cat":[657,567,568],"product_tag":[],"class_list":{"0":"post-32594","1":"product","2":"type-product","3":"status-publish","4":"has-post-thumbnail","6":"product_cat-power-spot-elektrifizierung","7":"product_cat-elektrifizierung","8":"product_cat-inbouw-de","9":"pa_kleur-schwarz","10":"pa_kleur-weiss","12":"first","13":"instock","14":"shipping-taxable","15":"purchasable","16":"product-type-variable","17":"has-default-attributes"},"acf":[],"_links":{"self":[{"href":"https:\/\/www.filex.nl\/de\/wp-json\/wp\/v2\/product\/32594","targetHints":{"allow":["GET"]}}],"collection":[{"href":"https:\/\/www.filex.nl\/de\/wp-json\/wp\/v2\/product"}],"about":[{"href":"https:\/\/www.filex.nl\/de\/wp-json\/wp\/v2\/types\/product"}],"wp:featuredmedia":[{"embeddable":true,"href":"https:\/\/www.filex.nl\/de\/wp-json\/wp\/v2\/media\/53524"}],"wp:attachment":[{"href":"https:\/\/www.filex.nl\/de\/wp-json\/wp\/v2\/media?parent=32594"}],"wp:term":[{"taxonomy":"product_brand","embeddable":true,"href":"https:\/\/www.filex.nl\/de\/wp-json\/wp\/v2\/product_brand?post=32594"},{"taxonomy":"product_cat","embeddable":true,"href":"https:\/\/www.filex.nl\/de\/wp-json\/wp\/v2\/product_cat?post=32594"},{"taxonomy":"product_tag","embeddable":true,"href":"https:\/\/www.filex.nl\/de\/wp-json\/wp\/v2\/product_tag?post=32594"}],"curies":[{"name":"wp","href":"https:\/\/api.w.org\/{rel}","templated":true}]}}