{"id":32607,"date":"2022-10-20T12:27:47","date_gmt":"2022-10-20T12:27:47","guid":{"rendered":"https:\/\/www.filex.nl\/product\/hidden-qi-universal-phone-charger-zwart\/"},"modified":"2024-10-18T15:42:47","modified_gmt":"2024-10-18T15:42:47","slug":"filex-verstecktes-qi-universal-telefonladegerat-schwarz","status":"publish","type":"product","link":"https:\/\/www.filex.nl\/de\/produkt\/filex-verstecktes-qi-universal-telefonladegerat-schwarz\/","title":{"rendered":"Filex &#8211; Verstecktes QI Universal-Telefonladeger\u00e4t &#8211; Schwarz"},"content":{"rendered":"<p>Der Name ist Programm: das versteckte kabellose Ladeger\u00e4t f\u00fcr alle Ihre Ger\u00e4te am Arbeitsplatz. Sie k\u00f6nnen dieses kabellose Ladeger\u00e4t ganz einfach installieren, indem Sie die Buchse an die Unterseite Ihres Schreibtisches kleben. Mit dem mitgelieferten Standard-Installationswerkzeug zentrieren Sie die Stelle, an der Sie kabellos laden m\u00f6chten, auf der Oberseite des Schreibtisches. Geeignet f\u00fcr Tischplatten mit einer Dicke von bis zu 40 mm! Mit diesem kabellosen Ladeger\u00e4t m\u00fcssen Sie keine L\u00f6cher mehr in Ihren Schreibtisch bohren und haben ein neues Accessoire, auf das Sie an Ihrem Arbeitsplatz nicht mehr verzichten k\u00f6nnen!<\/p>\n","protected":false},"excerpt":{"rendered":"<p>Das Filex Versteckte QI Universal-Ladeger\u00e4t f\u00fcr Telefone! Ein wirklich unsichtbares und zudem kabelloses Ladeger\u00e4t f\u00fcr Ihren Arbeitsplatz! Mit dieser modernen Elektrifizierungseinheit m\u00fcssen Sie keine L\u00f6cher mehr in Ihren sch\u00f6nen Schreibtisch bohren!<\/p>\n","protected":false},"featured_media":54773,"template":"","meta":{"_acf_changed":false},"product_brand":[],"product_cat":[567],"product_tag":[],"class_list":{"0":"post-32607","1":"product","2":"type-product","3":"status-publish","4":"has-post-thumbnail","6":"product_cat-elektrifizierung","7":"pa_kleur-schwarz","9":"first","10":"instock","11":"shipping-taxable","12":"product-type-simple"},"acf":[],"_links":{"self":[{"href":"https:\/\/www.filex.nl\/de\/wp-json\/wp\/v2\/product\/32607","targetHints":{"allow":["GET"]}}],"collection":[{"href":"https:\/\/www.filex.nl\/de\/wp-json\/wp\/v2\/product"}],"about":[{"href":"https:\/\/www.filex.nl\/de\/wp-json\/wp\/v2\/types\/product"}],"wp:featuredmedia":[{"embeddable":true,"href":"https:\/\/www.filex.nl\/de\/wp-json\/wp\/v2\/media\/54773"}],"wp:attachment":[{"href":"https:\/\/www.filex.nl\/de\/wp-json\/wp\/v2\/media?parent=32607"}],"wp:term":[{"taxonomy":"product_brand","embeddable":true,"href":"https:\/\/www.filex.nl\/de\/wp-json\/wp\/v2\/product_brand?post=32607"},{"taxonomy":"product_cat","embeddable":true,"href":"https:\/\/www.filex.nl\/de\/wp-json\/wp\/v2\/product_cat?post=32607"},{"taxonomy":"product_tag","embeddable":true,"href":"https:\/\/www.filex.nl\/de\/wp-json\/wp\/v2\/product_tag?post=32607"}],"curies":[{"name":"wp","href":"https:\/\/api.w.org\/{rel}","templated":true}]}}