{"id":32614,"date":"2022-10-20T12:18:55","date_gmt":"2022-10-20T12:18:55","guid":{"rendered":"https:\/\/www.filex.nl\/product\/power-desk-up-1-0-2x-230v-1x-usb-ac-charge-1-x-keystone-wit\/"},"modified":"2025-04-30T09:22:34","modified_gmt":"2025-04-30T09:22:34","slug":"power-desk-up-1-0-zwei-230v-steckdosen-1-ladestelle-usb-ac-1-keystone-modul","status":"publish","type":"product","link":"https:\/\/www.filex.nl\/de\/produkt\/power-desk-up-1-0-zwei-230v-steckdosen-1-ladestelle-usb-ac-1-keystone-modul\/","title":{"rendered":"Power Desk Up\u00ae 1.0 &#8211; zwei 230V-Steckdosen, 1 Ladestelle USB-A+C, 1 Keystone-Modul"},"content":{"rendered":"<p>Die Serie Desk Up\u00ae 1.0. Ein schlankes und modern gestaltetes Erweiterungsmodul!<\/p>\n<p>Dieses geradlinige mattschwarze Modul ist standardm\u00e4\u00dfig mit zwei Montageplatten f\u00fcr die Montage auf oder unter dem Schreibtisch und auf der R\u00fcckseite mit einem festen, 1 Meter langen Anschlusskabel mit <span data-teams=\"true\">3-poliger Steckverbinder<\/span> ausgestattet.<\/p>\n<p>Sie k\u00f6nnen diese multifunktionale Elektrifizierungseinheit nicht nur auf oder unter der Arbeitsplatte einsetzen, sondern sie auch mithilfe der Galaxy-Kabelhalterung an jedem Galaxy-Monitorarm befestigen. So haben Sie all Ihre Stromanschl\u00fcsse direkt zur Hand!<\/p>\n<p>Die Aufbaueinheit ist kompakt und mit zwei 230V-Steckdosen, einem USB-A+C-Anschluss ausgestattet (5,0V &#8211; 3,1A &#8211; 15,5W) und einem leeren Keystone-Slot ausgestattet. Den leeren Keystone-Slot k\u00f6nnen Sie mit 2 Keystone-Modulen nach Wahl f\u00fcllen (zum Beispiel f\u00fcr Data RJ45 CAT. 6 und 6A, USB 2.0\/3.0, HDMI, VGA, oder Sie k\u00f6nnen ihn als Kabelkanal verwenden).<\/p>\n<p>Nicht ganz unwichtig: Die Aufbaueinheit Power Desk Up\u00ae ist selbstverst\u00e4ndlich CE-zertifiziert! Bei uns stehen Sicherheit und Qualit\u00e4t an erster Stelle!<\/p>\n<p>Vergessen Sie nicht, ein Anschlusskabel in der gew\u00fcnschten L\u00e4nge dazu zu bestellen, damit Sie das Modul an eine Steckdose anschlie\u00dfen k\u00f6nnen.<\/p>\n<p>Lieferbare Farben: Mattwei\u00df.<\/p>\n","protected":false},"excerpt":{"rendered":"<p>Die Serie Desk Up\u00ae 1.0! Die multifunktionale Elektrifizierungseinheit, die Sie sowohl an Ihren Schreibtisch klemmen als auch mithilfe einer Kabelspange am Galaxy-Monitorarm befestigen k\u00f6nnen! Sehen Sie sich all unsere M\u00f6glichkeiten und zahlreichen Optionen an, um die Einheit zu finden, die zu Ihren spezifischen W\u00fcnschen passt!<\/p>\n","protected":false},"featured_media":32454,"template":"","meta":{"_acf_changed":false},"product_brand":[],"product_cat":[635,640,567],"product_tag":[],"class_list":{"0":"post-32614","1":"product","2":"type-product","3":"status-publish","4":"has-post-thumbnail","6":"product_cat-desk-up-1-0-elektrifizierung","7":"product_cat-desk-up-elektrifizierung","8":"product_cat-elektrifizierung","9":"pa_ean-code-8719747107423-de","10":"pa_kleur-weiss","12":"first","13":"instock","14":"shipping-taxable","15":"product-type-simple"},"acf":[],"_links":{"self":[{"href":"https:\/\/www.filex.nl\/de\/wp-json\/wp\/v2\/product\/32614","targetHints":{"allow":["GET"]}}],"collection":[{"href":"https:\/\/www.filex.nl\/de\/wp-json\/wp\/v2\/product"}],"about":[{"href":"https:\/\/www.filex.nl\/de\/wp-json\/wp\/v2\/types\/product"}],"wp:featuredmedia":[{"embeddable":true,"href":"https:\/\/www.filex.nl\/de\/wp-json\/wp\/v2\/media\/32454"}],"wp:attachment":[{"href":"https:\/\/www.filex.nl\/de\/wp-json\/wp\/v2\/media?parent=32614"}],"wp:term":[{"taxonomy":"product_brand","embeddable":true,"href":"https:\/\/www.filex.nl\/de\/wp-json\/wp\/v2\/product_brand?post=32614"},{"taxonomy":"product_cat","embeddable":true,"href":"https:\/\/www.filex.nl\/de\/wp-json\/wp\/v2\/product_cat?post=32614"},{"taxonomy":"product_tag","embeddable":true,"href":"https:\/\/www.filex.nl\/de\/wp-json\/wp\/v2\/product_tag?post=32614"}],"curies":[{"name":"wp","href":"https:\/\/api.w.org\/{rel}","templated":true}]}}