{"id":32615,"date":"2022-10-19T16:46:10","date_gmt":"2022-10-19T16:46:10","guid":{"rendered":"https:\/\/www.filex.nl\/product\/egst-female-connector\/"},"modified":"2025-06-04T11:32:06","modified_gmt":"2025-06-04T11:32:06","slug":"3-poliger-steckverbinder-female-stecker","status":"publish","type":"product","link":"https:\/\/www.filex.nl\/de\/produkt\/3-poliger-steckverbinder-female-stecker\/","title":{"rendered":"3-poliger Steckverbinder &#8211; female Stecker"},"content":{"rendered":"<p>Diese <span data-teams=\"true\">3-poliger Steckverbinder<\/span> haben robuste Vollmetallkontakte und sind nach IP20 ber\u00fchrungsgesch\u00fctzt mit einem f\u00fchrenden Erdungskontakt. Die mechanische Kodierung erm\u00f6glicht eine klare und sichere Trennung verschiedener Anwendungen innerhalb desselben Systems, w\u00e4hrend die Farbkodierung die zugeh\u00f6rigen Anschl\u00fcsse kennzeichnet. Zusammen gew\u00e4hrleisten sie eine einfache und sichere Schnellmontage und schlie\u00dfen Fehlanschl\u00fcsse aus. Der <span data-teams=\"true\">3-poliger Steckverbinder<\/span> ist mit allen bestehenden <span data-teams=\"true\">3-poliger <\/span>Steckverbindern voll kompatibel.<\/p>\n","protected":false},"excerpt":{"rendered":"<p>Dieser <span data-teams=\"true\">3-poliger Steckverbinder<\/span> ist ein vielseitiges Stecksystem, das sich ideal f\u00fcr die Installation von Beleuchtungssystemen, Schaltern, Jalousien und Steckdosen sowie Arbeitspl\u00e4tzen eignet.<\/p>\n","protected":false},"featured_media":32510,"template":"","meta":{"_acf_changed":false},"product_brand":[],"product_cat":[567,592,597],"product_tag":[],"class_list":{"0":"post-32615","1":"product","2":"type-product","3":"status-publish","4":"has-post-thumbnail","6":"product_cat-elektrifizierung","7":"product_cat-kabelfuhrung","8":"product_cat-sonstiges","9":"pa_kleur-schwarz","11":"first","12":"instock","13":"shipping-taxable","14":"product-type-simple"},"acf":[],"_links":{"self":[{"href":"https:\/\/www.filex.nl\/de\/wp-json\/wp\/v2\/product\/32615","targetHints":{"allow":["GET"]}}],"collection":[{"href":"https:\/\/www.filex.nl\/de\/wp-json\/wp\/v2\/product"}],"about":[{"href":"https:\/\/www.filex.nl\/de\/wp-json\/wp\/v2\/types\/product"}],"wp:featuredmedia":[{"embeddable":true,"href":"https:\/\/www.filex.nl\/de\/wp-json\/wp\/v2\/media\/32510"}],"wp:attachment":[{"href":"https:\/\/www.filex.nl\/de\/wp-json\/wp\/v2\/media?parent=32615"}],"wp:term":[{"taxonomy":"product_brand","embeddable":true,"href":"https:\/\/www.filex.nl\/de\/wp-json\/wp\/v2\/product_brand?post=32615"},{"taxonomy":"product_cat","embeddable":true,"href":"https:\/\/www.filex.nl\/de\/wp-json\/wp\/v2\/product_cat?post=32615"},{"taxonomy":"product_tag","embeddable":true,"href":"https:\/\/www.filex.nl\/de\/wp-json\/wp\/v2\/product_tag?post=32615"}],"curies":[{"name":"wp","href":"https:\/\/api.w.org\/{rel}","templated":true}]}}