{"id":34272,"date":"2023-02-19T21:18:14","date_gmt":"2023-02-19T21:18:14","guid":{"rendered":"https:\/\/www.filex.nl\/product\/kabelgoot-100-cm\/"},"modified":"2024-10-18T15:43:12","modified_gmt":"2024-10-18T15:43:12","slug":"kabelkanal-100-cm","status":"publish","type":"product","link":"https:\/\/www.filex.nl\/de\/produkt\/kabelkanal-100-cm\/","title":{"rendered":"Kabelkanal 100 cm"},"content":{"rendered":"<p>Diese Filex-Kabelrinne von 100 cm ist ein flexibles Werkzeug, um Ihren Arbeitsplatz sicher und gut organisiert zu halten. Kennen Sie den Kabelsalat unter Ihrem Schreibtisch? Das ist ablenkend, verwirrend und birgt ein hohes Risiko, dass Ihre Kabel besch\u00e4digt werden. Auch Stolperfallen sind eine Gefahr. Mit dieser Kabelrinne sind Ihre Kabel nicht mehr im Weg! Der Kabeltrog ist aus Stahl gefertigt und hat an der Unterseite M\u00f6glichkeiten, Ihre Kabel bei Bedarf durchzuziehen. Sie k\u00f6nnen die Kabelrinne auch einfach in die Halterungen einh\u00e4ngen oder entfernen. Die Montagehalterungen sind im Lieferumfang enthalten, einschlie\u00dflich einer Ausrichtungshilfe zum Ausrichten der L\u00f6cher in Ihrem Schreibtisch. So k\u00f6nnen Sie die Kabelrinne leicht an Ihre Situation anpassen.<br \/>\nDiese Filex-Kabelrinne mit einer L\u00e4nge von 100 cm kann in den Farben: mattschwarz und mattwei\u00df bestellt werden.<br \/>\nDiese Filex-Kabelkan\u00e4le sind auch in einer L\u00e4nge von 60 cm erh\u00e4ltlich (Artikel 809130 und 809131).<\/p>\n","protected":false},"excerpt":{"rendered":"<p>Die Filex-Kabelwanne mit einer L\u00e4nge von 100 cm ist ein praktisches Hilfsmittel, um alle Kabel und Steckdosen ordentlich zu verstecken. Einzigartig sind die zus\u00e4tzlichen M\u00f6glichkeiten zur Durchf\u00fchrung Ihrer Kabel. Diese Kabelbahnen sind sauber verpackt in je 1 Karton.<\/p>\n","protected":false},"featured_media":54740,"template":"","meta":{"_acf_changed":false},"product_brand":[],"product_cat":[592,2475],"product_tag":[],"class_list":{"0":"post-34272","1":"product","2":"type-product","3":"status-publish","4":"has-post-thumbnail","6":"product_cat-kabelfuhrung","7":"product_cat-kabelrinnen","8":"pa_kleur-schwarz","9":"pa_kleur-silber","10":"pa_kleur-weiss","12":"first","13":"instock","14":"shipping-taxable","15":"purchasable","16":"product-type-variable","17":"has-default-attributes"},"acf":[],"_links":{"self":[{"href":"https:\/\/www.filex.nl\/de\/wp-json\/wp\/v2\/product\/34272","targetHints":{"allow":["GET"]}}],"collection":[{"href":"https:\/\/www.filex.nl\/de\/wp-json\/wp\/v2\/product"}],"about":[{"href":"https:\/\/www.filex.nl\/de\/wp-json\/wp\/v2\/types\/product"}],"wp:featuredmedia":[{"embeddable":true,"href":"https:\/\/www.filex.nl\/de\/wp-json\/wp\/v2\/media\/54740"}],"wp:attachment":[{"href":"https:\/\/www.filex.nl\/de\/wp-json\/wp\/v2\/media?parent=34272"}],"wp:term":[{"taxonomy":"product_brand","embeddable":true,"href":"https:\/\/www.filex.nl\/de\/wp-json\/wp\/v2\/product_brand?post=34272"},{"taxonomy":"product_cat","embeddable":true,"href":"https:\/\/www.filex.nl\/de\/wp-json\/wp\/v2\/product_cat?post=34272"},{"taxonomy":"product_tag","embeddable":true,"href":"https:\/\/www.filex.nl\/de\/wp-json\/wp\/v2\/product_tag?post=34272"}],"curies":[{"name":"wp","href":"https:\/\/api.w.org\/{rel}","templated":true}]}}