{"id":34442,"date":"2023-02-20T21:31:20","date_gmt":"2023-02-20T21:31:20","guid":{"rendered":"https:\/\/www.filex.nl\/product\/kabelslang-130-cm-met-verzwaarde-voetplaat\/"},"modified":"2024-10-18T15:43:01","modified_gmt":"2024-10-18T15:43:01","slug":"kabelschlauch-130-cm-mit-beschwerter-bodenplatte","status":"publish","type":"product","link":"https:\/\/www.filex.nl\/de\/produkt\/kabelschlauch-130-cm-mit-beschwerter-bodenplatte\/","title":{"rendered":"Kabelschlauch 130 cm mit beschwerter Bodenplatte"},"content":{"rendered":"<p>Der Filex 130 cm Kabelschlauch mit beschwerter Bodenplatte! M\u00f6chten Sie all Ihre losen Kabel ordentlich unter Ihrem Schreibtisch verstauen und sie vor Abrieb, Knicken oder Stolpern sch\u00fctzen? Sie k\u00f6nnen die losen Kabel einfach im Kabelschlauch b\u00fcndeln. Dieser flexible Kabelschlauch l\u00e4sst sich mit einer Magnetbefestigung oder der Schraubbefestigung leicht anbringen. So haben Sie die Wahl, ob Sie den Kabelschlauch mit dem Magneten festklemmen oder ihn an der Unterseite Ihres Schreibtisches festschrauben. Diese Kabelschlange ist in den Farben: mattschwarz und mattwei\u00df erh\u00e4ltlich.<\/p>\n","protected":false},"excerpt":{"rendered":"<p>Der Filex-Kabelschlauch mit einer L\u00e4nge von 130 cm und mit beschwerter Bodenplatte. Ideal, um die Kabel unter dem Schreibtisch zu organisieren und zu sch\u00fctzen. Keine losen Kabel mehr; sie sind ordentlich im flexiblen Kabelschlauch gesch\u00fctzt.<\/p>\n","protected":false},"featured_media":34358,"template":"","meta":{"_acf_changed":false},"product_brand":[],"product_cat":[592,2478],"product_tag":[],"class_list":{"0":"post-34442","1":"product","2":"type-product","3":"status-publish","4":"has-post-thumbnail","6":"product_cat-kabelfuhrung","7":"product_cat-kabelschlaeuche","8":"pa_kleur-schwarz","9":"pa_kleur-weiss","11":"first","12":"instock","13":"shipping-taxable","14":"purchasable","15":"product-type-variable","16":"has-default-attributes"},"acf":[],"_links":{"self":[{"href":"https:\/\/www.filex.nl\/de\/wp-json\/wp\/v2\/product\/34442","targetHints":{"allow":["GET"]}}],"collection":[{"href":"https:\/\/www.filex.nl\/de\/wp-json\/wp\/v2\/product"}],"about":[{"href":"https:\/\/www.filex.nl\/de\/wp-json\/wp\/v2\/types\/product"}],"wp:featuredmedia":[{"embeddable":true,"href":"https:\/\/www.filex.nl\/de\/wp-json\/wp\/v2\/media\/34358"}],"wp:attachment":[{"href":"https:\/\/www.filex.nl\/de\/wp-json\/wp\/v2\/media?parent=34442"}],"wp:term":[{"taxonomy":"product_brand","embeddable":true,"href":"https:\/\/www.filex.nl\/de\/wp-json\/wp\/v2\/product_brand?post=34442"},{"taxonomy":"product_cat","embeddable":true,"href":"https:\/\/www.filex.nl\/de\/wp-json\/wp\/v2\/product_cat?post=34442"},{"taxonomy":"product_tag","embeddable":true,"href":"https:\/\/www.filex.nl\/de\/wp-json\/wp\/v2\/product_tag?post=34442"}],"curies":[{"name":"wp","href":"https:\/\/api.w.org\/{rel}","templated":true}]}}