{"id":34799,"date":"2023-03-08T11:16:41","date_gmt":"2023-03-08T11:16:41","guid":{"rendered":"https:\/\/www.filex.nl\/product\/skylon-monitorarm-triple\/"},"modified":"2024-10-18T15:43:02","modified_gmt":"2024-10-18T15:43:02","slug":"skylon-monitorarm-dreifach","status":"publish","type":"product","link":"https:\/\/www.filex.nl\/de\/produkt\/skylon-monitorarm-dreifach\/","title":{"rendered":"Skylon Monitorarm Dreifach"},"content":{"rendered":"<p>Der Skylon-Monitorarm f\u00fcr 3 Bildschirme! Dieser Monitorarm ist ein moderner, ergonomischer Arm, der f\u00fcr 3 Monitore bis zu 24 Zoll geeignet ist. Dieser vormontierte Monitorarm kann im Handumdrehen in Ihrem B\u00fcro oder zu Hause installiert werden. Der Monitor kann mit Hilfe einer verstellbaren Klemme einfach in der H\u00f6he verstellt werden. Dank der Verl\u00e4ngerung k\u00f6nnen Sie auch die Tiefe einstellen, was Ihnen mehr Flexibilit\u00e4t bei der Einstellung Ihres Monitors gibt.<br \/>\nDie Skylon Monitorarme sind standardm\u00e4\u00dfig mit einem Kabelmanagement ausgestattet und werden mit einer Tischklemme, einer Tischdurchf\u00fchrung und einem VESA Quick-Release-System geliefert. Die Skylon-Monitorarme sind in den Farben Schwarz, Wei\u00df und Silber erh\u00e4ltlich.<br \/>\nM\u00f6gliche Optionen f\u00fcr diesen Monitorarm sind USB-Anschl\u00fcsse in der Tischklemme oder Laptop- oder Tablet-Halterungen. Fragen Sie uns gerne nach den Optionen!<\/p>\n<p>Spezifikationen:<br \/>\nTragf\u00e4higkeit: 3 x 8 kg<br \/>\nH\u00f6henverstellbar bis zu 410 mm \u00fcber eine einfache Klemme<br \/>\nIn der Tiefe verstellbar mit einer maximalen Ausladung von 500 mm<br \/>\nVESA, Quick-Release, 75x75mm und 100x100mm<br \/>\nAusgestattet mit Tischklemme und Tischdurchf\u00fchrung<br \/>\nKlemmkraft: 50 mm<br \/>\n360 Grad drehbarer Arm<br \/>\n260 Grad individuell drehbarer Arm<br \/>\n180 Grad dreh- und neigbarer Befestigungspunkt<\/p>\n","protected":false},"excerpt":{"rendered":"<p>Ein modern gestalteter Monitorarm f\u00fcr 3 Bildschirme, den Sie an Ihrem Arbeitsplatz nicht mehr missen m\u00f6chten! Dieser statische Monitorarm ist mit allen Annehmlichkeiten ausgestattet und l\u00e4sst sich leicht in der H\u00f6he verstellen. Einmal eingestellt, k\u00f6nnen Sie die Monitore einfach zu sich ziehen oder in eine andere Richtung bewegen.<\/p>\n","protected":false},"featured_media":71583,"template":"","meta":{"_acf_changed":false},"product_brand":[],"product_cat":[604,2512],"product_tag":[],"class_list":{"0":"post-34799","1":"product","2":"type-product","3":"status-publish","4":"has-post-thumbnail","6":"product_cat-monitorarme","7":"product_cat-skylon-monitorarme","8":"pa_kleur-schwarz","9":"pa_kleur-silber","10":"pa_kleur-weiss","12":"first","13":"instock","14":"shipping-taxable","15":"purchasable","16":"product-type-variable","17":"has-default-attributes"},"acf":[],"_links":{"self":[{"href":"https:\/\/www.filex.nl\/de\/wp-json\/wp\/v2\/product\/34799","targetHints":{"allow":["GET"]}}],"collection":[{"href":"https:\/\/www.filex.nl\/de\/wp-json\/wp\/v2\/product"}],"about":[{"href":"https:\/\/www.filex.nl\/de\/wp-json\/wp\/v2\/types\/product"}],"wp:featuredmedia":[{"embeddable":true,"href":"https:\/\/www.filex.nl\/de\/wp-json\/wp\/v2\/media\/71583"}],"wp:attachment":[{"href":"https:\/\/www.filex.nl\/de\/wp-json\/wp\/v2\/media?parent=34799"}],"wp:term":[{"taxonomy":"product_brand","embeddable":true,"href":"https:\/\/www.filex.nl\/de\/wp-json\/wp\/v2\/product_brand?post=34799"},{"taxonomy":"product_cat","embeddable":true,"href":"https:\/\/www.filex.nl\/de\/wp-json\/wp\/v2\/product_cat?post=34799"},{"taxonomy":"product_tag","embeddable":true,"href":"https:\/\/www.filex.nl\/de\/wp-json\/wp\/v2\/product_tag?post=34799"}],"curies":[{"name":"wp","href":"https:\/\/api.w.org\/{rel}","templated":true}]}}