{"id":35292,"date":"2023-05-25T19:45:16","date_gmt":"2023-05-25T19:45:16","guid":{"rendered":"https:\/\/www.filex.nl\/product\/galaxy-demo-case-modulaire-monitorarm\/"},"modified":"2024-10-18T15:43:02","modified_gmt":"2024-10-18T15:43:02","slug":"galaxy-demo-case-modularer-monitorarm","status":"publish","type":"product","link":"https:\/\/www.filex.nl\/de\/produkt\/galaxy-demo-case-modularer-monitorarm\/","title":{"rendered":"Galaxy Demo Case Modularer Monitorarm"},"content":{"rendered":"<p>Das Filex Galaxy Demo Case ist das Must-Have, wenn es darum geht zu zeigen, dass alles m\u00f6glich ist! Mit dem Koffer k\u00f6nnen Sie Ihrem Kunden ganz einfach alle M\u00f6glichkeiten der Filex Galaxy-Monitorarmserie zeigen.<br \/>\nDer Koffer ist mit einem Griff und R\u00e4dern ausgestattet, so dass Sie ihn leicht von A nach B transportieren oder zu Ihrem Kunden bringen k\u00f6nnen. Der Koffer ist aus Aluminium gefertigt und wird komplett mit allen Teilen geliefert. Der Koffer hat 2 Lagen Inhalt mit allen Teilen. Damit Sie nie wieder etwas verpassen und wir gemeinsam all Ihre Probleme l\u00f6sen k\u00f6nnen!<\/p>\n","protected":false},"excerpt":{"rendered":"<p>Unser einziger Filex Galaxy Demo-Koffer! Der Koffer mit allen Teilen der bekannten Monitorarmserie Filex Galaxy! Nehmen Sie diesen Koffer mit, wenn Sie Ihren Kunden besuchen, oder stellen Sie den Koffer in Ihrem Ausstellungsraum ab, so k\u00f6nnen Sie alle Fragen zu Monitorarmen f\u00fcr Ihren Kunden l\u00f6sen und sofort vorf\u00fchren. Durch das einzigartige modulare System ist er leicht auf- und wieder umzubauen.<\/p>\n","protected":false},"featured_media":35243,"template":"","meta":{"_acf_changed":false},"product_brand":[],"product_cat":[622,649],"product_tag":[],"class_list":{"0":"post-35292","1":"product","2":"type-product","3":"status-publish","4":"has-post-thumbnail","6":"product_cat-galaxy-komponenten","7":"product_cat-galaxy-serie-de","8":"pa_kleur-schwarz","9":"pa_kleur-silber","10":"pa_kleur-weiss","12":"first","13":"instock","14":"shipping-taxable","15":"purchasable","16":"product-type-variable","17":"has-default-attributes"},"acf":[],"_links":{"self":[{"href":"https:\/\/www.filex.nl\/de\/wp-json\/wp\/v2\/product\/35292","targetHints":{"allow":["GET"]}}],"collection":[{"href":"https:\/\/www.filex.nl\/de\/wp-json\/wp\/v2\/product"}],"about":[{"href":"https:\/\/www.filex.nl\/de\/wp-json\/wp\/v2\/types\/product"}],"wp:featuredmedia":[{"embeddable":true,"href":"https:\/\/www.filex.nl\/de\/wp-json\/wp\/v2\/media\/35243"}],"wp:attachment":[{"href":"https:\/\/www.filex.nl\/de\/wp-json\/wp\/v2\/media?parent=35292"}],"wp:term":[{"taxonomy":"product_brand","embeddable":true,"href":"https:\/\/www.filex.nl\/de\/wp-json\/wp\/v2\/product_brand?post=35292"},{"taxonomy":"product_cat","embeddable":true,"href":"https:\/\/www.filex.nl\/de\/wp-json\/wp\/v2\/product_cat?post=35292"},{"taxonomy":"product_tag","embeddable":true,"href":"https:\/\/www.filex.nl\/de\/wp-json\/wp\/v2\/product_tag?post=35292"}],"curies":[{"name":"wp","href":"https:\/\/api.w.org\/{rel}","templated":true}]}}