{"id":35668,"date":"2023-06-26T20:06:09","date_gmt":"2023-06-26T20:06:09","guid":{"rendered":"https:\/\/www.filex.nl\/product\/filex-power-desk-in-2x-230v-1x-usb-ac-charge-5-0v-3-1a-15-5w-zwart\/"},"modified":"2025-04-30T09:10:27","modified_gmt":"2025-04-30T09:10:27","slug":"power-desk-in-2x-230v-1x-usb-ac-charge-5-0v-3-1a-15-5w","status":"publish","type":"product","link":"https:\/\/www.filex.nl\/de\/produkt\/power-desk-in-2x-230v-1x-usb-ac-charge-5-0v-3-1a-15-5w\/","title":{"rendered":"Power Desk In &#8211; 2x 230V + 1x USB A+C Charge (5.0V &#8211; 3.1A &#8211; 15.5W)"},"content":{"rendered":"<p>Das Filex Power Desk In! Der Elektrifizierungseinbaukasten mit modernem Look und benutzerfreundlichem Design! Sie haben sich f\u00fcr das Ger\u00e4t mit 2 Stromanschl\u00fcssen und 1 USB A+C Ladeger\u00e4t (5.0V &#8211; 3.1A &#8211; 15.5W) entschieden.<\/p>\n<p>Das Desk-In-Einbauger\u00e4t l\u00e4sst sich einfach in Ihren Schreibtisch einbauen und bietet Ihnen eine elegante L\u00f6sung f\u00fcr die ben\u00f6tigte Elektrifizierung. Der Desk-in verf\u00fcgt \u00fcber eine Abdeckklappe, die sich mit einem einfachen Fingerdruck sanft und stufenlos \u00f6ffnen und schlie\u00dfen l\u00e4sst.<\/p>\n<p>Das Ger\u00e4t ist einfach zu montieren und verf\u00fcgt \u00fcber ein festes 1-Meter-Kabel mit einem <span data-teams=\"true\">3-poliger Steckverbinder<\/span> am Ende.<\/p>\n<p>Mit dieser Konfiguration haben Sie nicht nur Strom f\u00fcr Ihren Laptop, sondern auch f\u00fcr Ihr Handy und andere Ger\u00e4te zur Hand! Nicht unwichtig: Dieses Filex Power Desk In-Einbauelement ist selbstverst\u00e4ndlich CE-zertifiziert.<\/p>\n<p>&nbsp;<\/p>\n","protected":false},"excerpt":{"rendered":"<p>Das Filex Power Desk In! Eine gro\u00dfartige L\u00f6sung f\u00fcr alle notwendigen Elektrifizierungen, die bei Nichtgebrauch auf Ihrem Arbeitsplatz oder Konferenztisch sch\u00f6n au\u00dfer Sichtweite sind! Mit Hilfe der Keystone&#8217;s k\u00f6nnen Sie jeden Anschluss, der Ihnen fehlt, hinzuf\u00fcgen!<\/p>\n","protected":false},"featured_media":35554,"template":"","meta":{"_acf_changed":false},"product_brand":[],"product_cat":[632,567,568],"product_tag":[],"class_list":{"0":"post-35668","1":"product","2":"type-product","3":"status-publish","4":"has-post-thumbnail","6":"product_cat-desk-in-elektrifizierung","7":"product_cat-elektrifizierung","8":"product_cat-inbouw-de","9":"pa_ean-code-8719747103494-de","11":"first","12":"instock","13":"shipping-taxable","14":"product-type-simple"},"acf":[],"_links":{"self":[{"href":"https:\/\/www.filex.nl\/de\/wp-json\/wp\/v2\/product\/35668","targetHints":{"allow":["GET"]}}],"collection":[{"href":"https:\/\/www.filex.nl\/de\/wp-json\/wp\/v2\/product"}],"about":[{"href":"https:\/\/www.filex.nl\/de\/wp-json\/wp\/v2\/types\/product"}],"wp:featuredmedia":[{"embeddable":true,"href":"https:\/\/www.filex.nl\/de\/wp-json\/wp\/v2\/media\/35554"}],"wp:attachment":[{"href":"https:\/\/www.filex.nl\/de\/wp-json\/wp\/v2\/media?parent=35668"}],"wp:term":[{"taxonomy":"product_brand","embeddable":true,"href":"https:\/\/www.filex.nl\/de\/wp-json\/wp\/v2\/product_brand?post=35668"},{"taxonomy":"product_cat","embeddable":true,"href":"https:\/\/www.filex.nl\/de\/wp-json\/wp\/v2\/product_cat?post=35668"},{"taxonomy":"product_tag","embeddable":true,"href":"https:\/\/www.filex.nl\/de\/wp-json\/wp\/v2\/product_tag?post=35668"}],"curies":[{"name":"wp","href":"https:\/\/api.w.org\/{rel}","templated":true}]}}