{"id":35671,"date":"2023-06-26T20:13:47","date_gmt":"2023-06-26T20:13:47","guid":{"rendered":"https:\/\/www.filex.nl\/product\/power-desk-in-2x-230v-1x-usb-ac-charge-5-0v-3-1a-15-5w-1x-keystone-zwart\/"},"modified":"2025-04-30T09:08:33","modified_gmt":"2025-04-30T09:08:33","slug":"power-desk-in-2x-230v-1x-usb-ac-charge-5-0v-3-1a-15-5w-1x-keystone","status":"publish","type":"product","link":"https:\/\/www.filex.nl\/de\/produkt\/power-desk-in-2x-230v-1x-usb-ac-charge-5-0v-3-1a-15-5w-1x-keystone\/","title":{"rendered":"Power Desk In &#8211; 2x 230V + 1x USB A+C Charge (5.0V &#8211; 3.1A &#8211; 15.5W) + 1x Keystone"},"content":{"rendered":"<p>Das Filex Power Desk In! Das Elektrifizierungs-Einbauger\u00e4t mit modernem Look und benutzerfreundlichem Design! Sie haben sich f\u00fcr das Ger\u00e4t mit 2 x Strom, 1 x USB A+C Ladeger\u00e4t (5.0V &#8211; 3.1A &#8211; 15.5W) und 1 Keystone Option entschieden, in der Sie bis zu 2 Keystone Bl\u00f6cke platzieren k\u00f6nnen!<\/p>\n<p>Das Desk-In-Einbauger\u00e4t l\u00e4sst sich leicht in Ihren Schreibtisch einbauen und bietet Ihnen eine elegante L\u00f6sung f\u00fcr die Elektrifizierung, die Sie ben\u00f6tigen. Der Desk-in ist mit einer Abdeckklappe ausgestattet, die sich mit einem einfachen Fingerdruck sanft und stufenlos \u00f6ffnet oder schlie\u00dft.<\/p>\n<p>Das Ger\u00e4t ist einfach zu montieren und verf\u00fcgt \u00fcber ein 1 m langes festes Anschlusskabel mit einem <span data-teams=\"true\">3-poliger Steckverbinder<\/span> am Ende. Das Einbauger\u00e4t ist ausgestattet mit 2 x 230V Anschluss, 1 x USB A+C Charger (5,0V &#8211; 3,1A &#8211; 15,5W) und 1 x Keystone (2 freie Positionen), der z.B. mit Daten RJ 45, CAT 5 und CAT 6, USB 2.0\/3.0, USB C, HDMI, VGA Steckern best\u00fcckt werden kann oder als Kabeldurchf\u00fchrung (Blechst\u00e4rke max. 58 mm) genutzt werden kann.<\/p>\n<p>Mit dieser Konfiguration haben Sie nicht nur Strom f\u00fcr Ihren Laptop, sondern auch f\u00fcr Ihr Handy und andere Ger\u00e4te zur Hand! Nicht unwichtig: dieses Filex Power Desk In Einbauger\u00e4t ist nat\u00fcrlich CE-zertifiziert.<\/p>\n<p>Erh\u00e4ltlich in der Farbe: schwarz.<br \/>\nTipp: Sehen Sie sich auch unsere Keystone-Bl\u00f6cke an, um Ihren Keystone auszuf\u00fcllen! M\u00f6chten Sie ihn nicht ausf\u00fcllen? Mit der serienm\u00e4\u00dfig mitgelieferten Blindplatte k\u00f6nnen Sie ihn immer leer lassen.<\/p>\n","protected":false},"excerpt":{"rendered":"<p>Das Filex Power Desk In! Eine gro\u00dfartige L\u00f6sung f\u00fcr alle notwendigen Stromversorgungen, die bei Nichtgebrauch auf Ihrem Arbeitsplatz oder Konferenztisch sch\u00f6n au\u00dfer Sichtweite ist! Mit Hilfe der Keystone&#8217;s k\u00f6nnen Sie jeden Anschluss, der Ihnen fehlt, hinzuf\u00fcgen!<\/p>\n","protected":false},"featured_media":35567,"template":"","meta":{"_acf_changed":false},"product_brand":[],"product_cat":[632,567],"product_tag":[],"class_list":{"0":"post-35671","1":"product","2":"type-product","3":"status-publish","4":"has-post-thumbnail","6":"product_cat-desk-in-elektrifizierung","7":"product_cat-elektrifizierung","8":"pa_kleur-schwarz","9":"pa_kleur-weiss","11":"first","12":"instock","13":"shipping-taxable","14":"purchasable","15":"product-type-variable","16":"has-default-attributes"},"acf":[],"_links":{"self":[{"href":"https:\/\/www.filex.nl\/de\/wp-json\/wp\/v2\/product\/35671","targetHints":{"allow":["GET"]}}],"collection":[{"href":"https:\/\/www.filex.nl\/de\/wp-json\/wp\/v2\/product"}],"about":[{"href":"https:\/\/www.filex.nl\/de\/wp-json\/wp\/v2\/types\/product"}],"wp:featuredmedia":[{"embeddable":true,"href":"https:\/\/www.filex.nl\/de\/wp-json\/wp\/v2\/media\/35567"}],"wp:attachment":[{"href":"https:\/\/www.filex.nl\/de\/wp-json\/wp\/v2\/media?parent=35671"}],"wp:term":[{"taxonomy":"product_brand","embeddable":true,"href":"https:\/\/www.filex.nl\/de\/wp-json\/wp\/v2\/product_brand?post=35671"},{"taxonomy":"product_cat","embeddable":true,"href":"https:\/\/www.filex.nl\/de\/wp-json\/wp\/v2\/product_cat?post=35671"},{"taxonomy":"product_tag","embeddable":true,"href":"https:\/\/www.filex.nl\/de\/wp-json\/wp\/v2\/product_tag?post=35671"}],"curies":[{"name":"wp","href":"https:\/\/api.w.org\/{rel}","templated":true}]}}