{"id":35678,"date":"2023-06-26T20:22:59","date_gmt":"2023-06-26T20:22:59","guid":{"rendered":"https:\/\/www.filex.nl\/product\/power-desk-in-3x-230v\/"},"modified":"2025-04-30T09:07:34","modified_gmt":"2025-04-30T09:07:34","slug":"power-desk-in-3x-230v","status":"publish","type":"product","link":"https:\/\/www.filex.nl\/de\/produkt\/power-desk-in-3x-230v\/","title":{"rendered":"Power Desk In &#8211; 3x 230V"},"content":{"rendered":"<p>Das Filex Power Desk In! Das Elektrifizierungs-Einbauger\u00e4t mit modernem Look und benutzerfreundlichem Design! Sie haben sich f\u00fcr das Ger\u00e4t mit 3-facher Leistung entschieden.<\/p>\n<p>Das Desk-In-Einbauger\u00e4t l\u00e4sst sich leicht in Ihren Schreibtisch einbauen und bietet Ihnen eine elegante L\u00f6sung f\u00fcr die Elektrifizierung, die Sie ben\u00f6tigen. Der Desk-in ist mit einer Abdeckklappe ausgestattet, die sich mit einem Fingerdruck sanft und stufenlos \u00f6ffnen und schlie\u00dfen l\u00e4sst.<\/p>\n<p>Das Ger\u00e4t ist einfach zu montieren und verf\u00fcgt \u00fcber ein 1 m langes festes Anschlusskabel mit einem <span data-teams=\"true\">3-poliger Steckverbinder <\/span>am Ende. Das Einbauger\u00e4t ist mit 3 x 230V ausgestattet.<\/p>\n<p>Mit dieser Konfiguration haben Sie nicht nur Strom f\u00fcr Ihren Laptop, sondern auch f\u00fcr Ihr Handy und andere Ger\u00e4te zur Hand! Nicht unwichtig: dieses Filex Power Desk In Einbauger\u00e4t ist nat\u00fcrlich CE-zertifiziert.<\/p>\n<p>Erh\u00e4ltlich in schwarz und wei\u00df.<\/p>\n","protected":false},"excerpt":{"rendered":"<p>Das Filex Power Desk In! Eine wunderbare L\u00f6sung f\u00fcr alle notwendigen Elektrifizierungen, die bei Nichtgebrauch auf Ihrem Arbeitsplatz oder Konferenztisch sch\u00f6n au\u00dfer Sichtweite ist! Mit Hilfe der Keystone&#8217;s k\u00f6nnen Sie jeden Anschluss, der Ihnen noch fehlt, hinzuf\u00fcgen!<\/p>\n","protected":false},"featured_media":35580,"template":"","meta":{"_acf_changed":false},"product_brand":[],"product_cat":[632,567,568],"product_tag":[],"class_list":{"0":"post-35678","1":"product","2":"type-product","3":"status-publish","4":"has-post-thumbnail","6":"product_cat-desk-in-elektrifizierung","7":"product_cat-elektrifizierung","8":"product_cat-inbouw-de","9":"pa_kleur-schwarz","10":"pa_kleur-weiss","12":"first","13":"instock","14":"shipping-taxable","15":"purchasable","16":"product-type-variable","17":"has-default-attributes"},"acf":[],"_links":{"self":[{"href":"https:\/\/www.filex.nl\/de\/wp-json\/wp\/v2\/product\/35678","targetHints":{"allow":["GET"]}}],"collection":[{"href":"https:\/\/www.filex.nl\/de\/wp-json\/wp\/v2\/product"}],"about":[{"href":"https:\/\/www.filex.nl\/de\/wp-json\/wp\/v2\/types\/product"}],"wp:featuredmedia":[{"embeddable":true,"href":"https:\/\/www.filex.nl\/de\/wp-json\/wp\/v2\/media\/35580"}],"wp:attachment":[{"href":"https:\/\/www.filex.nl\/de\/wp-json\/wp\/v2\/media?parent=35678"}],"wp:term":[{"taxonomy":"product_brand","embeddable":true,"href":"https:\/\/www.filex.nl\/de\/wp-json\/wp\/v2\/product_brand?post=35678"},{"taxonomy":"product_cat","embeddable":true,"href":"https:\/\/www.filex.nl\/de\/wp-json\/wp\/v2\/product_cat?post=35678"},{"taxonomy":"product_tag","embeddable":true,"href":"https:\/\/www.filex.nl\/de\/wp-json\/wp\/v2\/product_tag?post=35678"}],"curies":[{"name":"wp","href":"https:\/\/api.w.org\/{rel}","templated":true}]}}