{"id":35687,"date":"2023-06-26T20:29:29","date_gmt":"2023-06-26T20:29:29","guid":{"rendered":"https:\/\/www.filex.nl\/product\/power-desk-in-3x-230v-1x-usb-ac-charge-5-0v-3-1a-15-5w\/"},"modified":"2025-04-30T09:06:47","modified_gmt":"2025-04-30T09:06:47","slug":"power-desk-in-3x-230v-1x-usb-ac-charge-5-0v-3-1a-15-5w","status":"publish","type":"product","link":"https:\/\/www.filex.nl\/de\/produkt\/power-desk-in-3x-230v-1x-usb-ac-charge-5-0v-3-1a-15-5w\/","title":{"rendered":"Power Desk In &#8211; 3x 230V + 1x USB A+C Charge (5.0V &#8211; 3.1A &#8211; 15.5W)"},"content":{"rendered":"<p>Das Filex Power Desk In! Der Elektrifizierungseinbaukasten mit modernem Look und benutzerfreundlichem Design! Sie haben sich f\u00fcr das Ger\u00e4t mit 3 Stromanschl\u00fcssen und 1 USB A+C Ladeger\u00e4t (5.0V &#8211; 3.1A &#8211; 15.5W) entschieden.<\/p>\n<p>Das Desk-In-Einbauger\u00e4t l\u00e4sst sich einfach in Ihren Schreibtisch einbauen und bietet Ihnen eine elegante L\u00f6sung f\u00fcr die Elektrifizierung, die Sie ben\u00f6tigen. Der Desk-in ist mit einer Abdeckklappe ausgestattet, die sich mit einem einfachen Fingerdruck sanft und stufenlos \u00f6ffnen und schlie\u00dfen l\u00e4sst.<\/p>\n<p>Das Ger\u00e4t ist einfach zu montieren und verf\u00fcgt \u00fcber ein festes 1-Meter-Kabel mit einem <span data-teams=\"true\">3-poliger Steckverbinder<\/span> am Ende.<\/p>\n<p>Mit dieser Konfiguration haben Sie nicht nur Strom f\u00fcr Ihren Laptop, sondern auch f\u00fcr Ihr Handy und andere Ger\u00e4te zur Hand! Nicht unwichtig: dieser Filex Power Desk In ist selbstverst\u00e4ndlich CE-zertifiziert.<\/p>\n<p>Erh\u00e4ltlich in schwarz und wei\u00df.<\/p>\n","protected":false},"excerpt":{"rendered":"<p>Das Filex Power Desk In! Eine gro\u00dfartige L\u00f6sung f\u00fcr alle notwendigen Stromversorgungen, die bei Nichtgebrauch auf Ihrem Arbeitsplatz oder Konferenztisch gut versteckt sind! Mit den Keystones k\u00f6nnen Sie jeden Anschluss, der Ihnen noch fehlt, hinzuf\u00fcgen!<\/p>\n","protected":false},"featured_media":54527,"template":"","meta":{"_acf_changed":false},"product_brand":[],"product_cat":[632,567,568],"product_tag":[],"class_list":{"0":"post-35687","1":"product","2":"type-product","3":"status-publish","4":"has-post-thumbnail","6":"product_cat-desk-in-elektrifizierung","7":"product_cat-elektrifizierung","8":"product_cat-inbouw-de","9":"pa_kleur-schwarz","10":"pa_kleur-weiss","12":"first","13":"instock","14":"shipping-taxable","15":"purchasable","16":"product-type-variable","17":"has-default-attributes"},"acf":[],"_links":{"self":[{"href":"https:\/\/www.filex.nl\/de\/wp-json\/wp\/v2\/product\/35687","targetHints":{"allow":["GET"]}}],"collection":[{"href":"https:\/\/www.filex.nl\/de\/wp-json\/wp\/v2\/product"}],"about":[{"href":"https:\/\/www.filex.nl\/de\/wp-json\/wp\/v2\/types\/product"}],"wp:featuredmedia":[{"embeddable":true,"href":"https:\/\/www.filex.nl\/de\/wp-json\/wp\/v2\/media\/54527"}],"wp:attachment":[{"href":"https:\/\/www.filex.nl\/de\/wp-json\/wp\/v2\/media?parent=35687"}],"wp:term":[{"taxonomy":"product_brand","embeddable":true,"href":"https:\/\/www.filex.nl\/de\/wp-json\/wp\/v2\/product_brand?post=35687"},{"taxonomy":"product_cat","embeddable":true,"href":"https:\/\/www.filex.nl\/de\/wp-json\/wp\/v2\/product_cat?post=35687"},{"taxonomy":"product_tag","embeddable":true,"href":"https:\/\/www.filex.nl\/de\/wp-json\/wp\/v2\/product_tag?post=35687"}],"curies":[{"name":"wp","href":"https:\/\/api.w.org\/{rel}","templated":true}]}}