{"id":35696,"date":"2023-06-26T20:34:57","date_gmt":"2023-06-26T20:34:57","guid":{"rendered":"https:\/\/www.filex.nl\/product\/power-desk-in-3x-230v-1x-keystone\/"},"modified":"2025-04-30T09:05:55","modified_gmt":"2025-04-30T09:05:55","slug":"power-desk-in-3x-230v-1x-keystone","status":"publish","type":"product","link":"https:\/\/www.filex.nl\/de\/produkt\/power-desk-in-3x-230v-1x-keystone\/","title":{"rendered":"Power Desk In &#8211; 3x 230V + 1x Keystone"},"content":{"rendered":"<p>Das Filex Power Desk In! Der Elektrifizierungseinbaukasten mit modernem Look und benutzerfreundlichem Design! Sie haben sich f\u00fcr die Einheit mit 3 Strom- und 1 Keystone-Option entschieden, in die Sie bis zu 2 Keystone-Bl\u00f6cke einsetzen k\u00f6nnen!<\/p>\n<p>Das Desk-In-Einbauger\u00e4t l\u00e4sst sich leicht in Ihren Schreibtisch einbauen und bietet Ihnen eine elegante L\u00f6sung f\u00fcr die Elektrifizierung, die Sie ben\u00f6tigen. Der Desk-in ist mit einer Abdeckklappe ausgestattet, die sich mit einem einfachen Fingerdruck sanft und stufenlos \u00f6ffnet oder schlie\u00dft.<\/p>\n<p>Das Ger\u00e4t ist einfach zu montieren und verf\u00fcgt \u00fcber ein 1 m langes festes Anschlusskabel mit einem <span data-teams=\"true\">3-poliger Steckverbinder<\/span> am Ende. Das Einbauger\u00e4t ist mit 3 x 230V-Anschluss und 1 x Keystone (2 freie Positionen) ausgestattet, die z.B. mit Daten RJ 45, CAT 5 und CAT 6, USB 2.0\/3.0, USB C, HDMI, VGA-Steckern best\u00fcckt oder als Kabeldurchf\u00fchrungst\u00fclle (Blechst\u00e4rke max. 58 mm) verwendet werden k\u00f6nnen.<\/p>\n<p>Diese Konfiguration bedeutet, dass Sie sowohl Strom f\u00fcr Ihren Laptop als auch f\u00fcr Ihr Telefon und andere Ger\u00e4te zur Verf\u00fcgung haben! Nicht unwichtig: dieses Filex Power Desk In Einbauger\u00e4t ist nat\u00fcrlich CE-zertifiziert.<\/p>\n<p>Erh\u00e4ltlich in schwarz und wei\u00df.<br \/>\nTipp: Sehen Sie sich auch unsere Keystone-Bl\u00f6cke an, um Ihren Keystone auszuf\u00fcllen! M\u00f6chten Sie ihn nicht ausf\u00fcllen? Mit der serienm\u00e4\u00dfig mitgelieferten Blindplatte k\u00f6nnen Sie ihn immer leer lassen.<\/p>\n","protected":false},"excerpt":{"rendered":"<p>Das Filex Power Desk In! Eine wunderbare L\u00f6sung f\u00fcr alle Stromanschl\u00fcsse, die Sie brauchen und die bei Nichtgebrauch auf Ihrem Arbeitsplatz oder Konferenztisch gut versteckt sind! Mit Hilfe der Keystone&#8217;s k\u00f6nnen Sie jeden Anschluss, der Ihnen fehlt, hinzuf\u00fcgen!<\/p>\n","protected":false},"featured_media":35636,"template":"","meta":{"_acf_changed":false},"product_brand":[],"product_cat":[632,567],"product_tag":[],"class_list":{"0":"post-35696","1":"product","2":"type-product","3":"status-publish","4":"has-post-thumbnail","6":"product_cat-desk-in-elektrifizierung","7":"product_cat-elektrifizierung","8":"pa_kleur-schwarz","9":"pa_kleur-weiss","11":"first","12":"instock","13":"shipping-taxable","14":"purchasable","15":"product-type-variable","16":"has-default-attributes"},"acf":[],"_links":{"self":[{"href":"https:\/\/www.filex.nl\/de\/wp-json\/wp\/v2\/product\/35696","targetHints":{"allow":["GET"]}}],"collection":[{"href":"https:\/\/www.filex.nl\/de\/wp-json\/wp\/v2\/product"}],"about":[{"href":"https:\/\/www.filex.nl\/de\/wp-json\/wp\/v2\/types\/product"}],"wp:featuredmedia":[{"embeddable":true,"href":"https:\/\/www.filex.nl\/de\/wp-json\/wp\/v2\/media\/35636"}],"wp:attachment":[{"href":"https:\/\/www.filex.nl\/de\/wp-json\/wp\/v2\/media?parent=35696"}],"wp:term":[{"taxonomy":"product_brand","embeddable":true,"href":"https:\/\/www.filex.nl\/de\/wp-json\/wp\/v2\/product_brand?post=35696"},{"taxonomy":"product_cat","embeddable":true,"href":"https:\/\/www.filex.nl\/de\/wp-json\/wp\/v2\/product_cat?post=35696"},{"taxonomy":"product_tag","embeddable":true,"href":"https:\/\/www.filex.nl\/de\/wp-json\/wp\/v2\/product_tag?post=35696"}],"curies":[{"name":"wp","href":"https:\/\/api.w.org\/{rel}","templated":true}]}}