{"id":35974,"date":"2023-08-11T15:23:47","date_gmt":"2023-08-11T15:23:47","guid":{"rendered":"https:\/\/www.filex.nl\/product\/splitter-egst-4-zwart\/"},"modified":"2025-04-30T09:04:56","modified_gmt":"2025-04-30T09:04:56","slug":"splitter-3-poliger-steckverbinder-4","status":"publish","type":"product","link":"https:\/\/www.filex.nl\/de\/produkt\/splitter-3-poliger-steckverbinder-4\/","title":{"rendered":"Splitter 3-poliger Steckverbinder &#8211; 4"},"content":{"rendered":"<p>Der <span data-teams=\"true\">3-poliger Steckverbinder &#8211;<\/span> 4 Anschl\u00fcsse T-Verteiler! Mit diesem Splitter k\u00f6nnen Sie einen <span data-teams=\"true\">3-poliger Steckverbinder<\/span>-4-Stecker in 3 Kabel aufteilen, wie Sie es z.B. mit einem Y-Splitter tun w\u00fcrden. Auf diese Weise verbinden Sie ein Kupplungskabel mit einem Anschlusskabel. Nat\u00fcrlich kann dieser T-Splitter sehr n\u00fctzlich sein, wenn Sie Ihre Elektrifizierung erweitern wollen!<\/p>\n<p>Steckerseite 1: <span data-teams=\"true\">3-poliger Steckverbinder<\/span> &#8211; 4polig &#8211; Buchse.<br \/>\nSteckerseite 2 und 3: <span data-teams=\"true\">3-poliger Steckverbinder<\/span> &#8211; 4polig &#8211; Stecker.<\/p>\n","protected":false},"excerpt":{"rendered":"<p>Der <span data-teams=\"true\">3-poliger Steckverbinder &#8211;<\/span>\u00a04 Anschl\u00fcsse T-Verteiler! Ideal zum Aufteilen von 3 Kabeln! Ausweitung der Elektrifizierung oder Anpassung eines Beleuchtungsplans? Dann ist dieses Produkt f\u00fcr die Umsetzung unverzichtbar!<\/p>\n","protected":false},"featured_media":35971,"template":"","meta":{"_acf_changed":false},"product_brand":[],"product_cat":[592,597],"product_tag":[],"class_list":{"0":"post-35974","1":"product","2":"type-product","3":"status-publish","4":"has-post-thumbnail","6":"product_cat-kabelfuhrung","7":"product_cat-sonstiges","8":"pa_kleur-schwarz","10":"first","11":"instock","12":"shipping-taxable","13":"product-type-simple"},"acf":[],"_links":{"self":[{"href":"https:\/\/www.filex.nl\/de\/wp-json\/wp\/v2\/product\/35974","targetHints":{"allow":["GET"]}}],"collection":[{"href":"https:\/\/www.filex.nl\/de\/wp-json\/wp\/v2\/product"}],"about":[{"href":"https:\/\/www.filex.nl\/de\/wp-json\/wp\/v2\/types\/product"}],"wp:featuredmedia":[{"embeddable":true,"href":"https:\/\/www.filex.nl\/de\/wp-json\/wp\/v2\/media\/35971"}],"wp:attachment":[{"href":"https:\/\/www.filex.nl\/de\/wp-json\/wp\/v2\/media?parent=35974"}],"wp:term":[{"taxonomy":"product_brand","embeddable":true,"href":"https:\/\/www.filex.nl\/de\/wp-json\/wp\/v2\/product_brand?post=35974"},{"taxonomy":"product_cat","embeddable":true,"href":"https:\/\/www.filex.nl\/de\/wp-json\/wp\/v2\/product_cat?post=35974"},{"taxonomy":"product_tag","embeddable":true,"href":"https:\/\/www.filex.nl\/de\/wp-json\/wp\/v2\/product_tag?post=35974"}],"curies":[{"name":"wp","href":"https:\/\/api.w.org\/{rel}","templated":true}]}}