{"id":36032,"date":"2023-08-11T15:33:22","date_gmt":"2023-08-11T15:33:22","guid":{"rendered":"https:\/\/www.filex.nl\/product\/power-desk-up-ep65-2x-230v-1x-usb-a-18w-1x-usb-c-65w\/"},"modified":"2025-04-30T09:03:13","modified_gmt":"2025-04-30T09:03:13","slug":"power-desk-up-ep65-2x-230v-1x-usb-a-18w-1x-usb-c-65w","status":"publish","type":"product","link":"https:\/\/www.filex.nl\/de\/produkt\/power-desk-up-ep65-2x-230v-1x-usb-a-18w-1x-usb-c-65w\/","title":{"rendered":"Power Desk Up\u00ae EP65 &#8211; 2x 230V, 1x USB A (18W), 1x USB C (65W)"},"content":{"rendered":"<p>Die Filex Desk Up\u00ae EP65-Serie. Ein neues Aufputzger\u00e4t mit schlankem und modernem Design, bei dem Sie, der Benutzer, im Mittelpunkt stehen, damit es Ihnen jeden Komfort bietet!<br \/>\nDieses schlanke Aufputzger\u00e4t wird standardm\u00e4\u00dfig mit 1 Klemme f\u00fcr Tischplattenst\u00e4rken von 18-50 mm geliefert. Das Ger\u00e4t l\u00e4sst sich leicht von unten anklemmen und ist mit einem festen Anschlusskabel mit einer L\u00e4nge von 1 Meter mit <span data-teams=\"true\">3-poliger Steckverbinder<\/span> an der R\u00fcckseite ausgestattet.<br \/>\nDieses Aufputzger\u00e4t ist mit 2 x 230V Anschluss, einem Doppel-USB-Ladeger\u00e4t, davon 1x USB A (18W) und 1x USB C (65W) ausgestattet.<br \/>\nLast but not least: dieses Filex Power Desk Up\u00ae Aufputzger\u00e4t ist nat\u00fcrlich CE-zertifiziert! Sicherheit und Qualit\u00e4t stehen bei uns an erster Stelle!<br \/>\nVergessen Sie nicht, ein Anschlusskabel in der L\u00e4nge Ihrer Wahl zu bestellen, damit Sie das Ger\u00e4t mit einem geeigneten Kabel an eine Steckdose anschlie\u00dfen k\u00f6nnen?<br \/>\nVerf\u00fcgbare Farben: schwarz und wei\u00df.<\/p>\n","protected":false},"excerpt":{"rendered":"<p>Die Filex Desk Up EP65 Serie! Die multifunktionale Aufputz-Elektrifizierungseinheit, die einfach auf Ihren Schreibtisch geklemmt werden kann! Ihre gewohnte Aufputz-Elektrifizierungseinheit in einem neuen Look und mit nicht weniger als 65 W! Schauen Sie sich alle unsere M\u00f6glichkeiten und zahlreichen Optionen an, um ein Ger\u00e4t zu finden, das Ihren speziellen Bed\u00fcrfnissen entspricht!<\/p>\n","protected":false},"featured_media":53434,"template":"","meta":{"_acf_changed":false},"product_brand":[],"product_cat":[640,567,579],"product_tag":[],"class_list":{"0":"post-36032","1":"product","2":"type-product","3":"status-publish","4":"has-post-thumbnail","6":"product_cat-desk-up-elektrifizierung","7":"product_cat-elektrifizierung","8":"product_cat-opbouw-de","9":"pa_kleur-schwarz","10":"pa_kleur-weiss","12":"first","13":"instock","14":"shipping-taxable","15":"purchasable","16":"product-type-variable","17":"has-default-attributes"},"acf":[],"_links":{"self":[{"href":"https:\/\/www.filex.nl\/de\/wp-json\/wp\/v2\/product\/36032","targetHints":{"allow":["GET"]}}],"collection":[{"href":"https:\/\/www.filex.nl\/de\/wp-json\/wp\/v2\/product"}],"about":[{"href":"https:\/\/www.filex.nl\/de\/wp-json\/wp\/v2\/types\/product"}],"wp:featuredmedia":[{"embeddable":true,"href":"https:\/\/www.filex.nl\/de\/wp-json\/wp\/v2\/media\/53434"}],"wp:attachment":[{"href":"https:\/\/www.filex.nl\/de\/wp-json\/wp\/v2\/media?parent=36032"}],"wp:term":[{"taxonomy":"product_brand","embeddable":true,"href":"https:\/\/www.filex.nl\/de\/wp-json\/wp\/v2\/product_brand?post=36032"},{"taxonomy":"product_cat","embeddable":true,"href":"https:\/\/www.filex.nl\/de\/wp-json\/wp\/v2\/product_cat?post=36032"},{"taxonomy":"product_tag","embeddable":true,"href":"https:\/\/www.filex.nl\/de\/wp-json\/wp\/v2\/product_tag?post=36032"}],"curies":[{"name":"wp","href":"https:\/\/api.w.org\/{rel}","templated":true}]}}